{"id":153,"date":"2022-07-29T16:40:50","date_gmt":"2022-07-29T16:40:50","guid":{"rendered":"https:\/\/camilleon.hu\/?page_id=153"},"modified":"2023-11-10T13:48:49","modified_gmt":"2023-11-10T13:48:49","slug":"szerszamgyartas","status":"publish","type":"page","link":"https:\/\/camilleon.hu\/?page_id=153","title":{"rendered":"Szersz\u00e1mgy\u00e1rt\u00e1s"},"content":{"rendered":"\t\t<div data-elementor-type=\"wp-page\" data-elementor-id=\"153\" class=\"elementor elementor-153\">\n\t\t\t\t\t\t<header class=\"elementor-section elementor-top-section elementor-element elementor-element-6eb0ddf elementor-section-content-middle animated-slow elementor-section-full_width elementor-section-stretched elementor-section-height-default elementor-section-height-default elementor-invisible\" data-id=\"6eb0ddf\" data-element_type=\"section\" data-settings=\"{&quot;background_background&quot;:&quot;classic&quot;,&quot;shape_divider_bottom&quot;:&quot;arrow&quot;,&quot;shape_divider_bottom_negative&quot;:&quot;yes&quot;,&quot;animation&quot;:&quot;fadeIn&quot;,&quot;stretch_section&quot;:&quot;section-stretched&quot;}\">\n\t\t\t\t\t\t\t<div class=\"elementor-background-overlay\"><\/div>\n\t\t\t\t\t\t<div class=\"elementor-shape elementor-shape-bottom\" aria-hidden=\"true\" data-negative=\"true\">\n\t\t\t<svg xmlns=\"http:\/\/www.w3.org\/2000\/svg\" viewBox=\"0 0 700 10\" preserveAspectRatio=\"none\">\n\t<path class=\"elementor-shape-fill\" d=\"M360 0L350 9.9 340 0 0 0 0 10 700 10 700 0\"\/>\n<\/svg>\t\t<\/div>\n\t\t\t\t\t<div class=\"elementor-container elementor-column-gap-default\">\n\t\t\t\t\t<div class=\"elementor-column elementor-col-100 elementor-top-column elementor-element elementor-element-9016251\" data-id=\"9016251\" data-element_type=\"column\">\n\t\t\t<div class=\"elementor-widget-wrap elementor-element-populated\">\n\t\t\t\t\t\t<div class=\"elementor-element elementor-element-69fb66b elementor-widget elementor-widget-heading\" data-id=\"69fb66b\" data-element_type=\"widget\" data-widget_type=\"heading.default\">\n\t\t\t\t<div class=\"elementor-widget-container\">\n\t\t\t\t\t<h3 class=\"elementor-heading-title elementor-size-default\">Szersz\u00e1mgy\u00e1rt\u00e1s<\/h3>\t\t\t\t<\/div>\n\t\t\t\t<\/div>\n\t\t\t\t\t<\/div>\n\t\t<\/div>\n\t\t\t\t\t<\/div>\n\t\t<\/header>\n\t\t\t\t<section class=\"elementor-section elementor-top-section elementor-element elementor-element-1db0db7 elementor-section-full_width elementor-section-stretched elementor-section-height-default elementor-section-height-default\" data-id=\"1db0db7\" data-element_type=\"section\" data-settings=\"{&quot;stretch_section&quot;:&quot;section-stretched&quot;}\">\n\t\t\t\t\t\t<div class=\"elementor-container elementor-column-gap-default\">\n\t\t\t\t\t<div class=\"elementor-column elementor-col-100 elementor-top-column elementor-element elementor-element-b9fcbdd\" data-id=\"b9fcbdd\" data-element_type=\"column\">\n\t\t\t<div class=\"elementor-widget-wrap elementor-element-populated\">\n\t\t\t\t\t\t<div class=\"elementor-element elementor-element-cc9c692 elementor-widget elementor-widget-text-editor\" data-id=\"cc9c692\" data-element_type=\"widget\" data-widget_type=\"text-editor.default\">\n\t\t\t\t<div class=\"elementor-widget-container\">\n\t\t\t\t\t\t\t\t\t<p style=\"text-align: center;\">A Camilleon Kft. a magyarorsz\u00e1gi szersz\u00e1mgy\u00e1rt\u00f3 piac megker\u00fclhetetlen szerepl\u0151je.<\/p>\t\t\t\t\t\t\t\t<\/div>\n\t\t\t\t<\/div>\n\t\t\t\t\t<\/div>\n\t\t<\/div>\n\t\t\t\t\t<\/div>\n\t\t<\/section>\n\t\t\t\t<section class=\"elementor-section elementor-top-section elementor-element elementor-element-557ad6f elementor-section-full_width elementor-section-stretched elementor-section-height-default elementor-section-height-default\" data-id=\"557ad6f\" data-element_type=\"section\" data-settings=\"{&quot;stretch_section&quot;:&quot;section-stretched&quot;}\">\n\t\t\t\t\t\t<div class=\"elementor-container elementor-column-gap-default\">\n\t\t\t\t\t<div class=\"elementor-column elementor-col-50 elementor-top-column elementor-element elementor-element-84356ec\" data-id=\"84356ec\" data-element_type=\"column\">\n\t\t\t<div class=\"elementor-widget-wrap elementor-element-populated\">\n\t\t\t\t\t\t<div class=\"elementor-element elementor-element-c715d44 elementor-widget elementor-widget-text-editor\" data-id=\"c715d44\" data-element_type=\"widget\" data-widget_type=\"text-editor.default\">\n\t\t\t\t<div class=\"elementor-widget-container\">\n\t\t\t\t\t\t\t\t\t<p><span style=\"color: #861a22; background-color: var(--nv-site-bg); font-size: var(--bodyfontsize); letter-spacing: var(--bodyletterspacing); text-transform: var(--bodytexttransform);\">Kiemelked\u0151 k\u00e9pess\u00e9gei, melyek kiemelik a szersz\u00e1mgy\u00e1rt\u00f3 piac t\u00f6bbi szerepl\u0151i k\u00f6z\u00fcl:<br \/><\/span><br \/>&#8211; nagym\u00e9ret\u0171 forg\u00e1csol\u00f3 g\u00e9pek (pl. CNC mar\u00e1s 2&#215;3 m\u00e9teres m\u00e9retig),<br \/>&#8211; folyamatos 5 tengelyes CNC megmunk\u00e1l\u00f3 k\u00f6zpontok,<br \/>&#8211; 4 tengelyes t\u00f6mb szikraforg\u00e1csol\u00f3 g\u00e9p,<br \/>&#8211; 5 tengelyes huzalszikraforg\u00e1csol\u00f3 g\u00e9p,<br \/>&#8211; 50 tonna teherb\u00edr\u00e1s\u00fa tus\u00edrpr\u00e9s,<br \/>&#8211; 40 tonna teherb\u00edr\u00e1s\u00fa h\u00edddaru,<br \/>&#8211; jelent\u0151s kapacit\u00e1s (17 db CNC g\u00e9p, 50 szakemberrel),<br \/>&#8211; k\u00fcl\u00f6nleges fel\u00fcleti min\u0151s\u00e9g (pl. optikai fel\u00fclet, pol\u00edrmar\u00e1s),<br \/>&#8211; szigor\u00fa t\u0171r\u00e9s elk\u00e9sz\u00edt\u00e9s\u00e9nek k\u00e9pess\u00e9ge (0,02 mm-es m\u0171anyag alkatr\u00e9szt\u0171r\u00e9s).<\/p>\t\t\t\t\t\t\t\t<\/div>\n\t\t\t\t<\/div>\n\t\t\t\t\t<\/div>\n\t\t<\/div>\n\t\t\t\t<div class=\"elementor-column elementor-col-50 elementor-top-column elementor-element elementor-element-e392996\" data-id=\"e392996\" data-element_type=\"column\">\n\t\t\t<div class=\"elementor-widget-wrap elementor-element-populated\">\n\t\t\t\t\t\t<div class=\"elementor-element elementor-element-c11e7d1 elementor-widget elementor-widget-text-editor\" data-id=\"c11e7d1\" data-element_type=\"widget\" data-widget_type=\"text-editor.default\">\n\t\t\t\t<div class=\"elementor-widget-container\">\n\t\t\t\t\t\t\t\t\t<p><span style=\"color: #861a22;\">A Camilleon Kft. ig\u00e9ny eset\u00e9n partnerei r\u00e9sz\u00e9re nemcsak komplett szersz\u00e1mok gy\u00e1rt\u00e1s\u00e1t, hanem a szersz\u00e1mgy\u00e1rt\u00e1s r\u00e9szfeladatainak elv\u00e9gz\u00e9s\u00e9t is v\u00e1llalja, b\u00e9rmunka keret\u00e9ben k\u00e9sz\u00edt:<br \/><\/span><span style=\"color: var( --e-global-color-text ); background-color: var(--nv-site-bg); font-size: var(--bodyfontsize); letter-spacing: var(--bodyletterspacing); text-transform: var(--bodytexttransform);\">&#8211; elektr\u00f3d\u00e1t,<br \/><\/span><span style=\"color: var( --e-global-color-text ); background-color: var(--nv-site-bg); font-size: var(--bodyfontsize); letter-spacing: var(--bodyletterspacing); text-transform: var(--bodytexttransform);\">&#8211; szersz\u00e1mh\u00e1zat,<br \/><\/span><span style=\"color: var( --e-global-color-text ); background-color: var(--nv-site-bg); font-size: var(--bodyfontsize); letter-spacing: var(--bodyletterspacing); text-transform: var(--bodytexttransform);\">&#8211; de ak\u00e1r fazonos alkatr\u00e9szeket is.<br \/><\/span><span style=\"color: var( --e-global-color-text ); background-color: var(--nv-site-bg); font-size: var(--bodyfontsize); letter-spacing: var(--bodyletterspacing); text-transform: var(--bodytexttransform);\"><br \/><span style=\"color: #861a22;\">Egyedi forg\u00e1csolt alkatr\u00e9szek gy\u00e1rt\u00e1sa<\/span><br \/><\/span><span style=\"color: var( --e-global-color-text ); background-color: var(--nv-site-bg); font-size: var(--bodyfontsize); letter-spacing: var(--bodyletterspacing); text-transform: var(--bodytexttransform);\">A k\u00fcl\u00f6nleges g\u00e9ppark egyedi forg\u00e1csol\u00e1si feladatok elv\u00e9gz\u00e9s\u00e9t is lehet\u0151v\u00e9 teszi, p\u00e9ld\u00e1ul:<br \/><\/span><span style=\"color: var( --e-global-color-text ); background-color: var(--nv-site-bg); font-size: var(--bodyfontsize); letter-spacing: var(--bodyletterspacing); text-transform: var(--bodytexttransform);\">&#8211; c\u00e9lg\u00e9pgy\u00e1rt\u00f3knak alaplap \u00e9s hegesztett v\u00e1zak megmunk\u00e1l\u00e1sa,<\/span><span style=\"color: var( --e-global-color-text ); background-color: var(--nv-site-bg); font-size: var(--bodyfontsize); letter-spacing: var(--bodyletterspacing); text-transform: var(--bodytexttransform);\">\u00a0CERN r\u00e9sz\u00e9re alkatr\u00e9szek gy\u00e1rt\u00e1sa,<br \/><\/span><span style=\"color: var( --e-global-color-text ); background-color: var(--nv-site-bg); font-size: var(--bodyfontsize); letter-spacing: var(--bodyletterspacing); text-transform: var(--bodytexttransform);\">&#8211; fejleszt\u00e9si f\u00e1zisban lev\u0151 alkatr\u00e9szekb\u0151l protot\u00edpus k\u00e9sz\u00edt\u00e9se tesztel\u00e9s c\u00e9lj\u00e1ra.<\/span><\/p>\t\t\t\t\t\t\t\t<\/div>\n\t\t\t\t<\/div>\n\t\t\t\t\t<\/div>\n\t\t<\/div>\n\t\t\t\t\t<\/div>\n\t\t<\/section>\n\t\t\t\t<section class=\"elementor-section elementor-top-section elementor-element elementor-element-9ad6f9c elementor-section-full_width elementor-section-stretched elementor-section-height-default elementor-section-height-default\" data-id=\"9ad6f9c\" data-element_type=\"section\" data-settings=\"{&quot;stretch_section&quot;:&quot;section-stretched&quot;}\">\n\t\t\t\t\t\t<div class=\"elementor-container elementor-column-gap-default\">\n\t\t\t\t\t<div class=\"elementor-column elementor-col-100 elementor-top-column elementor-element elementor-element-973d529\" data-id=\"973d529\" data-element_type=\"column\">\n\t\t\t<div class=\"elementor-widget-wrap elementor-element-populated\">\n\t\t\t\t\t\t<div class=\"elementor-element elementor-element-5e94fe3 elementor-widget elementor-widget-text-editor\" data-id=\"5e94fe3\" data-element_type=\"widget\" data-widget_type=\"text-editor.default\">\n\t\t\t\t<div class=\"elementor-widget-container\">\n\t\t\t\t\t\t\t\t\t<p style=\"text-align: center;\">A tervez\u0151i csoport Solid Egde, Power Mill \u00e9s Unigraphics rendszereket haszn\u00e1l.<\/p>\t\t\t\t\t\t\t\t<\/div>\n\t\t\t\t<\/div>\n\t\t\t\t<div class=\"elementor-element elementor-element-52a0795 elementor-widget elementor-widget-text-editor\" data-id=\"52a0795\" data-element_type=\"widget\" data-widget_type=\"text-editor.default\">\n\t\t\t\t<div class=\"elementor-widget-container\">\n\t\t\t\t\t\t\t\t\t<p style=\"text-align: center;\">\u00a0Tapasztalatuk lehet\u0151v\u00e9 teszi, hogy a Camilleon Kft. sz\u00fcks\u00e9g eset\u00e9n a term\u00e9k megtervez\u00e9s\u00e9t\u0151l a sorozatgy\u00e1rt\u00e1s beind\u00edt\u00e1s\u00e1ig lebonyol\u00edtson projekteket. <br \/>Partnereink bevon\u00e1s\u00e1val lehet\u0151s\u00e9g van \u00f6nt\u00e9szeti szimul\u00e1ci\u00f3k elv\u00e9gz\u00e9sre NovaCast NovaFlow&amp;Solid szofver seg\u00edts\u00e9g\u00e9vel.<\/p>\t\t\t\t\t\t\t\t<\/div>\n\t\t\t\t<\/div>\n\t\t\t\t<div class=\"elementor-element elementor-element-94e9bdd elementor-widget elementor-widget-text-editor\" data-id=\"94e9bdd\" data-element_type=\"widget\" data-widget_type=\"text-editor.default\">\n\t\t\t\t<div class=\"elementor-widget-container\">\n\t\t\t\t\t\t\t\t\t<p style=\"text-align: center;\"><span style=\"color: #861a22;\">B\u00e1r a v\u00e1llalkoz\u00e1s f\u0151 tev\u00e9kenys\u00e9ge a m\u0171anyagfr\u00f6ccs\u00f6nt\u0151 szersz\u00e1mok \u00e9s alum\u00edniumnyom\u00e1sos \u00f6nt\u0151szersz\u00e1mok tervez\u00e9se \u00e9s gy\u00e1rt\u00e1sa, az \u00e9vek sor\u00e1n olyan k\u00fcl\u00f6nleges ter\u00fcleteken is szerzett tapasztalatot, mint p\u00e9ld\u00e1ul:<\/span><\/p>\t\t\t\t\t\t\t\t<\/div>\n\t\t\t\t<\/div>\n\t\t\t\t\t<\/div>\n\t\t<\/div>\n\t\t\t\t\t<\/div>\n\t\t<\/section>\n\t\t\t\t<section class=\"elementor-section elementor-top-section elementor-element elementor-element-93b61ba elementor-section-full_width elementor-section-stretched elementor-hidden-desktop elementor-hidden-tablet elementor-section-height-default elementor-section-height-default\" data-id=\"93b61ba\" data-element_type=\"section\" data-settings=\"{&quot;stretch_section&quot;:&quot;section-stretched&quot;}\">\n\t\t\t\t\t\t<div class=\"elementor-container elementor-column-gap-default\">\n\t\t\t\t\t<div class=\"elementor-column elementor-col-100 elementor-top-column elementor-element elementor-element-50e3b4d\" data-id=\"50e3b4d\" data-element_type=\"column\">\n\t\t\t<div class=\"elementor-widget-wrap elementor-element-populated\">\n\t\t\t\t\t\t<div class=\"elementor-element elementor-element-e9e5aa1 elementor-widget elementor-widget-text-editor\" data-id=\"e9e5aa1\" data-element_type=\"widget\" data-widget_type=\"text-editor.default\">\n\t\t\t\t<div class=\"elementor-widget-container\">\n\t\t\t\t\t\t\t\t\t<p>-ac\u00e9l\u00f6nt\u00e9s automatiz\u00e1lt homokmag \u00e9s mintagy\u00e1rt\u00f3 szersz\u00e1mai,<br \/>-v\u00e1kuumos \u00fcveghajl\u00edt\u00e1s,<br \/>-v\u00e9konyfal\u00fa, r\u00f6vid ciklusidej\u0171 m\u0171anyag fr\u00f6ccs\u00f6nt\u0151 szersz\u00e1mok,<br \/>-bem\u00e9r\u00e9s alapj\u00e1n t\u00f6rt\u00e9n\u0151 m\u00e9retkorrekci\u00f3k,<br \/>-valamint kis m\u00e9ret\u0171, extr\u00e9m t\u0171r\u00e9s\u0171 m\u0171anyag alkatr\u00e9szek szersz\u00e1moz\u00e1sa,<br \/>-optikai min\u0151s\u00e9g\u0171 fel\u00fclet el\u0151\u00e1ll\u00edt\u00e1sa pol\u00edroz\u00e1ssal, vagy mar\u00e1ssal.<br \/>-ac\u00e9l\u00f6nt\u00e9s automatiz\u00e1lt homokmag \u00e9s mintagy\u00e1rt\u00f3 szersz\u00e1mai,<br \/>-v\u00e1kuumos \u00fcveghajl\u00edt\u00e1s,<br \/>-v\u00e9konyfal\u00fa, r\u00f6vid ciklusidej\u0171 m\u0171anyag fr\u00f6ccs\u00f6nt\u0151 szersz\u00e1mok,<br \/>-bem\u00e9r\u00e9s alapj\u00e1n t\u00f6rt\u00e9n\u0151 m\u00e9retkorrekci\u00f3k,<br \/>-valamint kis m\u00e9ret\u0171, extr\u00e9m t\u0171r\u00e9s\u0171 m\u0171anyag alkatr\u00e9szek szersz\u00e1moz\u00e1sa,<br \/>-optikai min\u0151s\u00e9g\u0171 fel\u00fclet el\u0151\u00e1ll\u00edt\u00e1sa pol\u00edroz\u00e1ssal vagy mar\u00e1ssal.<\/p>\t\t\t\t\t\t\t\t<\/div>\n\t\t\t\t<\/div>\n\t\t\t\t\t<\/div>\n\t\t<\/div>\n\t\t\t\t\t<\/div>\n\t\t<\/section>\n\t\t\t\t<section class=\"elementor-section elementor-top-section elementor-element elementor-element-f94045a elementor-section-full_width elementor-section-stretched elementor-hidden-mobile elementor-section-height-default elementor-section-height-default\" data-id=\"f94045a\" data-element_type=\"section\" data-settings=\"{&quot;stretch_section&quot;:&quot;section-stretched&quot;}\">\n\t\t\t\t\t\t<div class=\"elementor-container elementor-column-gap-default\">\n\t\t\t\t\t<div class=\"elementor-column elementor-col-50 elementor-top-column elementor-element elementor-element-4f4af65\" data-id=\"4f4af65\" data-element_type=\"column\">\n\t\t\t<div class=\"elementor-widget-wrap elementor-element-populated\">\n\t\t\t\t\t\t<div class=\"elementor-element elementor-element-41d869b elementor-widget elementor-widget-text-editor\" data-id=\"41d869b\" data-element_type=\"widget\" data-widget_type=\"text-editor.default\">\n\t\t\t\t<div class=\"elementor-widget-container\">\n\t\t\t\t\t\t\t\t\t<p>&#8211; ac\u00e9l\u00f6nt\u00e9s, automatiz\u00e1lt homokmag \u00e9s mintagy\u00e1rt\u00f3 szersz\u00e1mai,<br \/>&#8211; v\u00e1kuumos \u00fcveghajl\u00edt\u00e1s,<br \/>-v\u00e9konyfal\u00fa, r\u00f6vid ciklusidej\u0171 m\u0171anyagfr\u00f6ccs\u00f6nt\u0151 szersz\u00e1mok,<\/p>\t\t\t\t\t\t\t\t<\/div>\n\t\t\t\t<\/div>\n\t\t\t\t\t<\/div>\n\t\t<\/div>\n\t\t\t\t<div class=\"elementor-column elementor-col-50 elementor-top-column elementor-element elementor-element-3b5837a\" data-id=\"3b5837a\" data-element_type=\"column\">\n\t\t\t<div class=\"elementor-widget-wrap elementor-element-populated\">\n\t\t\t\t\t\t<div class=\"elementor-element elementor-element-b679839 elementor-widget elementor-widget-text-editor\" data-id=\"b679839\" data-element_type=\"widget\" data-widget_type=\"text-editor.default\">\n\t\t\t\t<div class=\"elementor-widget-container\">\n\t\t\t\t\t\t\t\t\t<p>&#8211; bem\u00e9r\u00e9s alapj\u00e1n t\u00f6rt\u00e9n\u0151 m\u00e9retkorrekci\u00f3k,<br \/>-kis m\u00e9ret\u0171, extr\u00e9m t\u0171r\u00e9s\u0171 m\u0171anyag alkatr\u00e9szek szersz\u00e1moz\u00e1sa,<br \/>&#8211; optikai min\u0151s\u00e9g\u0171 fel\u00fclet el\u0151\u00e1ll\u00edt\u00e1sa pol\u00edroz\u00e1ssal vagy mar\u00e1ssal.<\/p>\t\t\t\t\t\t\t\t<\/div>\n\t\t\t\t<\/div>\n\t\t\t\t\t<\/div>\n\t\t<\/div>\n\t\t\t\t\t<\/div>\n\t\t<\/section>\n\t\t\t\t<section class=\"elementor-section elementor-top-section elementor-element elementor-element-5a8ede6 elementor-section-full_width elementor-section-stretched elementor-hidden-desktop elementor-hidden-tablet elementor-hidden-mobile elementor-section-height-default elementor-section-height-default\" data-id=\"5a8ede6\" data-element_type=\"section\" data-settings=\"{&quot;stretch_section&quot;:&quot;section-stretched&quot;}\">\n\t\t\t\t\t\t<div class=\"elementor-container elementor-column-gap-default\">\n\t\t\t\t\t<div class=\"elementor-column elementor-col-100 elementor-top-column elementor-element elementor-element-1023577\" data-id=\"1023577\" data-element_type=\"column\">\n\t\t\t<div class=\"elementor-widget-wrap elementor-element-populated\">\n\t\t\t\t\t\t<div class=\"elementor-element elementor-element-3bb5cfa elementor-widget elementor-widget-text-editor\" data-id=\"3bb5cfa\" data-element_type=\"widget\" data-widget_type=\"text-editor.default\">\n\t\t\t\t<div class=\"elementor-widget-container\">\n\t\t\t\t\t\t\t\t\t<p>-ac\u00e9l\u00f6nt\u00e9s automatiz\u00e1lt homokmag \u00e9s mintagy\u00e1rt\u00f3 szersz\u00e1mai,<br \/>&#8211; v\u00e1kuumos \u00fcveghajl\u00edt\u00e1s,<br \/>-v\u00e9konyfal\u00fa, r\u00f6vid ciklusidej\u0171 m\u0171anyag fr\u00f6ccs\u00f6nt\u0151 szersz\u00e1mok,<br \/><span style=\"color: var( --e-global-color-text ); background-color: var(--nv-site-bg); font-size: var(--bodyfontsize); letter-spacing: var(--bodyletterspacing); text-transform: var(--bodytexttransform);\">-bem\u00e9r\u00e9s alapj\u00e1n t\u00f6rt\u00e9n\u0151 m\u00e9retkorrekci\u00f3k,<br \/><\/span><span style=\"color: var( --e-global-color-text ); background-color: var(--nv-site-bg); font-size: var(--bodyfontsize); letter-spacing: var(--bodyletterspacing); text-transform: var(--bodytexttransform);\">-valamint kis m\u00e9ret\u0171, extr\u00e9m t\u0171r\u00e9s\u0171 m\u0171anyag alkatr\u00e9szek szersz\u00e1moz\u00e1sa,<br \/><\/span><span style=\"color: var( --e-global-color-text ); background-color: var(--nv-site-bg); font-size: var(--bodyfontsize); letter-spacing: var(--bodyletterspacing); text-transform: var(--bodytexttransform);\">-optikai min\u0151s\u00e9g\u0171 fel\u00fclet el\u0151\u00e1ll\u00edt\u00e1sa pol\u00edroz\u00e1ssal, vagy mar\u00e1ssal.<\/span><\/p>\t\t\t\t\t\t\t\t<\/div>\n\t\t\t\t<\/div>\n\t\t\t\t\t<\/div>\n\t\t<\/div>\n\t\t\t\t\t<\/div>\n\t\t<\/section>\n\t\t\t\t<section class=\"elementor-section elementor-top-section elementor-element elementor-element-6d3f069 elementor-section-full_width elementor-section-stretched elementor-section-height-default elementor-section-height-default\" data-id=\"6d3f069\" data-element_type=\"section\" data-settings=\"{&quot;background_background&quot;:&quot;gradient&quot;,&quot;stretch_section&quot;:&quot;section-stretched&quot;}\">\n\t\t\t\t\t\t<div class=\"elementor-container elementor-column-gap-default\">\n\t\t\t\t\t<div class=\"elementor-column elementor-col-100 elementor-top-column elementor-element elementor-element-4335d9d4\" data-id=\"4335d9d4\" data-element_type=\"column\">\n\t\t\t<div class=\"elementor-widget-wrap elementor-element-populated\">\n\t\t\t\t\t\t<div class=\"elementor-element elementor-element-2d57279 elementor-absolute elementor-widget elementor-widget-heading\" data-id=\"2d57279\" data-element_type=\"widget\" data-settings=\"{&quot;_position&quot;:&quot;absolute&quot;}\" data-widget_type=\"heading.default\">\n\t\t\t\t<div class=\"elementor-widget-container\">\n\t\t\t\t\t<p class=\"elementor-heading-title elementor-size-default\">Travel<\/p>\t\t\t\t<\/div>\n\t\t\t\t<\/div>\n\t\t\t\t<div class=\"elementor-element elementor-element-48cc516 elementor-widget elementor-widget-eael-image-accordion\" data-id=\"48cc516\" data-element_type=\"widget\" data-widget_type=\"eael-image-accordion.default\">\n\t\t\t\t<div class=\"elementor-widget-container\">\n\t\t\t\t\t    <div class=\"eael-img-accordion accordion-direction-horizontal eael-img-accordion-horizontal-align-center eael-img-accordion-vertical-align-center\" id=\"eael-img-accordion-48cc516\" data-img-accordion-id=\"48cc516\" data-img-accordion-type=\"on-hover\">\n                    \n            <div class=\"eael-image-accordion-hover eael-image-accordion-item\" style=\"background-image: url(http:\/\/camilleon.hu\/wp-content\/uploads\/2022\/07\/DSC_0226-1-scaled.jpg);\"  tabindex=\"0\">\n                <div class=\"overlay\">\n                    <div class=\"overlay-inner \">\n                                            <\/div>\n                <\/div>\n            <\/div>\n                    \n            <div class=\"eael-image-accordion-hover eael-image-accordion-item\" style=\"background-image: url(http:\/\/camilleon.hu\/wp-content\/uploads\/2022\/07\/DSC_0254-scaled.jpg);\"  tabindex=\"0\">\n                <div class=\"overlay\">\n                    <div class=\"overlay-inner \">\n                                            <\/div>\n                <\/div>\n            <\/div>\n                    \n            <div class=\"eael-image-accordion-hover eael-image-accordion-item\" style=\"background-image: url(http:\/\/camilleon.hu\/wp-content\/uploads\/2022\/07\/DSC_0394-scaled.jpg);\"  tabindex=\"0\">\n                <div class=\"overlay\">\n                    <div class=\"overlay-inner \">\n                                            <\/div>\n                <\/div>\n            <\/div>\n                    \n            <div class=\"eael-image-accordion-hover eael-image-accordion-item\" style=\"background-image: url(http:\/\/camilleon.hu\/wp-content\/uploads\/2022\/07\/szerszamgyartas-1-scaled.jpg);\"  tabindex=\"0\">\n                <div class=\"overlay\">\n                    <div class=\"overlay-inner \">\n                                            <\/div>\n                <\/div>\n            <\/div>\n                <\/div>\n        <style typr=\"text\/css\">\n                    #eael-img-accordion-48cc516 .eael-image-accordion-hover:hover {\n                        flex: 3 1 0% !important;\n                    }\n                    #eael-img-accordion-48cc516 .eael-image-accordion-hover:hover:hover .overlay-inner * {\n                        opacity: 1;\n                        visibility: visible;\n                        transform: none;\n                        transition: all .3s .3s;\n                    }\n                <\/style>\t\t\t\t<\/div>\n\t\t\t\t<\/div>\n\t\t\t\t\t<\/div>\n\t\t<\/div>\n\t\t\t\t\t<\/div>\n\t\t<\/section>\n\t\t\t\t<\/div>\n\t\t","protected":false},"excerpt":{"rendered":"<p>Szersz\u00e1mgy\u00e1rt\u00e1s A Camilleon Kft. a magyarorsz\u00e1gi szersz\u00e1mgy\u00e1rt\u00f3 piac megker\u00fclhetetlen szerepl\u0151je. Kiemelked\u0151 k\u00e9pess\u00e9gei, melyek kiemelik a szersz\u00e1mgy\u00e1rt\u00f3 piac t\u00f6bbi szerepl\u0151i k\u00f6z\u00fcl: &#8211; nagym\u00e9ret\u0171 forg\u00e1csol\u00f3 g\u00e9pek (pl. CNC mar\u00e1s 2&#215;3 m\u00e9teres m\u00e9retig),&#8211; folyamatos 5 tengelyes CNC megmunk\u00e1l\u00f3 k\u00f6zpontok,&#8211; 4 tengelyes t\u00f6mb szikraforg\u00e1csol\u00f3 g\u00e9p,&#8211; 5 tengelyes huzalszikraforg\u00e1csol\u00f3 g\u00e9p,&#8211; 50 tonna teherb\u00edr\u00e1s\u00fa tus\u00edrpr\u00e9s,&#8211; 40 tonna teherb\u00edr\u00e1s\u00fa h\u00edddaru,&#8211; jelent\u0151s kapacit\u00e1s&hellip;&nbsp;<a href=\"https:\/\/camilleon.hu\/?page_id=153\" class=\"\" rel=\"bookmark\">Read More &raquo;<span class=\"screen-reader-text\">Szersz\u00e1mgy\u00e1rt\u00e1s<\/span><\/a><\/p>\n","protected":false},"author":1,"featured_media":0,"parent":0,"menu_order":0,"comment_status":"closed","ping_status":"closed","template":"page-templates\/template-pagebuilder-full-width.php","meta":{"neve_meta_sidebar":"","neve_meta_container":"","neve_meta_enable_content_width":"","neve_meta_content_width":0,"neve_meta_title_alignment":"","neve_meta_author_avatar":"","neve_post_elements_order":"","neve_meta_disable_header":"","neve_meta_disable_footer":"","neve_meta_disable_title":"","pgc_sgb_lightbox_settings":"","footnotes":""},"class_list":["post-153","page","type-page","status-publish","hentry"],"rttpg_featured_image_url":null,"rttpg_author":{"display_name":"camilleon","author_link":"https:\/\/camilleon.hu\/?author=1"},"rttpg_comment":0,"rttpg_category":" <a href=\"https:\/\/camilleon.hu\/\" rel=\"tag\">Magyar<\/a>","rttpg_excerpt":"Szersz\u00e1mgy\u00e1rt\u00e1s A Camilleon Kft. a magyarorsz\u00e1gi szersz\u00e1mgy\u00e1rt\u00f3 piac megker\u00fclhetetlen szerepl\u0151je. Kiemelked\u0151 k\u00e9pess\u00e9gei, melyek kiemelik a szersz\u00e1mgy\u00e1rt\u00f3 piac t\u00f6bbi szerepl\u0151i k\u00f6z\u00fcl: &#8211; nagym\u00e9ret\u0171 forg\u00e1csol\u00f3 g\u00e9pek (pl. CNC mar\u00e1s 2&#215;3 m\u00e9teres m\u00e9retig),&#8211; folyamatos 5 tengelyes CNC megmunk\u00e1l\u00f3 k\u00f6zpontok,&#8211; 4 tengelyes t\u00f6mb szikraforg\u00e1csol\u00f3 g\u00e9p,&#8211; 5 tengelyes huzalszikraforg\u00e1csol\u00f3 g\u00e9p,&#8211; 50 tonna teherb\u00edr\u00e1s\u00fa tus\u00edrpr\u00e9s,&#8211; 40 tonna teherb\u00edr\u00e1s\u00fa h\u00edddaru,&#8211; jelent\u0151s kapacit\u00e1s&hellip;&nbsp;Read&hellip;","_links":{"self":[{"href":"https:\/\/camilleon.hu\/index.php?rest_route=\/wp\/v2\/pages\/153","targetHints":{"allow":["GET"]}}],"collection":[{"href":"https:\/\/camilleon.hu\/index.php?rest_route=\/wp\/v2\/pages"}],"about":[{"href":"https:\/\/camilleon.hu\/index.php?rest_route=\/wp\/v2\/types\/page"}],"author":[{"embeddable":true,"href":"https:\/\/camilleon.hu\/index.php?rest_route=\/wp\/v2\/users\/1"}],"replies":[{"embeddable":true,"href":"https:\/\/camilleon.hu\/index.php?rest_route=%2Fwp%2Fv2%2Fcomments&post=153"}],"version-history":[{"count":66,"href":"https:\/\/camilleon.hu\/index.php?rest_route=\/wp\/v2\/pages\/153\/revisions"}],"predecessor-version":[{"id":1947,"href":"https:\/\/camilleon.hu\/index.php?rest_route=\/wp\/v2\/pages\/153\/revisions\/1947"}],"wp:attachment":[{"href":"https:\/\/camilleon.hu\/index.php?rest_route=%2Fwp%2Fv2%2Fmedia&parent=153"}],"curies":[{"name":"wp","href":"https:\/\/api.w.org\/{rel}","templated":true}]}}