{"id":201,"date":"2022-07-29T16:55:19","date_gmt":"2022-07-29T16:55:19","guid":{"rendered":"https:\/\/camilleon.hu\/?page_id=201"},"modified":"2022-09-27T12:44:20","modified_gmt":"2022-09-27T12:44:20","slug":"cnc-forgacsolas","status":"publish","type":"page","link":"https:\/\/camilleon.hu\/?page_id=201","title":{"rendered":"CNC forg\u00e1csol\u00e1s"},"content":{"rendered":"\t\t<div data-elementor-type=\"wp-page\" data-elementor-id=\"201\" class=\"elementor elementor-201\">\n\t\t\t\t\t\t<header class=\"elementor-section elementor-top-section elementor-element elementor-element-22de9b2 elementor-section-content-middle animated-slow elementor-section-full_width elementor-section-stretched elementor-section-height-default elementor-section-height-default elementor-invisible\" data-id=\"22de9b2\" data-element_type=\"section\" data-settings=\"{&quot;background_background&quot;:&quot;classic&quot;,&quot;shape_divider_bottom&quot;:&quot;arrow&quot;,&quot;shape_divider_bottom_negative&quot;:&quot;yes&quot;,&quot;animation&quot;:&quot;fadeIn&quot;,&quot;stretch_section&quot;:&quot;section-stretched&quot;}\">\n\t\t\t\t\t\t\t<div class=\"elementor-background-overlay\"><\/div>\n\t\t\t\t\t\t<div class=\"elementor-shape elementor-shape-bottom\" aria-hidden=\"true\" data-negative=\"true\">\n\t\t\t<svg xmlns=\"http:\/\/www.w3.org\/2000\/svg\" viewBox=\"0 0 700 10\" preserveAspectRatio=\"none\">\n\t<path class=\"elementor-shape-fill\" d=\"M360 0L350 9.9 340 0 0 0 0 10 700 10 700 0\"\/>\n<\/svg>\t\t<\/div>\n\t\t\t\t\t<div class=\"elementor-container elementor-column-gap-default\">\n\t\t\t\t\t<div class=\"elementor-column elementor-col-100 elementor-top-column elementor-element elementor-element-61c5ac0\" data-id=\"61c5ac0\" data-element_type=\"column\">\n\t\t\t<div class=\"elementor-widget-wrap elementor-element-populated\">\n\t\t\t\t\t\t<div class=\"elementor-element elementor-element-5aec6e3 elementor-widget elementor-widget-heading\" data-id=\"5aec6e3\" data-element_type=\"widget\" data-widget_type=\"heading.default\">\n\t\t\t\t<div class=\"elementor-widget-container\">\n\t\t\t\t\t<h3 class=\"elementor-heading-title elementor-size-default\">CNC forg\u00e1csol\u00e1s<\/h3>\t\t\t\t<\/div>\n\t\t\t\t<\/div>\n\t\t\t\t\t<\/div>\n\t\t<\/div>\n\t\t\t\t\t<\/div>\n\t\t<\/header>\n\t\t\t\t<section class=\"elementor-section elementor-top-section elementor-element elementor-element-030777a elementor-section-full_width elementor-section-stretched elementor-hidden-desktop elementor-hidden-tablet elementor-section-height-default elementor-section-height-default\" data-id=\"030777a\" data-element_type=\"section\" data-settings=\"{&quot;stretch_section&quot;:&quot;section-stretched&quot;}\">\n\t\t\t\t\t\t<div class=\"elementor-container elementor-column-gap-default\">\n\t\t\t\t\t<div class=\"elementor-column elementor-col-100 elementor-top-column elementor-element elementor-element-691ff03\" data-id=\"691ff03\" data-element_type=\"column\">\n\t\t\t<div class=\"elementor-widget-wrap elementor-element-populated\">\n\t\t\t\t\t\t<div class=\"elementor-element elementor-element-a1a6ce9 elementor-widget elementor-widget-heading\" data-id=\"a1a6ce9\" data-element_type=\"widget\" data-widget_type=\"heading.default\">\n\t\t\t\t<div class=\"elementor-widget-container\">\n\t\t\t\t\t<h3 class=\"elementor-heading-title elementor-size-default\">Kis- k\u00f6z\u00e9p- \u00e9s nagysorozat\u00fa alkatr\u00e9szek megmunk\u00e1l\u00e1s\u00e1hoz rendelkez\u00e9sre \u00e1ll:<\/h3>\t\t\t\t<\/div>\n\t\t\t\t<\/div>\n\t\t\t\t<div class=\"elementor-element elementor-element-8a1e918 elementor-widget elementor-widget-text-editor\" data-id=\"8a1e918\" data-element_type=\"widget\" data-widget_type=\"text-editor.default\">\n\t\t\t\t<div class=\"elementor-widget-container\">\n\t\t\t\t\t\t\t\t\t<p style=\"text-align: justify;\">&#8211; 3 db 4 tengelyes palettav\u00e1lt\u00f3s CNC megmunk\u00e1l\u00f3-k\u00f6zpont<br>&#8211; 1 db CNC eszterga.<\/p><p style=\"text-align: justify;\">A Camilleon Kft. tapasztalattal rendelkezik aut\u00f3-, elektronikai-, g\u00e1z- \u00e9s pneumatikaipari alkatr\u00e9szek forg\u00e1csol\u00e1s\u00e1ban.&nbsp;<\/p>\t\t\t\t\t\t\t\t<\/div>\n\t\t\t\t<\/div>\n\t\t\t\t<div class=\"elementor-element elementor-element-207ff8d elementor-widget elementor-widget-heading\" data-id=\"207ff8d\" data-element_type=\"widget\" data-widget_type=\"heading.default\">\n\t\t\t\t<div class=\"elementor-widget-container\">\n\t\t\t\t\t<h3 class=\"elementor-heading-title elementor-size-default\">A megmunk\u00e1lhat\u00f3 alkatr\u00e9szek anyagmin\u0151s\u00e9ge lehet:<\/h3>\t\t\t\t<\/div>\n\t\t\t\t<\/div>\n\t\t\t\t<div class=\"elementor-element elementor-element-39f0dd1 elementor-widget elementor-widget-text-editor\" data-id=\"39f0dd1\" data-element_type=\"widget\" data-widget_type=\"text-editor.default\">\n\t\t\t\t<div class=\"elementor-widget-container\">\n\t\t\t\t\t\t\t\t\t<p><span style=\"color: var( --e-global-color-text ); font-family: var( --e-global-typography-text-font-family ), Sans-serif; font-weight: var( --e-global-typography-text-font-weight ); background-color: var(--nv-site-bg); font-size: var(--bodyfontsize); letter-spacing: var(--bodyletterspacing); text-transform: var(--bodytexttransform);\">&#8211; ac\u00e9l,<br><\/span><span style=\"color: var( --e-global-color-text ); font-family: var( --e-global-typography-text-font-family ), Sans-serif; font-weight: var( --e-global-typography-text-font-weight ); background-color: var(--nv-site-bg); font-size: var(--bodyfontsize); letter-spacing: var(--bodyletterspacing); text-transform: var(--bodytexttransform);\">&#8211; rozsdamentes ac\u00e9l,<br><\/span><span style=\"background-color: var(--nv-site-bg); color: var( --e-global-color-text ); font-family: var( --e-global-typography-text-font-family ), Sans-serif; font-size: var(--bodyfontsize); font-weight: var( --e-global-typography-text-font-weight ); letter-spacing: var(--bodyletterspacing); text-transform: var(--bodytexttransform);\">&#8211; alum\u00ednium (\u00f6ntv\u00e9ny, vagy t\u00f6m\u00f6r el\u0151gy\u00e1rtm\u00e1ny),<br><\/span><span style=\"background-color: var(--nv-site-bg); color: var( --e-global-color-text ); font-family: var( --e-global-typography-text-font-family ), Sans-serif; font-size: var(--bodyfontsize); font-weight: var( --e-global-typography-text-font-weight ); letter-spacing: var(--bodyletterspacing); text-transform: var(--bodytexttransform);\">&#8211; horgany (\u00f6ntv\u00e9ny, vagy t\u00f6m\u00f6r el\u0151gy\u00e1rtm\u00e1ny),<br><\/span><span style=\"background-color: var(--nv-site-bg); color: var( --e-global-color-text ); font-family: var( --e-global-typography-text-font-family ), Sans-serif; font-size: var(--bodyfontsize); font-weight: var( --e-global-typography-text-font-weight ); letter-spacing: var(--bodyletterspacing); text-transform: var(--bodytexttransform);\">&#8211; m\u0171anyag,<br><\/span><span style=\"background-color: var(--nv-site-bg); color: var( --e-global-color-text ); font-family: var( --e-global-typography-text-font-family ), Sans-serif; font-size: var(--bodyfontsize); font-weight: var( --e-global-typography-text-font-weight ); letter-spacing: var(--bodyletterspacing); text-transform: var(--bodytexttransform);\">n\u00e9h\u00e1ny sz\u00e1z darabost\u00f3l a t\u00f6bb sz\u00e1zezer darabos sz\u00e9ri\u00e1ig.<\/span><\/p>\n<p><span style=\"color: var( --e-global-color-text ); font-family: var( --e-global-typography-text-font-family ), Sans-serif; font-weight: var( --e-global-typography-text-font-weight ); background-color: var(--nv-site-bg); font-size: var(--bodyfontsize); letter-spacing: var(--bodyletterspacing); text-transform: var(--bodytexttransform);\">A megmunk\u00e1l\u00e1si koncepci\u00f3t \u00e9s k\u00e9sz\u00fcl\u00e9keket \u00e9vtizedes tapasztalattal rendelkez\u0151 koll\u00e9g\u00e1k tervezik&nbsp;<\/span><span style=\"color: var( --e-global-color-text ); font-family: var( --e-global-typography-text-font-family ), Sans-serif; font-weight: var( --e-global-typography-text-font-weight ); background-color: var(--nv-site-bg); font-size: var(--bodyfontsize); letter-spacing: var(--bodyletterspacing); text-transform: var(--bodytexttransform);\">meg \u00e9s a szersz\u00e1mgy\u00e1rt\u00f3 r\u00e9szleg gy\u00e1rtja le. A forg\u00e1csolt alkatr\u00e9szek bem\u00e9r\u00e9se m\u00e9r\u0151szob\u00e1kban 2 db&nbsp;<\/span><span style=\"color: var( --e-global-color-text ); font-family: var( --e-global-typography-text-font-family ), Sans-serif; font-weight: var( --e-global-typography-text-font-weight ); background-color: var(--nv-site-bg); font-size: var(--bodyfontsize); letter-spacing: var(--bodyletterspacing); text-transform: var(--bodytexttransform);\">koordin\u00e1ta m\u00e9r\u0151g\u00e9p, 1 db profilprojektor \u00e9s 1 db kont\u00farm\u00e9r\u0151 berendez\u00e9s seg\u00edts\u00e9g\u00e9vel t\u00f6rt\u00e9nik.<\/span><\/p>\t\t\t\t\t\t\t\t<\/div>\n\t\t\t\t<\/div>\n\t\t\t\t\t<\/div>\n\t\t<\/div>\n\t\t\t\t\t<\/div>\n\t\t<\/section>\n\t\t\t\t<section class=\"elementor-section elementor-top-section elementor-element elementor-element-176b528 elementor-section-full_width elementor-section-stretched elementor-hidden-mobile elementor-section-height-default elementor-section-height-default\" data-id=\"176b528\" data-element_type=\"section\" data-settings=\"{&quot;stretch_section&quot;:&quot;section-stretched&quot;}\">\n\t\t\t\t\t\t<div class=\"elementor-container elementor-column-gap-default\">\n\t\t\t\t\t<div class=\"elementor-column elementor-col-50 elementor-top-column elementor-element elementor-element-47c3e89\" data-id=\"47c3e89\" data-element_type=\"column\">\n\t\t\t<div class=\"elementor-widget-wrap elementor-element-populated\">\n\t\t\t\t\t\t<div class=\"elementor-element elementor-element-8acfa73 elementor-widget elementor-widget-heading\" data-id=\"8acfa73\" data-element_type=\"widget\" data-widget_type=\"heading.default\">\n\t\t\t\t<div class=\"elementor-widget-container\">\n\t\t\t\t\t<h3 class=\"elementor-heading-title elementor-size-default\">Kis, k\u00f6z\u00e9p- \u00e9s nagysorozat\u00fa alkatr\u00e9szek megmunk\u00e1l\u00e1s\u00e1hoz rendelkez\u00e9sre \u00e1ll:<\/h3>\t\t\t\t<\/div>\n\t\t\t\t<\/div>\n\t\t\t\t<div class=\"elementor-element elementor-element-dfd4a9c elementor-widget elementor-widget-text-editor\" data-id=\"dfd4a9c\" data-element_type=\"widget\" data-widget_type=\"text-editor.default\">\n\t\t\t\t<div class=\"elementor-widget-container\">\n\t\t\t\t\t\t\t\t\t<p>&#8211; 3 db 4 tengelyes palettav\u00e1lt\u00f3s CNC megmunk\u00e1l\u00f3-k\u00f6zpont<br \/>&#8211; 1 db CNC eszterga<br \/>A Camilleon Kft. tapasztalattal rendelkezik aut\u00f3-, elektronikai-, g\u00e1z-\u00a0<span style=\"color: var( --e-global-color-text ); background-color: var(--nv-site-bg); font-size: var(--bodyfontsize); letter-spacing: var(--bodyletterspacing); text-transform: var(--bodytexttransform);\">\u00e9s<br \/>pneumatikaipari alkatr\u00e9szek forg\u00e1csol\u00e1s\u00e1ban.<\/span><\/p>\t\t\t\t\t\t\t\t<\/div>\n\t\t\t\t<\/div>\n\t\t\t\t\t<\/div>\n\t\t<\/div>\n\t\t\t\t<div class=\"elementor-column elementor-col-50 elementor-top-column elementor-element elementor-element-4d3b212\" data-id=\"4d3b212\" data-element_type=\"column\">\n\t\t\t<div class=\"elementor-widget-wrap elementor-element-populated\">\n\t\t\t\t\t\t<div class=\"elementor-element elementor-element-51edd7c elementor-widget elementor-widget-heading\" data-id=\"51edd7c\" data-element_type=\"widget\" data-widget_type=\"heading.default\">\n\t\t\t\t<div class=\"elementor-widget-container\">\n\t\t\t\t\t<h3 class=\"elementor-heading-title elementor-size-default\">A megmunk\u00e1lhat\u00f3 alkatr\u00e9szek anyagmin\u0151s\u00e9ge lehet:<\/h3>\t\t\t\t<\/div>\n\t\t\t\t<\/div>\n\t\t\t\t<div class=\"elementor-element elementor-element-5f372b8 elementor-widget elementor-widget-text-editor\" data-id=\"5f372b8\" data-element_type=\"widget\" data-widget_type=\"text-editor.default\">\n\t\t\t\t<div class=\"elementor-widget-container\">\n\t\t\t\t\t\t\t\t\t<p>&#8211; ac\u00e9l,<br>&#8211; rozsdamentes ac\u00e9l,- alum\u00ednium (\u00f6ntv\u00e9ny vagy t\u00f6m\u00f6r el\u0151gy\u00e1rtm\u00e1ny),<br>&#8211; horgany (\u00f6ntv\u00e9ny vagy t\u00f6m\u00f6r el\u0151gy\u00e1rtm\u00e1ny),<br>&#8211; m\u0171anyag,<br>n\u00e9h\u00e1ny sz\u00e1z darabost\u00f3l a t\u00f6bb sz\u00e1zezer darabos sz\u00e9ri\u00e1ig.<\/p>\t\t\t\t\t\t\t\t<\/div>\n\t\t\t\t<\/div>\n\t\t\t\t\t<\/div>\n\t\t<\/div>\n\t\t\t\t\t<\/div>\n\t\t<\/section>\n\t\t\t\t<section class=\"elementor-section elementor-top-section elementor-element elementor-element-3619f81 elementor-section-full_width elementor-section-stretched elementor-hidden-mobile elementor-section-height-default elementor-section-height-default\" data-id=\"3619f81\" data-element_type=\"section\" data-settings=\"{&quot;stretch_section&quot;:&quot;section-stretched&quot;}\">\n\t\t\t\t\t\t<div class=\"elementor-container elementor-column-gap-default\">\n\t\t\t\t\t<div class=\"elementor-column elementor-col-100 elementor-top-column elementor-element elementor-element-cb1111a\" data-id=\"cb1111a\" data-element_type=\"column\">\n\t\t\t<div class=\"elementor-widget-wrap elementor-element-populated\">\n\t\t\t\t\t\t<div class=\"elementor-element elementor-element-f50753f elementor-widget elementor-widget-text-editor\" data-id=\"f50753f\" data-element_type=\"widget\" data-widget_type=\"text-editor.default\">\n\t\t\t\t<div class=\"elementor-widget-container\">\n\t\t\t\t\t\t\t\t\t<p>A megmunk\u00e1l\u00e1si koncepci\u00f3t \u00e9s k\u00e9sz\u00fcl\u00e9keket \u00e9vtizedes tapasztalattal rendelkez\u0151 koll\u00e9g\u00e1k tervezik meg \u00e9s a szersz\u00e1mgy\u00e1rt\u00f3 r\u00e9szleg gy\u00e1rtja le. A forg\u00e1csolt alkatr\u00e9szek bem\u00e9r\u00e9se m\u00e9r\u0151szob\u00e1kban 2 db koordin\u00e1ta m\u00e9r\u0151g\u00e9p, 1 db profilprojektor \u00e9s 1 db kont\u00farm\u00e9r\u0151 berendez\u00e9s seg\u00edts\u00e9g\u00e9vel t\u00f6rt\u00e9nik.<\/p>\t\t\t\t\t\t\t\t<\/div>\n\t\t\t\t<\/div>\n\t\t\t\t\t<\/div>\n\t\t<\/div>\n\t\t\t\t\t<\/div>\n\t\t<\/section>\n\t\t\t\t<section class=\"elementor-section elementor-top-section elementor-element elementor-element-8f096c5 elementor-section-full_width elementor-section-stretched elementor-section-height-default elementor-section-height-default\" data-id=\"8f096c5\" data-element_type=\"section\" data-settings=\"{&quot;background_background&quot;:&quot;gradient&quot;,&quot;stretch_section&quot;:&quot;section-stretched&quot;}\">\n\t\t\t\t\t\t<div class=\"elementor-container elementor-column-gap-default\">\n\t\t\t\t\t<div class=\"elementor-column elementor-col-100 elementor-top-column elementor-element elementor-element-39ad7b1\" data-id=\"39ad7b1\" data-element_type=\"column\">\n\t\t\t<div class=\"elementor-widget-wrap elementor-element-populated\">\n\t\t\t\t\t\t<div class=\"elementor-element elementor-element-ba0f3b9 elementor-widget elementor-widget-eael-image-accordion\" data-id=\"ba0f3b9\" data-element_type=\"widget\" data-widget_type=\"eael-image-accordion.default\">\n\t\t\t\t<div class=\"elementor-widget-container\">\n\t\t\t\t\t    <div class=\"eael-img-accordion accordion-direction-horizontal eael-img-accordion-horizontal-align-center eael-img-accordion-vertical-align-center\" id=\"eael-img-accordion-ba0f3b9\" data-img-accordion-id=\"ba0f3b9\" data-img-accordion-type=\"on-hover\">\n                    \n            <div class=\"eael-image-accordion-hover eael-image-accordion-item\" style=\"background-image: url(http:\/\/camilleon.hu\/wp-content\/uploads\/2022\/07\/DSC_0304-scaled.jpg);\"  tabindex=\"0\">\n                <div class=\"overlay\">\n                    <div class=\"overlay-inner \">\n                                            <\/div>\n                <\/div>\n            <\/div>\n                    \n            <div class=\"eael-image-accordion-hover eael-image-accordion-item\" style=\"background-image: url(http:\/\/camilleon.hu\/wp-content\/uploads\/2022\/07\/IMG_20220722_111325-scaled.jpg);\"  tabindex=\"0\">\n                <div class=\"overlay\">\n                    <div class=\"overlay-inner \">\n                                            <\/div>\n                <\/div>\n            <\/div>\n                    \n            <div class=\"eael-image-accordion-hover eael-image-accordion-item\" style=\"background-image: url(http:\/\/camilleon.hu\/wp-content\/uploads\/2022\/07\/DSC_0306-scaled.jpg);\"  tabindex=\"0\">\n                <div class=\"overlay\">\n                    <div class=\"overlay-inner \">\n                                            <\/div>\n                <\/div>\n            <\/div>\n                    \n            <div class=\"eael-image-accordion-hover eael-image-accordion-item\" style=\"background-image: url(http:\/\/camilleon.hu\/wp-content\/uploads\/2022\/08\/IMG_20220722_111245-1-scaled.jpg);\"  tabindex=\"0\">\n                <div class=\"overlay\">\n                    <div class=\"overlay-inner \">\n                                            <\/div>\n                <\/div>\n            <\/div>\n                <\/div>\n        <style typr=\"text\/css\">\n                    #eael-img-accordion-ba0f3b9 .eael-image-accordion-hover:hover {\n                        flex: 3 1 0% !important;\n                    }\n                    #eael-img-accordion-ba0f3b9 .eael-image-accordion-hover:hover:hover .overlay-inner * {\n                        opacity: 1;\n                        visibility: visible;\n                        transform: none;\n                        transition: all .3s .3s;\n                    }\n                <\/style>\t\t\t\t<\/div>\n\t\t\t\t<\/div>\n\t\t\t\t\t<\/div>\n\t\t<\/div>\n\t\t\t\t\t<\/div>\n\t\t<\/section>\n\t\t\t\t<\/div>\n\t\t","protected":false},"excerpt":{"rendered":"<p>CNC forg\u00e1csol\u00e1s Kis- k\u00f6z\u00e9p- \u00e9s nagysorozat\u00fa alkatr\u00e9szek megmunk\u00e1l\u00e1s\u00e1hoz rendelkez\u00e9sre \u00e1ll: &#8211; 3 db 4 tengelyes palettav\u00e1lt\u00f3s CNC megmunk\u00e1l\u00f3-k\u00f6zpont&#8211; 1 db CNC eszterga. A Camilleon Kft. tapasztalattal rendelkezik aut\u00f3-, elektronikai-, g\u00e1z- \u00e9s pneumatikaipari alkatr\u00e9szek forg\u00e1csol\u00e1s\u00e1ban.&nbsp; A megmunk\u00e1lhat\u00f3 alkatr\u00e9szek anyagmin\u0151s\u00e9ge lehet: &#8211; ac\u00e9l,&#8211; rozsdamentes ac\u00e9l,&#8211; alum\u00ednium (\u00f6ntv\u00e9ny, vagy t\u00f6m\u00f6r el\u0151gy\u00e1rtm\u00e1ny),&#8211; horgany (\u00f6ntv\u00e9ny, vagy t\u00f6m\u00f6r el\u0151gy\u00e1rtm\u00e1ny),&#8211; m\u0171anyag,n\u00e9h\u00e1ny sz\u00e1z&hellip;&nbsp;<a href=\"https:\/\/camilleon.hu\/?page_id=201\" class=\"\" rel=\"bookmark\">Read More &raquo;<span class=\"screen-reader-text\">CNC forg\u00e1csol\u00e1s<\/span><\/a><\/p>\n","protected":false},"author":1,"featured_media":0,"parent":0,"menu_order":0,"comment_status":"closed","ping_status":"closed","template":"page-templates\/template-pagebuilder-full-width.php","meta":{"neve_meta_sidebar":"","neve_meta_container":"","neve_meta_enable_content_width":"","neve_meta_content_width":0,"neve_meta_title_alignment":"","neve_meta_author_avatar":"","neve_post_elements_order":"","neve_meta_disable_header":"","neve_meta_disable_footer":"","neve_meta_disable_title":"","pgc_sgb_lightbox_settings":"","footnotes":""},"class_list":["post-201","page","type-page","status-publish","hentry"],"rttpg_featured_image_url":null,"rttpg_author":{"display_name":"camilleon","author_link":"https:\/\/camilleon.hu\/?author=1"},"rttpg_comment":0,"rttpg_category":" <a href=\"https:\/\/camilleon.hu\/\" rel=\"tag\">Magyar<\/a>","rttpg_excerpt":"CNC forg\u00e1csol\u00e1s Kis- k\u00f6z\u00e9p- \u00e9s nagysorozat\u00fa alkatr\u00e9szek megmunk\u00e1l\u00e1s\u00e1hoz rendelkez\u00e9sre \u00e1ll: &#8211; 3 db 4 tengelyes palettav\u00e1lt\u00f3s CNC megmunk\u00e1l\u00f3-k\u00f6zpont&#8211; 1 db CNC eszterga. A Camilleon Kft. tapasztalattal rendelkezik aut\u00f3-, elektronikai-, g\u00e1z- \u00e9s pneumatikaipari alkatr\u00e9szek forg\u00e1csol\u00e1s\u00e1ban.&nbsp; A megmunk\u00e1lhat\u00f3 alkatr\u00e9szek anyagmin\u0151s\u00e9ge lehet: &#8211; ac\u00e9l,&#8211; rozsdamentes ac\u00e9l,&#8211; alum\u00ednium (\u00f6ntv\u00e9ny, vagy t\u00f6m\u00f6r el\u0151gy\u00e1rtm\u00e1ny),&#8211; horgany (\u00f6ntv\u00e9ny, vagy t\u00f6m\u00f6r el\u0151gy\u00e1rtm\u00e1ny),&#8211; m\u0171anyag,n\u00e9h\u00e1ny sz\u00e1z&hellip;&nbsp;Read&hellip;","_links":{"self":[{"href":"https:\/\/camilleon.hu\/index.php?rest_route=\/wp\/v2\/pages\/201","targetHints":{"allow":["GET"]}}],"collection":[{"href":"https:\/\/camilleon.hu\/index.php?rest_route=\/wp\/v2\/pages"}],"about":[{"href":"https:\/\/camilleon.hu\/index.php?rest_route=\/wp\/v2\/types\/page"}],"author":[{"embeddable":true,"href":"https:\/\/camilleon.hu\/index.php?rest_route=\/wp\/v2\/users\/1"}],"replies":[{"embeddable":true,"href":"https:\/\/camilleon.hu\/index.php?rest_route=%2Fwp%2Fv2%2Fcomments&post=201"}],"version-history":[{"count":47,"href":"https:\/\/camilleon.hu\/index.php?rest_route=\/wp\/v2\/pages\/201\/revisions"}],"predecessor-version":[{"id":1887,"href":"https:\/\/camilleon.hu\/index.php?rest_route=\/wp\/v2\/pages\/201\/revisions\/1887"}],"wp:attachment":[{"href":"https:\/\/camilleon.hu\/index.php?rest_route=%2Fwp%2Fv2%2Fmedia&parent=201"}],"curies":[{"name":"wp","href":"https:\/\/api.w.org\/{rel}","templated":true}]}}