{"id":216,"date":"2022-07-29T17:03:38","date_gmt":"2022-07-29T17:03:38","guid":{"rendered":"https:\/\/camilleon.hu\/?page_id=216"},"modified":"2022-09-28T14:35:10","modified_gmt":"2022-09-28T14:35:10","slug":"ontes","status":"publish","type":"page","link":"https:\/\/camilleon.hu\/?page_id=216","title":{"rendered":"\u00d6nt\u00e9s"},"content":{"rendered":"\t\t<div data-elementor-type=\"wp-page\" data-elementor-id=\"216\" class=\"elementor elementor-216\">\n\t\t\t\t\t\t<header class=\"elementor-section elementor-top-section elementor-element elementor-element-d65ddca elementor-section-content-middle animated-slow elementor-section-full_width elementor-section-stretched elementor-section-height-default elementor-section-height-default elementor-invisible\" data-id=\"d65ddca\" data-element_type=\"section\" data-settings=\"{&quot;background_background&quot;:&quot;classic&quot;,&quot;shape_divider_bottom&quot;:&quot;arrow&quot;,&quot;shape_divider_bottom_negative&quot;:&quot;yes&quot;,&quot;animation&quot;:&quot;fadeIn&quot;,&quot;stretch_section&quot;:&quot;section-stretched&quot;}\">\n\t\t\t\t\t\t\t<div class=\"elementor-background-overlay\"><\/div>\n\t\t\t\t\t\t<div class=\"elementor-shape elementor-shape-bottom\" aria-hidden=\"true\" data-negative=\"true\">\n\t\t\t<svg xmlns=\"http:\/\/www.w3.org\/2000\/svg\" viewBox=\"0 0 700 10\" preserveAspectRatio=\"none\">\n\t<path class=\"elementor-shape-fill\" d=\"M360 0L350 9.9 340 0 0 0 0 10 700 10 700 0\"\/>\n<\/svg>\t\t<\/div>\n\t\t\t\t\t<div class=\"elementor-container elementor-column-gap-default\">\n\t\t\t\t\t<div class=\"elementor-column elementor-col-100 elementor-top-column elementor-element elementor-element-c69fb42\" data-id=\"c69fb42\" data-element_type=\"column\">\n\t\t\t<div class=\"elementor-widget-wrap elementor-element-populated\">\n\t\t\t\t\t\t<div class=\"elementor-element elementor-element-32e42c4 elementor-widget elementor-widget-heading\" data-id=\"32e42c4\" data-element_type=\"widget\" data-widget_type=\"heading.default\">\n\t\t\t\t<div class=\"elementor-widget-container\">\n\t\t\t\t\t<h3 class=\"elementor-heading-title elementor-size-default\">\u00d6nt\u00e9s<\/h3>\t\t\t\t<\/div>\n\t\t\t\t<\/div>\n\t\t\t\t\t<\/div>\n\t\t<\/div>\n\t\t\t\t\t<\/div>\n\t\t<\/header>\n\t\t\t\t<section class=\"elementor-section elementor-top-section elementor-element elementor-element-f8885ee elementor-section-full_width elementor-section-stretched elementor-section-height-default elementor-section-height-default\" data-id=\"f8885ee\" data-element_type=\"section\" data-settings=\"{&quot;stretch_section&quot;:&quot;section-stretched&quot;}\">\n\t\t\t\t\t\t<div class=\"elementor-container elementor-column-gap-default\">\n\t\t\t\t\t<div class=\"elementor-column elementor-col-50 elementor-top-column elementor-element elementor-element-0adfe8a\" data-id=\"0adfe8a\" data-element_type=\"column\">\n\t\t\t<div class=\"elementor-widget-wrap elementor-element-populated\">\n\t\t\t\t\t\t<div class=\"elementor-element elementor-element-cf42292 elementor-widget elementor-widget-heading\" data-id=\"cf42292\" data-element_type=\"widget\" data-widget_type=\"heading.default\">\n\t\t\t\t<div class=\"elementor-widget-container\">\n\t\t\t\t\t<h3 class=\"elementor-heading-title elementor-size-default\">A Camilleon Kft. 2022 \u00f3ta foglalkozik cink alap\u00fa horgany\u00f6tv\u00f6zetek meleg kamr\u00e1s nyom\u00e1sos \u00f6nt\u00e9s\u00e9vel.<\/h3>\t\t\t\t<\/div>\n\t\t\t\t<\/div>\n\t\t\t\t<div class=\"elementor-element elementor-element-f113bc1 elementor-widget elementor-widget-text-editor\" data-id=\"f113bc1\" data-element_type=\"widget\" data-widget_type=\"text-editor.default\">\n\t\t\t\t<div class=\"elementor-widget-container\">\n\t\t\t\t\t\t\t\t\t<p>Ezzel a technol\u00f3gi\u00e1val olyan, viszonylag kis m\u00e9ret\u0171 alkatr\u00e9szeket tud k\u00e9sz\u00edteni, melyekn\u00e9l fontos a m\u00e9retpontoss\u00e1g, magasak az eszt\u00e9tikai k\u00f6vetelm\u00e9nyek \u00e9s elv\u00e1r\u00e1s a hossz\u00fa szersz\u00e1m\u00e9lettartam.<\/p>\t\t\t\t\t\t\t\t<\/div>\n\t\t\t\t<\/div>\n\t\t\t\t\t<\/div>\n\t\t<\/div>\n\t\t\t\t<div class=\"elementor-column elementor-col-50 elementor-top-column elementor-element elementor-element-d99968c\" data-id=\"d99968c\" data-element_type=\"column\">\n\t\t\t<div class=\"elementor-widget-wrap elementor-element-populated\">\n\t\t\t\t\t\t<div class=\"elementor-element elementor-element-81b62d0 elementor-widget elementor-widget-heading\" data-id=\"81b62d0\" data-element_type=\"widget\" data-widget_type=\"heading.default\">\n\t\t\t\t<div class=\"elementor-widget-container\">\n\t\t\t\t\t<h3 class=\"elementor-heading-title elementor-size-default\">A v\u00e1llalkoz\u00e1s jelenleg h\u00e1rom \u00f6nt\u0151g\u00e9ppel rendelkezik:<\/h3>\t\t\t\t<\/div>\n\t\t\t\t<\/div>\n\t\t\t\t<div class=\"elementor-element elementor-element-ab21474 elementor-widget elementor-widget-text-editor\" data-id=\"ab21474\" data-element_type=\"widget\" data-widget_type=\"text-editor.default\">\n\t\t\t\t<div class=\"elementor-widget-container\">\n\t\t\t\t\t\t\t\t\t<p>&#8211; 40 tonna z\u00e1r\u00f3erej\u0171 Frech melegkamr\u00e1s \u00f6nt\u0151g\u00e9p,<br>&#8211; 88 tonna z\u00e1r\u00f3erej\u0171 LK melegkamr\u00e1s \u00f6nt\u0151g\u00e9p darabelvev\u0151vel,<br>&#8211; 130 tonna z\u00e1r\u00f3erej\u0171 LK melegkamr\u00e1s \u00f6nt\u0151g\u00e9p FANUC robottal.<br>A kapacit\u00e1s lehet\u0151v\u00e9 teszi a vev\u0151i ig\u00e9nyek alapj\u00e1n az alkatr\u00e9szek, szersz\u00e1mok \u00e9s gy\u00e1rt\u00e1si technol\u00f3gia teljes k\u00f6r\u0171 megtervez\u00e9s\u00e9re. A gy\u00e1rthat\u00f3 \u00f6ntv\u00e9nyek s\u00falya a 10 g-os \u00f6ntv\u00e9nyt\u0151l az 1000 g-os \u00f6ntv\u00e9nyig terjedhet.<\/p>\t\t\t\t\t\t\t\t<\/div>\n\t\t\t\t<\/div>\n\t\t\t\t\t<\/div>\n\t\t<\/div>\n\t\t\t\t\t<\/div>\n\t\t<\/section>\n\t\t\t\t<section class=\"elementor-section elementor-top-section elementor-element elementor-element-1d904b2 elementor-section-full_width elementor-section-stretched elementor-section-height-default elementor-section-height-default\" data-id=\"1d904b2\" data-element_type=\"section\" data-settings=\"{&quot;stretch_section&quot;:&quot;section-stretched&quot;}\">\n\t\t\t\t\t\t<div class=\"elementor-container elementor-column-gap-default\">\n\t\t\t\t\t<div class=\"elementor-column elementor-col-100 elementor-top-column elementor-element elementor-element-a00706d\" data-id=\"a00706d\" data-element_type=\"column\">\n\t\t\t<div class=\"elementor-widget-wrap elementor-element-populated\">\n\t\t\t\t\t\t<div class=\"elementor-element elementor-element-8aad197 elementor-widget elementor-widget-text-editor\" data-id=\"8aad197\" data-element_type=\"widget\" data-widget_type=\"text-editor.default\">\n\t\t\t\t<div class=\"elementor-widget-container\">\n\t\t\t\t\t\t\t\t\t<p style=\"text-align: center;\">A vev\u0151i ig\u00e9nyek komplex kiszolg\u00e1l\u00e1sa \u00e9rdek\u00e9ben folyamatban van koptat\u00f3, szemcsesz\u00f3r\u00f3 \u00e9s porfest\u0151 kapacit\u00e1s ki\u00e9p\u00edt\u00e9se.<\/p>\t\t\t\t\t\t\t\t<\/div>\n\t\t\t\t<\/div>\n\t\t\t\t\t<\/div>\n\t\t<\/div>\n\t\t\t\t\t<\/div>\n\t\t<\/section>\n\t\t\t\t<section class=\"elementor-section elementor-top-section elementor-element elementor-element-1bed166 elementor-section-full_width elementor-section-stretched elementor-section-height-default elementor-section-height-default\" data-id=\"1bed166\" data-element_type=\"section\" data-settings=\"{&quot;background_background&quot;:&quot;gradient&quot;,&quot;stretch_section&quot;:&quot;section-stretched&quot;}\">\n\t\t\t\t\t\t<div class=\"elementor-container elementor-column-gap-default\">\n\t\t\t\t\t<div class=\"elementor-column elementor-col-100 elementor-top-column elementor-element elementor-element-fa4b2f0\" data-id=\"fa4b2f0\" data-element_type=\"column\">\n\t\t\t<div class=\"elementor-widget-wrap elementor-element-populated\">\n\t\t\t\t\t\t<div class=\"elementor-element elementor-element-fd475a3 elementor-absolute elementor-widget elementor-widget-heading\" data-id=\"fd475a3\" data-element_type=\"widget\" data-settings=\"{&quot;_position&quot;:&quot;absolute&quot;}\" data-widget_type=\"heading.default\">\n\t\t\t\t<div class=\"elementor-widget-container\">\n\t\t\t\t\t<p class=\"elementor-heading-title elementor-size-default\">Travel<\/p>\t\t\t\t<\/div>\n\t\t\t\t<\/div>\n\t\t\t\t<div class=\"elementor-element elementor-element-b2cbd9f elementor-widget elementor-widget-eael-image-accordion\" data-id=\"b2cbd9f\" data-element_type=\"widget\" data-widget_type=\"eael-image-accordion.default\">\n\t\t\t\t<div class=\"elementor-widget-container\">\n\t\t\t\t\t    <div class=\"eael-img-accordion accordion-direction-horizontal eael-img-accordion-horizontal-align-center eael-img-accordion-vertical-align-center\" id=\"eael-img-accordion-b2cbd9f\" data-img-accordion-id=\"b2cbd9f\" data-img-accordion-type=\"on-hover\">\n                    \n            <div class=\"eael-image-accordion-hover eael-image-accordion-item\" style=\"background-image: url(http:\/\/camilleon.hu\/wp-content\/uploads\/2022\/07\/DSC_0444-1-scaled.jpg);\"  tabindex=\"0\">\n                <div class=\"overlay\">\n                    <div class=\"overlay-inner \">\n                                            <\/div>\n                <\/div>\n            <\/div>\n                    \n            <div class=\"eael-image-accordion-hover eael-image-accordion-item\" style=\"background-image: url(http:\/\/camilleon.hu\/wp-content\/uploads\/2022\/07\/Ontes-scaled.jpg);\"  tabindex=\"0\">\n                <div class=\"overlay\">\n                    <div class=\"overlay-inner \">\n                                            <\/div>\n                <\/div>\n            <\/div>\n                    \n            <div class=\"eael-image-accordion-hover eael-image-accordion-item\" style=\"background-image: url(http:\/\/camilleon.hu\/wp-content\/uploads\/2022\/07\/DSC_0446kivagVA-1-scaled.jpg);\"  tabindex=\"0\">\n                <div class=\"overlay\">\n                    <div class=\"overlay-inner \">\n                                            <\/div>\n                <\/div>\n            <\/div>\n                    \n            <div class=\"eael-image-accordion-hover eael-image-accordion-item\" style=\"background-image: url(http:\/\/camilleon.hu\/wp-content\/uploads\/2022\/07\/DSC_0427-scaled.jpg);\"  tabindex=\"0\">\n                <div class=\"overlay\">\n                    <div class=\"overlay-inner \">\n                                            <\/div>\n                <\/div>\n            <\/div>\n                <\/div>\n        <style typr=\"text\/css\">\n                    #eael-img-accordion-b2cbd9f .eael-image-accordion-hover:hover {\n                        flex: 3 1 0% !important;\n                    }\n                    #eael-img-accordion-b2cbd9f .eael-image-accordion-hover:hover:hover .overlay-inner * {\n                        opacity: 1;\n                        visibility: visible;\n                        transform: none;\n                        transition: all .3s .3s;\n                    }\n                <\/style>\t\t\t\t<\/div>\n\t\t\t\t<\/div>\n\t\t\t\t\t<\/div>\n\t\t<\/div>\n\t\t\t\t\t<\/div>\n\t\t<\/section>\n\t\t\t\t<\/div>\n\t\t","protected":false},"excerpt":{"rendered":"<p>\u00d6nt\u00e9s A Camilleon Kft. 2022 \u00f3ta foglalkozik cink alap\u00fa horgany\u00f6tv\u00f6zetek meleg kamr\u00e1s nyom\u00e1sos \u00f6nt\u00e9s\u00e9vel. Ezzel a technol\u00f3gi\u00e1val olyan, viszonylag kis m\u00e9ret\u0171 alkatr\u00e9szeket tud k\u00e9sz\u00edteni, melyekn\u00e9l fontos a m\u00e9retpontoss\u00e1g, magasak az eszt\u00e9tikai k\u00f6vetelm\u00e9nyek \u00e9s elv\u00e1r\u00e1s a hossz\u00fa szersz\u00e1m\u00e9lettartam. A v\u00e1llalkoz\u00e1s jelenleg h\u00e1rom \u00f6nt\u0151g\u00e9ppel rendelkezik: &#8211; 40 tonna z\u00e1r\u00f3erej\u0171 Frech melegkamr\u00e1s \u00f6nt\u0151g\u00e9p,&#8211; 88 tonna z\u00e1r\u00f3erej\u0171 LK melegkamr\u00e1s&hellip;&nbsp;<a href=\"https:\/\/camilleon.hu\/?page_id=216\" class=\"\" rel=\"bookmark\">Read More &raquo;<span class=\"screen-reader-text\">\u00d6nt\u00e9s<\/span><\/a><\/p>\n","protected":false},"author":1,"featured_media":0,"parent":0,"menu_order":0,"comment_status":"closed","ping_status":"closed","template":"page-templates\/template-pagebuilder-full-width.php","meta":{"neve_meta_sidebar":"","neve_meta_container":"","neve_meta_enable_content_width":"","neve_meta_content_width":0,"neve_meta_title_alignment":"","neve_meta_author_avatar":"","neve_post_elements_order":"","neve_meta_disable_header":"","neve_meta_disable_footer":"","neve_meta_disable_title":"","pgc_sgb_lightbox_settings":"","footnotes":""},"class_list":["post-216","page","type-page","status-publish","hentry"],"rttpg_featured_image_url":null,"rttpg_author":{"display_name":"camilleon","author_link":"https:\/\/camilleon.hu\/?author=1"},"rttpg_comment":0,"rttpg_category":" <a href=\"https:\/\/camilleon.hu\/\" rel=\"tag\">Magyar<\/a>","rttpg_excerpt":"\u00d6nt\u00e9s A Camilleon Kft. 2022 \u00f3ta foglalkozik cink alap\u00fa horgany\u00f6tv\u00f6zetek meleg kamr\u00e1s nyom\u00e1sos \u00f6nt\u00e9s\u00e9vel. Ezzel a technol\u00f3gi\u00e1val olyan, viszonylag kis m\u00e9ret\u0171 alkatr\u00e9szeket tud k\u00e9sz\u00edteni, melyekn\u00e9l fontos a m\u00e9retpontoss\u00e1g, magasak az eszt\u00e9tikai k\u00f6vetelm\u00e9nyek \u00e9s elv\u00e1r\u00e1s a hossz\u00fa szersz\u00e1m\u00e9lettartam. A v\u00e1llalkoz\u00e1s jelenleg h\u00e1rom \u00f6nt\u0151g\u00e9ppel rendelkezik: &#8211; 40 tonna z\u00e1r\u00f3erej\u0171 Frech melegkamr\u00e1s \u00f6nt\u0151g\u00e9p,&#8211; 88 tonna z\u00e1r\u00f3erej\u0171 LK melegkamr\u00e1s&hellip;&nbsp;Read&hellip;","_links":{"self":[{"href":"https:\/\/camilleon.hu\/index.php?rest_route=\/wp\/v2\/pages\/216","targetHints":{"allow":["GET"]}}],"collection":[{"href":"https:\/\/camilleon.hu\/index.php?rest_route=\/wp\/v2\/pages"}],"about":[{"href":"https:\/\/camilleon.hu\/index.php?rest_route=\/wp\/v2\/types\/page"}],"author":[{"embeddable":true,"href":"https:\/\/camilleon.hu\/index.php?rest_route=\/wp\/v2\/users\/1"}],"replies":[{"embeddable":true,"href":"https:\/\/camilleon.hu\/index.php?rest_route=%2Fwp%2Fv2%2Fcomments&post=216"}],"version-history":[{"count":44,"href":"https:\/\/camilleon.hu\/index.php?rest_route=\/wp\/v2\/pages\/216\/revisions"}],"predecessor-version":[{"id":1950,"href":"https:\/\/camilleon.hu\/index.php?rest_route=\/wp\/v2\/pages\/216\/revisions\/1950"}],"wp:attachment":[{"href":"https:\/\/camilleon.hu\/index.php?rest_route=%2Fwp%2Fv2%2Fmedia&parent=216"}],"curies":[{"name":"wp","href":"https:\/\/api.w.org\/{rel}","templated":true}]}}