{"id":225,"date":"2022-07-29T17:10:01","date_gmt":"2022-07-29T17:10:01","guid":{"rendered":"https:\/\/camilleon.hu\/?page_id=225"},"modified":"2022-09-27T12:45:10","modified_gmt":"2022-09-27T12:45:10","slug":"preseles","status":"publish","type":"page","link":"https:\/\/camilleon.hu\/?page_id=225","title":{"rendered":"Pr\u00e9sel\u00e9s"},"content":{"rendered":"\t\t<div data-elementor-type=\"wp-page\" data-elementor-id=\"225\" class=\"elementor elementor-225\">\n\t\t\t\t\t\t<header class=\"elementor-section elementor-top-section elementor-element elementor-element-12678f1 elementor-section-content-middle animated-slow elementor-section-full_width elementor-section-stretched elementor-section-height-default elementor-section-height-default elementor-invisible\" data-id=\"12678f1\" data-element_type=\"section\" data-settings=\"{&quot;background_background&quot;:&quot;classic&quot;,&quot;shape_divider_bottom&quot;:&quot;arrow&quot;,&quot;shape_divider_bottom_negative&quot;:&quot;yes&quot;,&quot;animation&quot;:&quot;fadeIn&quot;,&quot;stretch_section&quot;:&quot;section-stretched&quot;}\">\n\t\t\t\t\t\t\t<div class=\"elementor-background-overlay\"><\/div>\n\t\t\t\t\t\t<div class=\"elementor-shape elementor-shape-bottom\" aria-hidden=\"true\" data-negative=\"true\">\n\t\t\t<svg xmlns=\"http:\/\/www.w3.org\/2000\/svg\" viewBox=\"0 0 700 10\" preserveAspectRatio=\"none\">\n\t<path class=\"elementor-shape-fill\" d=\"M360 0L350 9.9 340 0 0 0 0 10 700 10 700 0\"\/>\n<\/svg>\t\t<\/div>\n\t\t\t\t\t<div class=\"elementor-container elementor-column-gap-default\">\n\t\t\t\t\t<div class=\"elementor-column elementor-col-100 elementor-top-column elementor-element elementor-element-5818849\" data-id=\"5818849\" data-element_type=\"column\">\n\t\t\t<div class=\"elementor-widget-wrap elementor-element-populated\">\n\t\t\t\t\t\t<div class=\"elementor-element elementor-element-63d3a05 elementor-widget elementor-widget-heading\" data-id=\"63d3a05\" data-element_type=\"widget\" data-widget_type=\"heading.default\">\n\t\t\t\t<div class=\"elementor-widget-container\">\n\t\t\t\t\t<h3 class=\"elementor-heading-title elementor-size-default\">Pr\u00e9sel\u00e9s<\/h3>\t\t\t\t<\/div>\n\t\t\t\t<\/div>\n\t\t\t\t\t<\/div>\n\t\t<\/div>\n\t\t\t\t\t<\/div>\n\t\t<\/header>\n\t\t\t\t<section class=\"elementor-section elementor-top-section elementor-element elementor-element-90e3767 elementor-section-full_width elementor-section-stretched elementor-hidden-mobile elementor-section-height-default elementor-section-height-default\" data-id=\"90e3767\" data-element_type=\"section\" data-settings=\"{&quot;stretch_section&quot;:&quot;section-stretched&quot;}\">\n\t\t\t\t\t\t<div class=\"elementor-container elementor-column-gap-default\">\n\t\t\t\t\t<div class=\"elementor-column elementor-col-100 elementor-top-column elementor-element elementor-element-145f07b\" data-id=\"145f07b\" data-element_type=\"column\">\n\t\t\t<div class=\"elementor-widget-wrap elementor-element-populated\">\n\t\t\t\t\t\t<div class=\"elementor-element elementor-element-9e1b6b8 elementor-widget elementor-widget-text-editor\" data-id=\"9e1b6b8\" data-element_type=\"widget\" data-widget_type=\"text-editor.default\">\n\t\t\t\t<div class=\"elementor-widget-container\">\n\t\t\t\t\t\t\t\t\t<p>2020-ban be\u00fczemel\u00e9sre ker\u00fclt egy 160 tonna z\u00e1r\u00f3erej\u0171 H v\u00e1zas excenterpr\u00e9s. A berendez\u00e9shez tartozik egy automata tekercsadagol\u00f3 \u00e9s egyenget\u0151 f\u00f3lialeh\u00faz\u00f3val. Jelenleg elox\u00e1lt alum\u00ednium alapanyagb\u00f3l pr\u00e9sel\u00fcnk orvostechnikai alkatr\u00e9szeket, melyeknek magas eszt\u00e9tikai k\u00f6vetelm\u00e9nyeknek kell megfelelni\u00fck. A stabil \u00e9s kisz\u00e1m\u00edthat\u00f3 min\u0151s\u00e9g \u00e9rdek\u00e9ben a berendez\u00e9shez csatlakoztattunk egy automata optikai v\u00e1logat\u00f3rendszert, melynek seg\u00edts\u00e9g\u00e9vel gyakorlatilag hibamentesen tudjuk kiszolg\u00e1lni vev\u0151inket. A jelenlegi alum\u00ednium alapanyag mellett k\u00e9pesek vagyunk ac\u00e9lpr\u00e9s alkatr\u00e9szek gy\u00e1rt\u00e1s\u00e1ra is, tekercsb\u0151l t\u00f6rt\u00e9n\u0151 gy\u00e1rt\u00e1s eset\u00e9n 2 mm, k\u00e9zi adagol\u00e1s eset\u00e9n pedig a z\u00e1r\u00f3er\u0151 \u00e1ltal hat\u00e1rolt vastags\u00e1ggal.<\/p>\t\t\t\t\t\t\t\t<\/div>\n\t\t\t\t<\/div>\n\t\t\t\t\t<\/div>\n\t\t<\/div>\n\t\t\t\t\t<\/div>\n\t\t<\/section>\n\t\t\t\t<section class=\"elementor-section elementor-top-section elementor-element elementor-element-be1b105 elementor-section-full_width elementor-section-stretched elementor-hidden-desktop elementor-hidden-tablet elementor-section-height-default elementor-section-height-default\" data-id=\"be1b105\" data-element_type=\"section\" data-settings=\"{&quot;stretch_section&quot;:&quot;section-stretched&quot;}\">\n\t\t\t\t\t\t<div class=\"elementor-container elementor-column-gap-default\">\n\t\t\t\t\t<div class=\"elementor-column elementor-col-100 elementor-top-column elementor-element elementor-element-05d1c7d\" data-id=\"05d1c7d\" data-element_type=\"column\">\n\t\t\t<div class=\"elementor-widget-wrap elementor-element-populated\">\n\t\t\t\t\t\t<div class=\"elementor-element elementor-element-11fcd57 elementor-widget elementor-widget-text-editor\" data-id=\"11fcd57\" data-element_type=\"widget\" data-widget_type=\"text-editor.default\">\n\t\t\t\t<div class=\"elementor-widget-container\">\n\t\t\t\t\t\t\t\t\t<p>2020-ban be\u00fczemel\u00e9sre ker\u00fclt egy 160 tonna z\u00e1r\u00f3erej\u0171 H v\u00e1zas excenterpr\u00e9s. A berendez\u00e9shez tartozik egy automata tekercsadagol\u00f3 \u00e9s egyenget\u0151 f\u00f3lialeh\u00faz\u00f3val.<\/p><p>Jelenleg elox\u00e1lt alum\u00ednium alapanyagb\u00f3l pr\u00e9sel\u00fcnk orvostechnikai alkatr\u00e9szeket, melyeknek magas eszt\u00e9tikai k\u00f6vetelm\u00e9nyeknek kell megfelelni\u00fck. A stabil \u00e9s kisz\u00e1m\u00edthat\u00f3 min\u0151s\u00e9g \u00e9rdek\u00e9ben a berendez\u00e9shez csatlakoztattunk egy automata optikai v\u00e1logat\u00f3rendszert, melynek seg\u00edts\u00e9g\u00e9vel gyakorlatilag hibamentesen tudjuk kiszolg\u00e1lni vev\u0151inket.<\/p><p>A jelenlegi alum\u00ednium alapanyag mellett k\u00e9pesek vagyunk ac\u00e9lpr\u00e9s alkatr\u00e9szek gy\u00e1rt\u00e1s\u00e1ra is, tekercsb\u0151l t\u00f6rt\u00e9n\u0151 gy\u00e1rt\u00e1s eset\u00e9n 2mm, k\u00e9zi adagol\u00e1s eset\u00e9n pedig a z\u00e1r\u00f3er\u0151 \u00e1ltal hat\u00e1rolt vastags\u00e1ggal.<\/p>\t\t\t\t\t\t\t\t<\/div>\n\t\t\t\t<\/div>\n\t\t\t\t\t<\/div>\n\t\t<\/div>\n\t\t\t\t\t<\/div>\n\t\t<\/section>\n\t\t\t\t<section class=\"elementor-section elementor-top-section elementor-element elementor-element-6293e84 elementor-section-full_width elementor-section-stretched elementor-section-height-default elementor-section-height-default\" data-id=\"6293e84\" data-element_type=\"section\" data-settings=\"{&quot;background_background&quot;:&quot;gradient&quot;,&quot;stretch_section&quot;:&quot;section-stretched&quot;}\">\n\t\t\t\t\t\t<div class=\"elementor-container elementor-column-gap-default\">\n\t\t\t\t\t<div class=\"elementor-column elementor-col-100 elementor-top-column elementor-element elementor-element-3a83a96\" data-id=\"3a83a96\" data-element_type=\"column\">\n\t\t\t<div class=\"elementor-widget-wrap elementor-element-populated\">\n\t\t\t\t\t\t<div class=\"elementor-element elementor-element-5cc4e60 elementor-absolute elementor-widget elementor-widget-heading\" data-id=\"5cc4e60\" data-element_type=\"widget\" data-settings=\"{&quot;_position&quot;:&quot;absolute&quot;}\" data-widget_type=\"heading.default\">\n\t\t\t\t<div class=\"elementor-widget-container\">\n\t\t\t\t\t<p class=\"elementor-heading-title elementor-size-default\">Travel<\/p>\t\t\t\t<\/div>\n\t\t\t\t<\/div>\n\t\t\t\t<div class=\"elementor-element elementor-element-616ea94 elementor-widget elementor-widget-eael-image-accordion\" data-id=\"616ea94\" data-element_type=\"widget\" data-widget_type=\"eael-image-accordion.default\">\n\t\t\t\t<div class=\"elementor-widget-container\">\n\t\t\t\t\t    <div class=\"eael-img-accordion accordion-direction-horizontal eael-img-accordion-horizontal-align-center eael-img-accordion-vertical-align-center\" id=\"eael-img-accordion-616ea94\" data-img-accordion-id=\"616ea94\" data-img-accordion-type=\"on-hover\">\n                    \n            <div class=\"eael-image-accordion-hover eael-image-accordion-item\" style=\"background-image: url(http:\/\/camilleon.hu\/wp-content\/uploads\/2022\/07\/IMG_6257-scaled.jpg);\"  tabindex=\"0\">\n                <div class=\"overlay\">\n                    <div class=\"overlay-inner \">\n                                            <\/div>\n                <\/div>\n            <\/div>\n                    \n            <div class=\"eael-image-accordion-hover eael-image-accordion-item\" style=\"background-image: url(http:\/\/camilleon.hu\/wp-content\/uploads\/2022\/08\/IMG-3868-1-scaled.jpg);\"  tabindex=\"0\">\n                <div class=\"overlay\">\n                    <div class=\"overlay-inner \">\n                                            <\/div>\n                <\/div>\n            <\/div>\n                    \n            <div class=\"eael-image-accordion-hover eael-image-accordion-item\" style=\"background-image: url(http:\/\/camilleon.hu\/wp-content\/uploads\/2022\/07\/DSC_0516-1-scaled.jpg);\"  tabindex=\"0\">\n                <div class=\"overlay\">\n                    <div class=\"overlay-inner \">\n                                            <\/div>\n                <\/div>\n            <\/div>\n                    \n            <div class=\"eael-image-accordion-hover eael-image-accordion-item\" style=\"background-image: url(http:\/\/camilleon.hu\/wp-content\/uploads\/2022\/08\/IMG-3861-scaled.jpg);\"  tabindex=\"0\">\n                <div class=\"overlay\">\n                    <div class=\"overlay-inner \">\n                                            <\/div>\n                <\/div>\n            <\/div>\n                <\/div>\n        <style typr=\"text\/css\">\n                    #eael-img-accordion-616ea94 .eael-image-accordion-hover:hover {\n                        flex: 3 1 0% !important;\n                    }\n                    #eael-img-accordion-616ea94 .eael-image-accordion-hover:hover:hover .overlay-inner * {\n                        opacity: 1;\n                        visibility: visible;\n                        transform: none;\n                        transition: all .3s .3s;\n                    }\n                <\/style>\t\t\t\t<\/div>\n\t\t\t\t<\/div>\n\t\t\t\t\t<\/div>\n\t\t<\/div>\n\t\t\t\t\t<\/div>\n\t\t<\/section>\n\t\t\t\t<\/div>\n\t\t","protected":false},"excerpt":{"rendered":"<p>Pr\u00e9sel\u00e9s 2020-ban be\u00fczemel\u00e9sre ker\u00fclt egy 160 tonna z\u00e1r\u00f3erej\u0171 H v\u00e1zas excenterpr\u00e9s. A berendez\u00e9shez tartozik egy automata tekercsadagol\u00f3 \u00e9s egyenget\u0151 f\u00f3lialeh\u00faz\u00f3val. Jelenleg elox\u00e1lt alum\u00ednium alapanyagb\u00f3l pr\u00e9sel\u00fcnk orvostechnikai alkatr\u00e9szeket, melyeknek magas eszt\u00e9tikai k\u00f6vetelm\u00e9nyeknek kell megfelelni\u00fck. A stabil \u00e9s kisz\u00e1m\u00edthat\u00f3 min\u0151s\u00e9g \u00e9rdek\u00e9ben a berendez\u00e9shez csatlakoztattunk egy automata optikai v\u00e1logat\u00f3rendszert, melynek seg\u00edts\u00e9g\u00e9vel gyakorlatilag hibamentesen tudjuk kiszolg\u00e1lni vev\u0151inket. A jelenlegi&hellip;&nbsp;<a href=\"https:\/\/camilleon.hu\/?page_id=225\" class=\"\" rel=\"bookmark\">Read More &raquo;<span class=\"screen-reader-text\">Pr\u00e9sel\u00e9s<\/span><\/a><\/p>\n","protected":false},"author":1,"featured_media":0,"parent":0,"menu_order":0,"comment_status":"closed","ping_status":"closed","template":"page-templates\/template-pagebuilder-full-width.php","meta":{"neve_meta_sidebar":"","neve_meta_container":"","neve_meta_enable_content_width":"","neve_meta_content_width":0,"neve_meta_title_alignment":"","neve_meta_author_avatar":"","neve_post_elements_order":"","neve_meta_disable_header":"","neve_meta_disable_footer":"","neve_meta_disable_title":"","pgc_sgb_lightbox_settings":"","footnotes":""},"class_list":["post-225","page","type-page","status-publish","hentry"],"rttpg_featured_image_url":null,"rttpg_author":{"display_name":"camilleon","author_link":"https:\/\/camilleon.hu\/?author=1"},"rttpg_comment":0,"rttpg_category":" <a href=\"https:\/\/camilleon.hu\/\" rel=\"tag\">Magyar<\/a>","rttpg_excerpt":"Pr\u00e9sel\u00e9s 2020-ban be\u00fczemel\u00e9sre ker\u00fclt egy 160 tonna z\u00e1r\u00f3erej\u0171 H v\u00e1zas excenterpr\u00e9s. A berendez\u00e9shez tartozik egy automata tekercsadagol\u00f3 \u00e9s egyenget\u0151 f\u00f3lialeh\u00faz\u00f3val. Jelenleg elox\u00e1lt alum\u00ednium alapanyagb\u00f3l pr\u00e9sel\u00fcnk orvostechnikai alkatr\u00e9szeket, melyeknek magas eszt\u00e9tikai k\u00f6vetelm\u00e9nyeknek kell megfelelni\u00fck. A stabil \u00e9s kisz\u00e1m\u00edthat\u00f3 min\u0151s\u00e9g \u00e9rdek\u00e9ben a berendez\u00e9shez csatlakoztattunk egy automata optikai v\u00e1logat\u00f3rendszert, melynek seg\u00edts\u00e9g\u00e9vel gyakorlatilag hibamentesen tudjuk kiszolg\u00e1lni vev\u0151inket. A jelenlegi&hellip;&nbsp;Read&hellip;","_links":{"self":[{"href":"https:\/\/camilleon.hu\/index.php?rest_route=\/wp\/v2\/pages\/225","targetHints":{"allow":["GET"]}}],"collection":[{"href":"https:\/\/camilleon.hu\/index.php?rest_route=\/wp\/v2\/pages"}],"about":[{"href":"https:\/\/camilleon.hu\/index.php?rest_route=\/wp\/v2\/types\/page"}],"author":[{"embeddable":true,"href":"https:\/\/camilleon.hu\/index.php?rest_route=\/wp\/v2\/users\/1"}],"replies":[{"embeddable":true,"href":"https:\/\/camilleon.hu\/index.php?rest_route=%2Fwp%2Fv2%2Fcomments&post=225"}],"version-history":[{"count":56,"href":"https:\/\/camilleon.hu\/index.php?rest_route=\/wp\/v2\/pages\/225\/revisions"}],"predecessor-version":[{"id":1890,"href":"https:\/\/camilleon.hu\/index.php?rest_route=\/wp\/v2\/pages\/225\/revisions\/1890"}],"wp:attachment":[{"href":"https:\/\/camilleon.hu\/index.php?rest_route=%2Fwp%2Fv2%2Fmedia&parent=225"}],"curies":[{"name":"wp","href":"https:\/\/api.w.org\/{rel}","templated":true}]}}