{"id":2671,"date":"2026-02-21T13:55:08","date_gmt":"2026-02-21T13:55:08","guid":{"rendered":"https:\/\/camilleon.hu\/?page_id=2671"},"modified":"2026-02-21T14:04:02","modified_gmt":"2026-02-21T14:04:02","slug":"elementor-2671","status":"publish","type":"page","link":"https:\/\/camilleon.hu\/?page_id=2671","title":{"rendered":"Munkak\u00f6r\u00fclm\u00e9nyek fejleszt\u00e9se"},"content":{"rendered":"\t\t<div data-elementor-type=\"wp-page\" data-elementor-id=\"2671\" class=\"elementor elementor-2671\">\n\t\t\t\t\t\t<header class=\"elementor-section elementor-top-section elementor-element elementor-element-36f27b42 elementor-section-content-middle animated-slow elementor-section-full_width elementor-section-stretched elementor-section-height-default elementor-section-height-default elementor-invisible\" data-id=\"36f27b42\" data-element_type=\"section\" data-settings=\"{&quot;background_background&quot;:&quot;classic&quot;,&quot;shape_divider_bottom&quot;:&quot;arrow&quot;,&quot;shape_divider_bottom_negative&quot;:&quot;yes&quot;,&quot;animation&quot;:&quot;fadeIn&quot;,&quot;stretch_section&quot;:&quot;section-stretched&quot;}\">\n\t\t\t\t\t\t\t<div class=\"elementor-background-overlay\"><\/div>\n\t\t\t\t\t\t<div class=\"elementor-shape elementor-shape-bottom\" aria-hidden=\"true\" data-negative=\"true\">\n\t\t\t<svg xmlns=\"http:\/\/www.w3.org\/2000\/svg\" viewBox=\"0 0 700 10\" preserveAspectRatio=\"none\">\n\t<path class=\"elementor-shape-fill\" d=\"M360 0L350 9.9 340 0 0 0 0 10 700 10 700 0\"\/>\n<\/svg>\t\t<\/div>\n\t\t\t\t\t<div class=\"elementor-container elementor-column-gap-default\">\n\t\t\t\t\t<div class=\"elementor-column elementor-col-100 elementor-top-column elementor-element elementor-element-113adfb4\" data-id=\"113adfb4\" data-element_type=\"column\">\n\t\t\t<div class=\"elementor-widget-wrap elementor-element-populated\">\n\t\t\t\t\t\t<div class=\"elementor-element elementor-element-6c9ff902 elementor-widget elementor-widget-heading\" data-id=\"6c9ff902\" data-element_type=\"widget\" data-widget_type=\"heading.default\">\n\t\t\t\t<div class=\"elementor-widget-container\">\n\t\t\t\t\t<h2 class=\"elementor-heading-title elementor-size-default\">P\u00e1ly\u00e1zatok<\/h2>\t\t\t\t<\/div>\n\t\t\t\t<\/div>\n\t\t\t\t\t<\/div>\n\t\t<\/div>\n\t\t\t\t\t<\/div>\n\t\t<\/header>\n\t\t\t\t<section class=\"elementor-section elementor-top-section elementor-element elementor-element-a99756a elementor-section-full_width elementor-section-stretched elementor-section-height-default elementor-section-height-default\" data-id=\"a99756a\" data-element_type=\"section\" data-settings=\"{&quot;stretch_section&quot;:&quot;section-stretched&quot;}\">\n\t\t\t\t\t\t<div class=\"elementor-container elementor-column-gap-default\">\n\t\t\t\t\t<div class=\"elementor-column elementor-col-100 elementor-top-column elementor-element elementor-element-eb6a2d1\" data-id=\"eb6a2d1\" data-element_type=\"column\">\n\t\t\t<div class=\"elementor-widget-wrap elementor-element-populated\">\n\t\t\t\t\t\t<div class=\"elementor-element elementor-element-301cb308 elementor-widget elementor-widget-heading\" data-id=\"301cb308\" data-element_type=\"widget\" data-widget_type=\"heading.default\">\n\t\t\t\t<div class=\"elementor-widget-container\">\n\t\t\t\t\t<h3 class=\"elementor-heading-title elementor-size-default\">GINOP_Plusz-3.2.5-24 \u201eMunkak\u00f6r\u00fclm\u00e9nyek fejleszt\u00e9se\u201d<\/h3>\t\t\t\t<\/div>\n\t\t\t\t<\/div>\n\t\t\t\t\t<\/div>\n\t\t<\/div>\n\t\t\t\t\t<\/div>\n\t\t<\/section>\n\t\t\t\t<section class=\"elementor-section elementor-top-section elementor-element elementor-element-7f303fc6 elementor-section-full_width elementor-section-stretched elementor-section-height-default elementor-section-height-default\" data-id=\"7f303fc6\" data-element_type=\"section\" data-settings=\"{&quot;stretch_section&quot;:&quot;section-stretched&quot;}\">\n\t\t\t\t\t\t<div class=\"elementor-container elementor-column-gap-default\">\n\t\t\t\t\t<div class=\"elementor-column elementor-col-50 elementor-top-column elementor-element elementor-element-62143b9b\" data-id=\"62143b9b\" data-element_type=\"column\">\n\t\t\t<div class=\"elementor-widget-wrap elementor-element-populated\">\n\t\t\t\t\t\t<div class=\"elementor-element elementor-element-5e19242c elementor-widget__width-initial elementor-widget elementor-widget-heading\" data-id=\"5e19242c\" data-element_type=\"widget\" data-widget_type=\"heading.default\">\n\t\t\t\t<div class=\"elementor-widget-container\">\n\t\t\t\t\t<h3 class=\"elementor-heading-title elementor-size-default\">PROJEKT R\u00d6VID BEMUTAT\u00c1SA:<\/h3>\t\t\t\t<\/div>\n\t\t\t\t<\/div>\n\t\t\t\t<div class=\"elementor-element elementor-element-3c7cfb04 elementor-widget elementor-widget-spacer\" data-id=\"3c7cfb04\" data-element_type=\"widget\" data-widget_type=\"spacer.default\">\n\t\t\t\t<div class=\"elementor-widget-container\">\n\t\t\t\t\t\t\t<div class=\"elementor-spacer\">\n\t\t\t<div class=\"elementor-spacer-inner\"><\/div>\n\t\t<\/div>\n\t\t\t\t\t\t<\/div>\n\t\t\t\t<\/div>\n\t\t\t\t<div class=\"elementor-element elementor-element-199bb658 elementor-widget elementor-widget-text-editor\" data-id=\"199bb658\" data-element_type=\"widget\" data-widget_type=\"text-editor.default\">\n\t\t\t\t<div class=\"elementor-widget-container\">\n\t\t\t\t\t\t\t\t\t<p>A Camilleon Kft. fejleszt\u00e9si projektje a hal\u00e1szteleki telephelyen a munkav\u00e9delmi szint emel\u00e9s\u00e9t \u00e9s az eg\u00e9szs\u00e9ges munkak\u00f6rnyezet kialak\u00edt\u00e1s\u00e1t szolg\u00e1lja. A projekt keret\u00e9ben korszer\u0171 olajk\u00f6d-elsz\u00edv\u00f3 berendez\u00e9sek beszerz\u00e9se \u00e9s be\u00fczemel\u00e9se val\u00f3sul meg, amely kollekt\u00edv v\u00e9delmet biztos\u00edt mind az ezekben a munkafolyamatokban r\u00e9sztvev\u0151, mind a k\u00f6rnyezet\u00fckben dolgoz\u00f3 koll\u00e9g\u00e1k eset\u00e9ben. A fejleszt\u00e9s 38 f\u0151, f\u0151k\u00e9nt fizikai dolgoz\u00f3 munkav\u00e1llal\u00f3t \u00e9rint. A projekt k\u00f6zvetlen \u00e9rintettje 1 f\u0151 megv\u00e1ltozott munkak\u00e9pess\u00e9g\u0171 szersz\u00e1mk\u00e9sz\u00edt\u0151 munkak\u00f6rben dolgoz\u00f3 munkav\u00e1llal\u00f3 is, aki \u00e1ltal \u00fczemeltetett munka\u00e1llom\u00e1sra.<br \/>is telep\u00edt\u00e9sre ker\u00fcl egy berendez\u00e9s. A munkag\u00e9pekre telep\u00edtett elsz\u00edv\u00f3k alkalmaz\u00e1s\u00e1val a munkahelyi l\u00e9gt\u00e9rbe ker\u00fcl\u0151 por \u00e9s<br \/>szennyez\u0151 szemcs\u00e9k lev\u00e1laszt\u00e1sra ker\u00fclnek egy z\u00e1rt rendszerben. Ezzel nagym\u00e9rt\u00e9kben cs\u00f6kken a l\u00e9gt\u00e9rben a porszennyez\u00e9s, melynek c\u00e9lja a leveg\u0151min\u0151s\u00e9g jav\u00edt\u00e1sa, az allergi\u00e1s, \u00e9s l\u00e9g\u00fati megbeteged\u00e9sek kock\u00e1zat\u00e1nak a cs\u00f6kkent\u00e9se. A berendez\u00e9sekre telep\u00edtett lev\u00e1laszt\u00f3k a munkahelyi leveg\u0151 min\u0151s\u00e9g\u00e9nek jav\u00edt\u00e1s\u00e1val egy kellemesebb \u00e9s eg\u00e9szs\u00e9gesebb<br \/>munkak\u00f6rnyezetet biztos\u00edtanak a munkav\u00e1llal\u00f3ink sz\u00e1m\u00e1ra.<br \/>A projekt az Eur\u00f3pai Uni\u00f3 t\u00e1mogat\u00e1s\u00e1val, a magyar \u00e1llam t\u00e1rsfinansz\u00edroz\u00e1s\u00e1val val\u00f3sul meg.<\/p><p>A projekt tervezett befejez\u00e9si d\u00e1tuma: 2026. 05. 24.<\/p>\t\t\t\t\t\t\t\t<\/div>\n\t\t\t\t<\/div>\n\t\t\t\t\t<\/div>\n\t\t<\/div>\n\t\t\t\t<div class=\"elementor-column elementor-col-50 elementor-top-column elementor-element elementor-element-1c058a\" data-id=\"1c058a\" data-element_type=\"column\">\n\t\t\t<div class=\"elementor-widget-wrap elementor-element-populated\">\n\t\t\t\t\t\t<div class=\"elementor-element elementor-element-79fcf6e4 elementor-widget elementor-widget-image\" data-id=\"79fcf6e4\" data-element_type=\"widget\" data-widget_type=\"image.default\">\n\t\t\t\t<div class=\"elementor-widget-container\">\n\t\t\t\t\t\t\t\t\t\t\t\t\t\t\t<img fetchpriority=\"high\" decoding=\"async\" width=\"1201\" height=\"340\" src=\"https:\/\/camilleon.hu\/wp-content\/uploads\/2026\/02\/palyazat_szechenyi.png\" class=\"attachment-full size-full wp-image-2673\" alt=\"\" srcset=\"https:\/\/camilleon.hu\/wp-content\/uploads\/2026\/02\/palyazat_szechenyi.png 1201w, https:\/\/camilleon.hu\/wp-content\/uploads\/2026\/02\/palyazat_szechenyi-300x85.png 300w, https:\/\/camilleon.hu\/wp-content\/uploads\/2026\/02\/palyazat_szechenyi-1024x290.png 1024w, https:\/\/camilleon.hu\/wp-content\/uploads\/2026\/02\/palyazat_szechenyi-768x217.png 768w, https:\/\/camilleon.hu\/wp-content\/uploads\/2026\/02\/palyazat_szechenyi-600x170.png 600w\" sizes=\"(max-width: 1201px) 100vw, 1201px\" \/>\t\t\t\t\t\t\t\t\t\t\t\t\t\t\t<\/div>\n\t\t\t\t<\/div>\n\t\t\t\t\t<\/div>\n\t\t<\/div>\n\t\t\t\t\t<\/div>\n\t\t<\/section>\n\t\t\t\t<section class=\"elementor-section elementor-top-section elementor-element elementor-element-cab2c2a elementor-section-full_width elementor-section-stretched elementor-section-height-default elementor-section-height-default\" data-id=\"cab2c2a\" data-element_type=\"section\" data-settings=\"{&quot;stretch_section&quot;:&quot;section-stretched&quot;}\">\n\t\t\t\t\t\t<div class=\"elementor-container elementor-column-gap-default\">\n\t\t\t\t\t<div class=\"elementor-column elementor-col-20 elementor-top-column elementor-element elementor-element-74e6570c\" data-id=\"74e6570c\" data-element_type=\"column\">\n\t\t\t<div class=\"elementor-widget-wrap elementor-element-populated\">\n\t\t\t\t\t\t<div class=\"elementor-element elementor-element-2048e7ba elementor-widget__width-initial elementor-widget elementor-widget-heading\" data-id=\"2048e7ba\" data-element_type=\"widget\" data-widget_type=\"heading.default\">\n\t\t\t\t<div class=\"elementor-widget-container\">\n\t\t\t\t\t<h3 class=\"elementor-heading-title elementor-size-default\">PROJEKT AZONOS\u00cdT\u00d3 SZ\u00c1MA:<\/h3>\t\t\t\t<\/div>\n\t\t\t\t<\/div>\n\t\t\t\t<div class=\"elementor-element elementor-element-2389a148 elementor-widget elementor-widget-text-editor\" data-id=\"2389a148\" data-element_type=\"widget\" data-widget_type=\"text-editor.default\">\n\t\t\t\t<div class=\"elementor-widget-container\">\n\t\t\t\t\t\t\t\t\t<p>PEM\/01\/012889-5\/2025<\/p>\t\t\t\t\t\t\t\t<\/div>\n\t\t\t\t<\/div>\n\t\t\t\t\t<\/div>\n\t\t<\/div>\n\t\t\t\t<div class=\"elementor-column elementor-col-20 elementor-top-column elementor-element elementor-element-5214f751\" data-id=\"5214f751\" data-element_type=\"column\">\n\t\t\t<div class=\"elementor-widget-wrap elementor-element-populated\">\n\t\t\t\t\t\t<div class=\"elementor-element elementor-element-462afa6f elementor-widget__width-initial elementor-widget elementor-widget-heading\" data-id=\"462afa6f\" data-element_type=\"widget\" data-widget_type=\"heading.default\">\n\t\t\t\t<div class=\"elementor-widget-container\">\n\t\t\t\t\t<h3 class=\"elementor-heading-title elementor-size-default\">FEJLESZT\u00c9S T\u00c1RGYA:<\/h3>\t\t\t\t<\/div>\n\t\t\t\t<\/div>\n\t\t\t\t<div class=\"elementor-element elementor-element-515fb8dc elementor-widget elementor-widget-text-editor\" data-id=\"515fb8dc\" data-element_type=\"widget\" data-widget_type=\"text-editor.default\">\n\t\t\t\t<div class=\"elementor-widget-container\">\n\t\t\t\t\t\t\t\t\t<p>GINOP_Plusz-3.2.5-24-2024-00001 &#8211; \u201eMunkak\u00f6r\u00fclm\u00e9nyek fejleszt\u00e9se\u201d<\/p>\t\t\t\t\t\t\t\t<\/div>\n\t\t\t\t<\/div>\n\t\t\t\t\t<\/div>\n\t\t<\/div>\n\t\t\t\t<div class=\"elementor-column elementor-col-20 elementor-top-column elementor-element elementor-element-509af8f\" data-id=\"509af8f\" data-element_type=\"column\">\n\t\t\t<div class=\"elementor-widget-wrap elementor-element-populated\">\n\t\t\t\t\t\t<div class=\"elementor-element elementor-element-290d711 elementor-widget__width-initial elementor-widget elementor-widget-heading\" data-id=\"290d711\" data-element_type=\"widget\" data-widget_type=\"heading.default\">\n\t\t\t\t<div class=\"elementor-widget-container\">\n\t\t\t\t\t<h3 class=\"elementor-heading-title elementor-size-default\">KEDVEZM\u00c9NYEZETT NEVE:<\/h3>\t\t\t\t<\/div>\n\t\t\t\t<\/div>\n\t\t\t\t<div class=\"elementor-element elementor-element-59a1eb1 elementor-widget elementor-widget-text-editor\" data-id=\"59a1eb1\" data-element_type=\"widget\" data-widget_type=\"text-editor.default\">\n\t\t\t\t<div class=\"elementor-widget-container\">\n\t\t\t\t\t\t\t\t\t<p>Camilleon M\u00e9rn\u00f6ki Szolg\u00e1ltat\u00f3 \u00e9s Kivitelez\u0151 Kft.<\/p>\t\t\t\t\t\t\t\t<\/div>\n\t\t\t\t<\/div>\n\t\t\t\t\t<\/div>\n\t\t<\/div>\n\t\t\t\t<div class=\"elementor-column elementor-col-20 elementor-top-column elementor-element elementor-element-5870c60c\" data-id=\"5870c60c\" data-element_type=\"column\">\n\t\t\t<div class=\"elementor-widget-wrap elementor-element-populated\">\n\t\t\t\t\t\t<div class=\"elementor-element elementor-element-2a244cdd elementor-widget__width-initial elementor-widget elementor-widget-heading\" data-id=\"2a244cdd\" data-element_type=\"widget\" data-widget_type=\"heading.default\">\n\t\t\t\t<div class=\"elementor-widget-container\">\n\t\t\t\t\t<h3 class=\"elementor-heading-title elementor-size-default\">T\u00c1MOGAT\u00c1S INTEZNIT\u00c1SA:<\/h3>\t\t\t\t<\/div>\n\t\t\t\t<\/div>\n\t\t\t\t<div class=\"elementor-element elementor-element-1d058225 elementor-widget elementor-widget-text-editor\" data-id=\"1d058225\" data-element_type=\"widget\" data-widget_type=\"text-editor.default\">\n\t\t\t\t<div class=\"elementor-widget-container\">\n\t\t\t\t\t\t\t\t\t<p><span style=\"font-weight: 400;\">100%<\/span><\/p>\t\t\t\t\t\t\t\t<\/div>\n\t\t\t\t<\/div>\n\t\t\t\t\t<\/div>\n\t\t<\/div>\n\t\t\t\t<div class=\"elementor-column elementor-col-20 elementor-top-column elementor-element elementor-element-66e90f32\" data-id=\"66e90f32\" data-element_type=\"column\">\n\t\t\t<div class=\"elementor-widget-wrap elementor-element-populated\">\n\t\t\t\t\t\t<div class=\"elementor-element elementor-element-3af72446 elementor-widget__width-initial elementor-widget elementor-widget-heading\" data-id=\"3af72446\" data-element_type=\"widget\" data-widget_type=\"heading.default\">\n\t\t\t\t<div class=\"elementor-widget-container\">\n\t\t\t\t\t<h3 class=\"elementor-heading-title elementor-size-default\">T\u00c1MOGAT\u00c1SI \u00d6SSZEG:<\/h3>\t\t\t\t<\/div>\n\t\t\t\t<\/div>\n\t\t\t\t<div class=\"elementor-element elementor-element-9ee9920 elementor-widget elementor-widget-text-editor\" data-id=\"9ee9920\" data-element_type=\"widget\" data-widget_type=\"text-editor.default\">\n\t\t\t\t<div class=\"elementor-widget-container\">\n\t\t\t\t\t\t\t\t\t<p>18\u00a0503\u00a0572 Ft<\/p>\t\t\t\t\t\t\t\t<\/div>\n\t\t\t\t<\/div>\n\t\t\t\t\t<\/div>\n\t\t<\/div>\n\t\t\t\t\t<\/div>\n\t\t<\/section>\n\t\t\t\t<\/div>\n\t\t","protected":false},"excerpt":{"rendered":"<p>P\u00e1ly\u00e1zatok GINOP_Plusz-3.2.5-24 \u201eMunkak\u00f6r\u00fclm\u00e9nyek fejleszt\u00e9se\u201d PROJEKT R\u00d6VID BEMUTAT\u00c1SA: A Camilleon Kft. fejleszt\u00e9si projektje a hal\u00e1szteleki telephelyen a munkav\u00e9delmi szint emel\u00e9s\u00e9t \u00e9s az eg\u00e9szs\u00e9ges munkak\u00f6rnyezet kialak\u00edt\u00e1s\u00e1t szolg\u00e1lja. A projekt keret\u00e9ben korszer\u0171 olajk\u00f6d-elsz\u00edv\u00f3 berendez\u00e9sek beszerz\u00e9se \u00e9s be\u00fczemel\u00e9se val\u00f3sul meg, amely kollekt\u00edv v\u00e9delmet biztos\u00edt mind az ezekben a munkafolyamatokban r\u00e9sztvev\u0151, mind a k\u00f6rnyezet\u00fckben dolgoz\u00f3 koll\u00e9g\u00e1k eset\u00e9ben. A fejleszt\u00e9s 38&hellip;&nbsp;<a href=\"https:\/\/camilleon.hu\/?page_id=2671\" class=\"\" rel=\"bookmark\">Read More &raquo;<span class=\"screen-reader-text\">Munkak\u00f6r\u00fclm\u00e9nyek fejleszt\u00e9se<\/span><\/a><\/p>\n","protected":false},"author":1,"featured_media":0,"parent":0,"menu_order":0,"comment_status":"closed","ping_status":"closed","template":"","meta":{"neve_meta_sidebar":"","neve_meta_container":"","neve_meta_enable_content_width":"","neve_meta_content_width":0,"neve_meta_title_alignment":"","neve_meta_author_avatar":"","neve_post_elements_order":"","neve_meta_disable_header":"","neve_meta_disable_footer":"","neve_meta_disable_title":"","pgc_sgb_lightbox_settings":"","footnotes":""},"class_list":["post-2671","page","type-page","status-publish","hentry"],"rttpg_featured_image_url":null,"rttpg_author":{"display_name":"camilleon","author_link":"https:\/\/camilleon.hu\/?author=1"},"rttpg_comment":0,"rttpg_category":" <a href=\"https:\/\/camilleon.hu\/\" rel=\"tag\">Magyar<\/a>","rttpg_excerpt":"P\u00e1ly\u00e1zatok GINOP_Plusz-3.2.5-24 \u201eMunkak\u00f6r\u00fclm\u00e9nyek fejleszt\u00e9se\u201d PROJEKT R\u00d6VID BEMUTAT\u00c1SA: A Camilleon Kft. fejleszt\u00e9si projektje a hal\u00e1szteleki telephelyen a munkav\u00e9delmi szint emel\u00e9s\u00e9t \u00e9s az eg\u00e9szs\u00e9ges munkak\u00f6rnyezet kialak\u00edt\u00e1s\u00e1t szolg\u00e1lja. A projekt keret\u00e9ben korszer\u0171 olajk\u00f6d-elsz\u00edv\u00f3 berendez\u00e9sek beszerz\u00e9se \u00e9s be\u00fczemel\u00e9se val\u00f3sul meg, amely kollekt\u00edv v\u00e9delmet biztos\u00edt mind az ezekben a munkafolyamatokban r\u00e9sztvev\u0151, mind a k\u00f6rnyezet\u00fckben dolgoz\u00f3 koll\u00e9g\u00e1k eset\u00e9ben. A fejleszt\u00e9s 38&hellip;&nbsp;Read&hellip;","_links":{"self":[{"href":"https:\/\/camilleon.hu\/index.php?rest_route=\/wp\/v2\/pages\/2671","targetHints":{"allow":["GET"]}}],"collection":[{"href":"https:\/\/camilleon.hu\/index.php?rest_route=\/wp\/v2\/pages"}],"about":[{"href":"https:\/\/camilleon.hu\/index.php?rest_route=\/wp\/v2\/types\/page"}],"author":[{"embeddable":true,"href":"https:\/\/camilleon.hu\/index.php?rest_route=\/wp\/v2\/users\/1"}],"replies":[{"embeddable":true,"href":"https:\/\/camilleon.hu\/index.php?rest_route=%2Fwp%2Fv2%2Fcomments&post=2671"}],"version-history":[{"count":18,"href":"https:\/\/camilleon.hu\/index.php?rest_route=\/wp\/v2\/pages\/2671\/revisions"}],"predecessor-version":[{"id":2699,"href":"https:\/\/camilleon.hu\/index.php?rest_route=\/wp\/v2\/pages\/2671\/revisions\/2699"}],"wp:attachment":[{"href":"https:\/\/camilleon.hu\/index.php?rest_route=%2Fwp%2Fv2%2Fmedia&parent=2671"}],"curies":[{"name":"wp","href":"https:\/\/api.w.org\/{rel}","templated":true}]}}