{"id":293,"date":"2022-07-30T08:03:08","date_gmt":"2022-07-30T08:03:08","guid":{"rendered":"https:\/\/camilleon.hu\/?page_id=293"},"modified":"2026-04-14T10:53:30","modified_gmt":"2026-04-14T10:53:30","slug":"palyazatok","status":"publish","type":"page","link":"https:\/\/camilleon.hu\/?page_id=293","title":{"rendered":"P\u00e1ly\u00e1zatok"},"content":{"rendered":"\t\t<div data-elementor-type=\"wp-page\" data-elementor-id=\"293\" class=\"elementor elementor-293\">\n\t\t\t\t\t\t<section class=\"elementor-section elementor-top-section elementor-element elementor-element-d6fdfef elementor-section-content-middle envato-kit-141-top-0 elementor-section-full_width elementor-section-stretched elementor-section-height-default elementor-section-height-default\" data-id=\"d6fdfef\" data-element_type=\"section\" data-settings=\"{&quot;background_background&quot;:&quot;classic&quot;,&quot;stretch_section&quot;:&quot;section-stretched&quot;}\">\n\t\t\t\t\t\t\t<div class=\"elementor-background-overlay\"><\/div>\n\t\t\t\t\t\t\t<div class=\"elementor-container elementor-column-gap-wide\">\n\t\t\t\t\t<div class=\"elementor-column elementor-col-100 elementor-top-column elementor-element elementor-element-822b966\" data-id=\"822b966\" data-element_type=\"column\">\n\t\t\t<div class=\"elementor-widget-wrap elementor-element-populated\">\n\t\t\t\t\t\t<div class=\"elementor-element elementor-element-dcf96d1 elementor-widget elementor-widget-heading\" data-id=\"dcf96d1\" data-element_type=\"widget\" data-widget_type=\"heading.default\">\n\t\t\t\t<div class=\"elementor-widget-container\">\n\t\t\t\t\t<h2 class=\"elementor-heading-title elementor-size-default\">P\u00e1ly\u00e1zatok<\/h2>\t\t\t\t<\/div>\n\t\t\t\t<\/div>\n\t\t\t\t<div class=\"elementor-element elementor-element-abceefe elementor-widget-divider--view-line elementor-widget elementor-widget-divider\" data-id=\"abceefe\" data-element_type=\"widget\" data-widget_type=\"divider.default\">\n\t\t\t\t<div class=\"elementor-widget-container\">\n\t\t\t\t\t\t\t<div class=\"elementor-divider\">\n\t\t\t<span class=\"elementor-divider-separator\">\n\t\t\t\t\t\t<\/span>\n\t\t<\/div>\n\t\t\t\t\t\t<\/div>\n\t\t\t\t<\/div>\n\t\t\t\t\t<\/div>\n\t\t<\/div>\n\t\t\t\t\t<\/div>\n\t\t<\/section>\n\t\t\t\t<section class=\"elementor-section elementor-top-section elementor-element elementor-element-0dbbdfc envato-kit-141-top-0 elementor-section-full_width elementor-section-stretched elementor-section-height-default elementor-section-height-default\" data-id=\"0dbbdfc\" data-element_type=\"section\" data-settings=\"{&quot;background_background&quot;:&quot;classic&quot;,&quot;stretch_section&quot;:&quot;section-stretched&quot;}\">\n\t\t\t\t\t\t\t<div class=\"elementor-background-overlay\"><\/div>\n\t\t\t\t\t\t\t<div class=\"elementor-container elementor-column-gap-wide\">\n\t\t\t\t\t<div class=\"elementor-column elementor-col-25 elementor-top-column elementor-element elementor-element-12fcfcb\" data-id=\"12fcfcb\" data-element_type=\"column\">\n\t\t\t<div class=\"elementor-widget-wrap elementor-element-populated\">\n\t\t\t\t\t\t<section class=\"elementor-section elementor-inner-section elementor-element elementor-element-2efa066 elementor-section-content-middle elementor-section-boxed elementor-section-height-default elementor-section-height-default elementor-invisible\" data-id=\"2efa066\" data-element_type=\"section\" data-settings=\"{&quot;background_background&quot;:&quot;classic&quot;,&quot;animation&quot;:&quot;fadeIn&quot;,&quot;animation_delay&quot;:100}\">\n\t\t\t\t\t\t<div class=\"elementor-container elementor-column-gap-no\">\n\t\t\t\t\t<div class=\"elementor-column elementor-col-100 elementor-inner-column elementor-element elementor-element-2dec5c2\" data-id=\"2dec5c2\" data-element_type=\"column\">\n\t\t\t<div class=\"elementor-widget-wrap elementor-element-populated\">\n\t\t\t\t\t\t<div class=\"elementor-element elementor-element-19fdb23 elementor-widget elementor-widget-heading\" data-id=\"19fdb23\" data-element_type=\"widget\" data-widget_type=\"heading.default\">\n\t\t\t\t<div class=\"elementor-widget-container\">\n\t\t\t\t\t<h2 class=\"elementor-heading-title elementor-size-default\">Camilleon Kft kapacit\u00e1sn\u00f6vel\u0151 \u00e9s technol\u00f3giai fejleszt\u0151 beruh\u00e1z\u00e1s 2016\u200b<\/h2>\t\t\t\t<\/div>\n\t\t\t\t<\/div>\n\t\t\t\t<div class=\"elementor-element elementor-element-8debd57 elementor-widget elementor-widget-text-editor\" data-id=\"8debd57\" data-element_type=\"widget\" data-widget_type=\"text-editor.default\">\n\t\t\t\t<div class=\"elementor-widget-container\">\n\t\t\t\t\t\t\t\t\t<p>Projekt keret\u00e9ben CAMilleon Kft korszer\u0171s\u00edti a m\u0171hely vil\u00e1g\u00edt\u00e1s\u00e1t. A r\u00e9gi f\u00e9nycs\u00f6vek helyett korszer\u0171 LED-es csarnokvil\u00e1g\u00edt\u00f3k ker\u00fclnek \u00fczembe helyez\u00e9sre. <span style=\"font-weight: 400;\">Felszerel\u00e9sre ker\u00fcl egy 180kWp n\u00e9vleges teljes\u00edtm\u00e9ny\u0171 mono krist\u00e1lyos napelemes rendszer, amely az \u00fczem energiafogyaszt\u00e1s\u00e1nak mintegy negyed\u00e9t tudja biztos\u00edtani.<\/span><\/p>\t\t\t\t\t\t\t\t<\/div>\n\t\t\t\t<\/div>\n\t\t\t\t<div class=\"elementor-element elementor-element-f2da04c elementor-align-center elementor-widget elementor-widget-button\" data-id=\"f2da04c\" data-element_type=\"widget\" data-settings=\"{&quot;_animation&quot;:&quot;none&quot;}\" data-widget_type=\"button.default\">\n\t\t\t\t<div class=\"elementor-widget-container\">\n\t\t\t\t\t\t\t\t\t<div class=\"elementor-button-wrapper\">\n\t\t\t\t\t<a class=\"elementor-button elementor-button-link elementor-size-sm\" href=\"https:\/\/camilleon.hu\/?page_id=318\" target=\"_blank\">\n\t\t\t\t\t\t<span class=\"elementor-button-content-wrapper\">\n\t\t\t\t\t\t\t\t\t<span class=\"elementor-button-text\">R\u00e9szletek<\/span>\n\t\t\t\t\t<\/span>\n\t\t\t\t\t<\/a>\n\t\t\t\t<\/div>\n\t\t\t\t\t\t\t\t<\/div>\n\t\t\t\t<\/div>\n\t\t\t\t\t<\/div>\n\t\t<\/div>\n\t\t\t\t\t<\/div>\n\t\t<\/section>\n\t\t\t\t\t<\/div>\n\t\t<\/div>\n\t\t\t\t<div class=\"elementor-column elementor-col-25 elementor-top-column elementor-element elementor-element-1f1f20c\" data-id=\"1f1f20c\" data-element_type=\"column\">\n\t\t\t<div class=\"elementor-widget-wrap elementor-element-populated\">\n\t\t\t\t\t\t<section class=\"elementor-section elementor-inner-section elementor-element elementor-element-3c28aba elementor-section-content-middle elementor-section-boxed elementor-section-height-default elementor-section-height-default elementor-invisible\" data-id=\"3c28aba\" data-element_type=\"section\" data-settings=\"{&quot;background_background&quot;:&quot;classic&quot;,&quot;animation&quot;:&quot;fadeIn&quot;,&quot;animation_delay&quot;:200}\">\n\t\t\t\t\t\t<div class=\"elementor-container elementor-column-gap-no\">\n\t\t\t\t\t<div class=\"elementor-column elementor-col-100 elementor-inner-column elementor-element elementor-element-c20d05c\" data-id=\"c20d05c\" data-element_type=\"column\">\n\t\t\t<div class=\"elementor-widget-wrap elementor-element-populated\">\n\t\t\t\t\t\t<div class=\"elementor-element elementor-element-4467c77 elementor-widget elementor-widget-heading\" data-id=\"4467c77\" data-element_type=\"widget\" data-widget_type=\"heading.default\">\n\t\t\t\t<div class=\"elementor-widget-container\">\n\t\t\t\t\t<h2 class=\"elementor-heading-title elementor-size-default\">PM_KKVESZKOZ_2017 k\u00f3dsz\u00e1m\u00fa, \u201eMikro-, kis- \u00e9s k\u00f6z\u00e9pv\u00e1llalkoz\u00e1sok eszk\u00f6zberuh\u00e1z\u00e1sainak t\u00e1mogat\u00e1sa Pest megye ter\u00fclet\u00e9n\"<\/h2>\t\t\t\t<\/div>\n\t\t\t\t<\/div>\n\t\t\t\t<div class=\"elementor-element elementor-element-ec4914d elementor-widget elementor-widget-text-editor\" data-id=\"ec4914d\" data-element_type=\"widget\" data-widget_type=\"text-editor.default\">\n\t\t\t\t<div class=\"elementor-widget-container\">\n\t\t\t\t\t\t\t\t\t<p>A Camilleon Kft. hal\u00e1sztelki telephely\u00e9nek fejleszt\u00e9se, \u00faj csarnok\u00e9p\u00fclet fel\u00e9p\u00edt\u00e9se, p\u00e1ly\u00e1zat eredm\u00e9nyek\u00e9nt, a 2010 \u00f3ta Hal\u00e1sztelken fel\u00e9p\u00fclt csarnokunk mell\u00e9 egy \u00faj klimatiz\u00e1lt \u00fczemcsarnokot \u00e9p\u00edt\u00fcnk fel.<\/p>\t\t\t\t\t\t\t\t<\/div>\n\t\t\t\t<\/div>\n\t\t\t\t<div class=\"elementor-element elementor-element-09a4054 elementor-align-center elementor-widget elementor-widget-button\" data-id=\"09a4054\" data-element_type=\"widget\" data-widget_type=\"button.default\">\n\t\t\t\t<div class=\"elementor-widget-container\">\n\t\t\t\t\t\t\t\t\t<div class=\"elementor-button-wrapper\">\n\t\t\t\t\t<a class=\"elementor-button elementor-button-link elementor-size-sm\" href=\"https:\/\/camilleon.hu\/?page_id=345\" target=\"_blank\">\n\t\t\t\t\t\t<span class=\"elementor-button-content-wrapper\">\n\t\t\t\t\t\t\t\t\t<span class=\"elementor-button-text\">R\u00e9szletek<\/span>\n\t\t\t\t\t<\/span>\n\t\t\t\t\t<\/a>\n\t\t\t\t<\/div>\n\t\t\t\t\t\t\t\t<\/div>\n\t\t\t\t<\/div>\n\t\t\t\t\t<\/div>\n\t\t<\/div>\n\t\t\t\t\t<\/div>\n\t\t<\/section>\n\t\t\t\t\t<\/div>\n\t\t<\/div>\n\t\t\t\t<div class=\"elementor-column elementor-col-25 elementor-top-column elementor-element elementor-element-23bc4f4\" data-id=\"23bc4f4\" data-element_type=\"column\">\n\t\t\t<div class=\"elementor-widget-wrap elementor-element-populated\">\n\t\t\t\t\t\t<section class=\"elementor-section elementor-inner-section elementor-element elementor-element-f382f95 elementor-section-content-middle elementor-section-boxed elementor-section-height-default elementor-section-height-default elementor-invisible\" data-id=\"f382f95\" data-element_type=\"section\" data-settings=\"{&quot;background_background&quot;:&quot;classic&quot;,&quot;animation&quot;:&quot;fadeIn&quot;,&quot;animation_delay&quot;:200}\">\n\t\t\t\t\t\t<div class=\"elementor-container elementor-column-gap-no\">\n\t\t\t\t\t<div class=\"elementor-column elementor-col-100 elementor-inner-column elementor-element elementor-element-dd9af61\" data-id=\"dd9af61\" data-element_type=\"column\">\n\t\t\t<div class=\"elementor-widget-wrap elementor-element-populated\">\n\t\t\t\t\t\t<div class=\"elementor-element elementor-element-eb281f8 elementor-widget elementor-widget-heading\" data-id=\"eb281f8\" data-element_type=\"widget\" data-widget_type=\"heading.default\">\n\t\t\t\t<div class=\"elementor-widget-container\">\n\t\t\t\t\t<h2 class=\"elementor-heading-title elementor-size-default\">Munkahelyi k\u00e9pz\u00e9sek megval\u00f3s\u00edt\u00e1sa a Camilleon Kft-n\u00e9l<\/h2>\t\t\t\t<\/div>\n\t\t\t\t<\/div>\n\t\t\t\t<div class=\"elementor-element elementor-element-0e1ca27 elementor-widget elementor-widget-text-editor\" data-id=\"0e1ca27\" data-element_type=\"widget\" data-widget_type=\"text-editor.default\">\n\t\t\t\t<div class=\"elementor-widget-container\">\n\t\t\t\t\t\t\t\t\t<p>Jelen projekt keret\u00e9ben a hum\u00e1ner\u0151forr\u00e1s fejleszt\u00e9s\u00e9hez kapcsol\u00f3d\u00f3an az al\u00e1bbi tev\u00e9kenys\u00e9gek val\u00f3sultak meg, amelyek a COVID-19 miatt kisebb-nagyobb m\u00e9rt\u00e9kben v\u00e1ltoztak az eredetileg tervezett tev\u00e9kenys\u00e9gekhez k\u00e9pest.<\/p>\t\t\t\t\t\t\t\t<\/div>\n\t\t\t\t<\/div>\n\t\t\t\t<div class=\"elementor-element elementor-element-905e94e elementor-align-center elementor-widget elementor-widget-button\" data-id=\"905e94e\" data-element_type=\"widget\" data-widget_type=\"button.default\">\n\t\t\t\t<div class=\"elementor-widget-container\">\n\t\t\t\t\t\t\t\t\t<div class=\"elementor-button-wrapper\">\n\t\t\t\t\t<a class=\"elementor-button elementor-button-link elementor-size-sm\" href=\"https:\/\/camilleon.hu\/?page_id=2494\" target=\"_blank\">\n\t\t\t\t\t\t<span class=\"elementor-button-content-wrapper\">\n\t\t\t\t\t\t\t\t\t<span class=\"elementor-button-text\">R\u00e9szletek<\/span>\n\t\t\t\t\t<\/span>\n\t\t\t\t\t<\/a>\n\t\t\t\t<\/div>\n\t\t\t\t\t\t\t\t<\/div>\n\t\t\t\t<\/div>\n\t\t\t\t<div class=\"elementor-element elementor-element-bb08f2f elementor-widget elementor-widget-spacer\" data-id=\"bb08f2f\" data-element_type=\"widget\" data-widget_type=\"spacer.default\">\n\t\t\t\t<div class=\"elementor-widget-container\">\n\t\t\t\t\t\t\t<div class=\"elementor-spacer\">\n\t\t\t<div class=\"elementor-spacer-inner\"><\/div>\n\t\t<\/div>\n\t\t\t\t\t\t<\/div>\n\t\t\t\t<\/div>\n\t\t\t\t\t<\/div>\n\t\t<\/div>\n\t\t\t\t\t<\/div>\n\t\t<\/section>\n\t\t\t\t\t<\/div>\n\t\t<\/div>\n\t\t\t\t<div class=\"elementor-column elementor-col-25 elementor-top-column elementor-element elementor-element-af6e4fd\" data-id=\"af6e4fd\" data-element_type=\"column\">\n\t\t\t<div class=\"elementor-widget-wrap elementor-element-populated\">\n\t\t\t\t\t\t<section class=\"elementor-section elementor-inner-section elementor-element elementor-element-a7cf3ae elementor-section-content-middle elementor-section-boxed elementor-section-height-default elementor-section-height-default elementor-invisible\" data-id=\"a7cf3ae\" data-element_type=\"section\" data-settings=\"{&quot;background_background&quot;:&quot;classic&quot;,&quot;animation&quot;:&quot;fadeIn&quot;,&quot;animation_delay&quot;:200}\">\n\t\t\t\t\t\t<div class=\"elementor-container elementor-column-gap-no\">\n\t\t\t\t\t<div class=\"elementor-column elementor-col-100 elementor-inner-column elementor-element elementor-element-5cd072b\" data-id=\"5cd072b\" data-element_type=\"column\">\n\t\t\t<div class=\"elementor-widget-wrap elementor-element-populated\">\n\t\t\t\t\t\t<div class=\"elementor-element elementor-element-2a5cc8e elementor-widget elementor-widget-heading\" data-id=\"2a5cc8e\" data-element_type=\"widget\" data-widget_type=\"heading.default\">\n\t\t\t\t<div class=\"elementor-widget-container\">\n\t\t\t\t\t<h2 class=\"elementor-heading-title elementor-size-default\">Munkak\u00f6r\u00fclm\u00e9nyek fejleszt\u00e9se<\/h2>\t\t\t\t<\/div>\n\t\t\t\t<\/div>\n\t\t\t\t<div class=\"elementor-element elementor-element-f1cad6b elementor-widget elementor-widget-text-editor\" data-id=\"f1cad6b\" data-element_type=\"widget\" data-widget_type=\"text-editor.default\">\n\t\t\t\t<div class=\"elementor-widget-container\">\n\t\t\t\t\t\t\t\t\t<p>A Camilleon Kft. fejleszt\u00e9si projektje a hal\u00e1szteleki telephelyen a munkav\u00e9delmi szint emel\u00e9s\u00e9t \u00e9s az eg\u00e9szs\u00e9ges munkak\u00f6rnyezet kialak\u00edt\u00e1s\u00e1t szolg\u00e1lja.\u00a0<\/p>\t\t\t\t\t\t\t\t<\/div>\n\t\t\t\t<\/div>\n\t\t\t\t<div class=\"elementor-element elementor-element-0d21fb7 elementor-align-center elementor-widget elementor-widget-button\" data-id=\"0d21fb7\" data-element_type=\"widget\" data-widget_type=\"button.default\">\n\t\t\t\t<div class=\"elementor-widget-container\">\n\t\t\t\t\t\t\t\t\t<div class=\"elementor-button-wrapper\">\n\t\t\t\t\t<a class=\"elementor-button elementor-button-link elementor-size-sm\" href=\"https:\/\/camilleon.hu\/?page_id=2671\" target=\"_blank\">\n\t\t\t\t\t\t<span class=\"elementor-button-content-wrapper\">\n\t\t\t\t\t\t\t\t\t<span class=\"elementor-button-text\">R\u00e9szletek<\/span>\n\t\t\t\t\t<\/span>\n\t\t\t\t\t<\/a>\n\t\t\t\t<\/div>\n\t\t\t\t\t\t\t\t<\/div>\n\t\t\t\t<\/div>\n\t\t\t\t<div class=\"elementor-element elementor-element-964ee8f elementor-widget elementor-widget-spacer\" data-id=\"964ee8f\" data-element_type=\"widget\" data-widget_type=\"spacer.default\">\n\t\t\t\t<div class=\"elementor-widget-container\">\n\t\t\t\t\t\t\t<div class=\"elementor-spacer\">\n\t\t\t<div class=\"elementor-spacer-inner\"><\/div>\n\t\t<\/div>\n\t\t\t\t\t\t<\/div>\n\t\t\t\t<\/div>\n\t\t\t\t\t<\/div>\n\t\t<\/div>\n\t\t\t\t\t<\/div>\n\t\t<\/section>\n\t\t\t\t\t<\/div>\n\t\t<\/div>\n\t\t\t\t\t<\/div>\n\t\t<\/section>\n\t\t\t\t<section class=\"elementor-section elementor-top-section elementor-element elementor-element-f509b34 envato-kit-141-top-0 elementor-section-full_width elementor-section-stretched elementor-section-height-default elementor-section-height-default\" data-id=\"f509b34\" data-element_type=\"section\" data-settings=\"{&quot;background_background&quot;:&quot;classic&quot;,&quot;stretch_section&quot;:&quot;section-stretched&quot;}\">\n\t\t\t\t\t\t\t<div class=\"elementor-background-overlay\"><\/div>\n\t\t\t\t\t\t\t<div class=\"elementor-container elementor-column-gap-wide\">\n\t\t\t\t\t<div class=\"elementor-column elementor-col-25 elementor-top-column elementor-element elementor-element-c413517\" data-id=\"c413517\" data-element_type=\"column\">\n\t\t\t<div class=\"elementor-widget-wrap elementor-element-populated\">\n\t\t\t\t\t\t<section class=\"elementor-section elementor-inner-section elementor-element elementor-element-4b6a12f elementor-section-content-middle elementor-section-boxed elementor-section-height-default elementor-section-height-default elementor-invisible\" data-id=\"4b6a12f\" data-element_type=\"section\" data-settings=\"{&quot;background_background&quot;:&quot;classic&quot;,&quot;animation&quot;:&quot;fadeIn&quot;,&quot;animation_delay&quot;:100}\">\n\t\t\t\t\t\t<div class=\"elementor-container elementor-column-gap-no\">\n\t\t\t\t\t<div class=\"elementor-column elementor-col-100 elementor-inner-column elementor-element elementor-element-a8bfe53\" data-id=\"a8bfe53\" data-element_type=\"column\">\n\t\t\t<div class=\"elementor-widget-wrap elementor-element-populated\">\n\t\t\t\t\t\t<div class=\"elementor-element elementor-element-d65a04e elementor-widget elementor-widget-heading\" data-id=\"d65a04e\" data-element_type=\"widget\" data-widget_type=\"heading.default\">\n\t\t\t\t<div class=\"elementor-widget-container\">\n\t\t\t\t\t<h2 class=\"elementor-heading-title elementor-size-default\">Nagym\u00e9ret\u0171 huzalszikra forg\u00e1csol\u00f3 berendez\u00e9s beszerz\u00e9se<\/h2>\t\t\t\t<\/div>\n\t\t\t\t<\/div>\n\t\t\t\t<div class=\"elementor-element elementor-element-b959d79 elementor-widget elementor-widget-text-editor\" data-id=\"b959d79\" data-element_type=\"widget\" data-widget_type=\"text-editor.default\">\n\t\t\t\t<div class=\"elementor-widget-container\">\n\t\t\t\t\t\t\t\t\t<p>A projekt keret\u00e9ben a Mitsubishi c\u00e9g MV 4800S t\u00edpus\u00fa huzalszikra-forg\u00e1csol\u00f3 berendez\u00e9s\u00e9t szerezt\u00fck be, melynek mozg\u00e1startom\u00e1nya 800x600x510 mm. A g\u00e9p m\u00e9rete \u00e9s 3000 kg-os asztalterhelhet\u0151s\u00e9ge lehet\u0151v\u00e9 teszi, hogy olyan nagym\u00e9ret\u0171 alkatr\u00e9szeket munk\u00e1ljunk meg, melyre Magyarorsz\u00e1gban alig-alig van lehet\u0151s\u00e9g.<\/p>\t\t\t\t\t\t\t\t<\/div>\n\t\t\t\t<\/div>\n\t\t\t\t\t<\/div>\n\t\t<\/div>\n\t\t\t\t\t<\/div>\n\t\t<\/section>\n\t\t\t\t<div class=\"elementor-element elementor-element-cd8c9c5 elementor-align-center elementor-widget elementor-widget-button\" data-id=\"cd8c9c5\" data-element_type=\"widget\" data-settings=\"{&quot;_animation&quot;:&quot;none&quot;}\" data-widget_type=\"button.default\">\n\t\t\t\t<div class=\"elementor-widget-container\">\n\t\t\t\t\t\t\t\t\t<div class=\"elementor-button-wrapper\">\n\t\t\t\t\t<a class=\"elementor-button elementor-button-link elementor-size-sm\" href=\"https:\/\/camilleon.hu\/?page_id=2715\" target=\"_blank\">\n\t\t\t\t\t\t<span class=\"elementor-button-content-wrapper\">\n\t\t\t\t\t\t\t\t\t<span class=\"elementor-button-text\">R\u00e9szletek<\/span>\n\t\t\t\t\t<\/span>\n\t\t\t\t\t<\/a>\n\t\t\t\t<\/div>\n\t\t\t\t\t\t\t\t<\/div>\n\t\t\t\t<\/div>\n\t\t\t\t\t<\/div>\n\t\t<\/div>\n\t\t\t\t<div class=\"elementor-column elementor-col-25 elementor-top-column elementor-element elementor-element-c750636\" data-id=\"c750636\" data-element_type=\"column\">\n\t\t\t<div class=\"elementor-widget-wrap\">\n\t\t\t\t\t\t\t<\/div>\n\t\t<\/div>\n\t\t\t\t<div class=\"elementor-column elementor-col-25 elementor-top-column elementor-element elementor-element-952b05e\" data-id=\"952b05e\" data-element_type=\"column\">\n\t\t\t<div class=\"elementor-widget-wrap\">\n\t\t\t\t\t\t\t<\/div>\n\t\t<\/div>\n\t\t\t\t<div class=\"elementor-column elementor-col-25 elementor-top-column elementor-element elementor-element-fb12d3d\" data-id=\"fb12d3d\" data-element_type=\"column\">\n\t\t\t<div class=\"elementor-widget-wrap\">\n\t\t\t\t\t\t\t<\/div>\n\t\t<\/div>\n\t\t\t\t\t<\/div>\n\t\t<\/section>\n\t\t\t\t<\/div>\n\t\t","protected":false},"excerpt":{"rendered":"<p>P\u00e1ly\u00e1zatok Camilleon Kft kapacit\u00e1sn\u00f6vel\u0151 \u00e9s technol\u00f3giai fejleszt\u0151 beruh\u00e1z\u00e1s 2016\u200b Projekt keret\u00e9ben CAMilleon Kft korszer\u0171s\u00edti a m\u0171hely vil\u00e1g\u00edt\u00e1s\u00e1t. A r\u00e9gi f\u00e9nycs\u00f6vek helyett korszer\u0171 LED-es csarnokvil\u00e1g\u00edt\u00f3k ker\u00fclnek \u00fczembe helyez\u00e9sre. Felszerel\u00e9sre ker\u00fcl egy 180kWp n\u00e9vleges teljes\u00edtm\u00e9ny\u0171 mono krist\u00e1lyos napelemes rendszer, amely az \u00fczem energiafogyaszt\u00e1s\u00e1nak mintegy negyed\u00e9t tudja biztos\u00edtani. R\u00e9szletek PM_KKVESZKOZ_2017 k\u00f3dsz\u00e1m\u00fa, \u201eMikro-, kis- \u00e9s k\u00f6z\u00e9pv\u00e1llalkoz\u00e1sok eszk\u00f6zberuh\u00e1z\u00e1sainak t\u00e1mogat\u00e1sa Pest&hellip;&nbsp;<a href=\"https:\/\/camilleon.hu\/?page_id=293\" class=\"\" rel=\"bookmark\">Read More &raquo;<span class=\"screen-reader-text\">P\u00e1ly\u00e1zatok<\/span><\/a><\/p>\n","protected":false},"author":1,"featured_media":0,"parent":0,"menu_order":0,"comment_status":"closed","ping_status":"closed","template":"page-templates\/template-pagebuilder-full-width.php","meta":{"neve_meta_sidebar":"","neve_meta_container":"","neve_meta_enable_content_width":"","neve_meta_content_width":0,"neve_meta_title_alignment":"","neve_meta_author_avatar":"","neve_post_elements_order":"","neve_meta_disable_header":"","neve_meta_disable_footer":"","neve_meta_disable_title":"","pgc_sgb_lightbox_settings":"","footnotes":""},"class_list":["post-293","page","type-page","status-publish","hentry"],"rttpg_featured_image_url":null,"rttpg_author":{"display_name":"camilleon","author_link":"https:\/\/camilleon.hu\/?author=1"},"rttpg_comment":0,"rttpg_category":" <a href=\"https:\/\/camilleon.hu\/\" rel=\"tag\">Magyar<\/a>","rttpg_excerpt":"P\u00e1ly\u00e1zatok Camilleon Kft kapacit\u00e1sn\u00f6vel\u0151 \u00e9s technol\u00f3giai fejleszt\u0151 beruh\u00e1z\u00e1s 2016\u200b Projekt keret\u00e9ben CAMilleon Kft korszer\u0171s\u00edti a m\u0171hely vil\u00e1g\u00edt\u00e1s\u00e1t. A r\u00e9gi f\u00e9nycs\u00f6vek helyett korszer\u0171 LED-es csarnokvil\u00e1g\u00edt\u00f3k ker\u00fclnek \u00fczembe helyez\u00e9sre. Felszerel\u00e9sre ker\u00fcl egy 180kWp n\u00e9vleges teljes\u00edtm\u00e9ny\u0171 mono krist\u00e1lyos napelemes rendszer, amely az \u00fczem energiafogyaszt\u00e1s\u00e1nak mintegy negyed\u00e9t tudja biztos\u00edtani. R\u00e9szletek PM_KKVESZKOZ_2017 k\u00f3dsz\u00e1m\u00fa, \u201eMikro-, kis- \u00e9s k\u00f6z\u00e9pv\u00e1llalkoz\u00e1sok eszk\u00f6zberuh\u00e1z\u00e1sainak t\u00e1mogat\u00e1sa Pest&hellip;&nbsp;Read&hellip;","_links":{"self":[{"href":"https:\/\/camilleon.hu\/index.php?rest_route=\/wp\/v2\/pages\/293","targetHints":{"allow":["GET"]}}],"collection":[{"href":"https:\/\/camilleon.hu\/index.php?rest_route=\/wp\/v2\/pages"}],"about":[{"href":"https:\/\/camilleon.hu\/index.php?rest_route=\/wp\/v2\/types\/page"}],"author":[{"embeddable":true,"href":"https:\/\/camilleon.hu\/index.php?rest_route=\/wp\/v2\/users\/1"}],"replies":[{"embeddable":true,"href":"https:\/\/camilleon.hu\/index.php?rest_route=%2Fwp%2Fv2%2Fcomments&post=293"}],"version-history":[{"count":55,"href":"https:\/\/camilleon.hu\/index.php?rest_route=\/wp\/v2\/pages\/293\/revisions"}],"predecessor-version":[{"id":2728,"href":"https:\/\/camilleon.hu\/index.php?rest_route=\/wp\/v2\/pages\/293\/revisions\/2728"}],"wp:attachment":[{"href":"https:\/\/camilleon.hu\/index.php?rest_route=%2Fwp%2Fv2%2Fmedia&parent=293"}],"curies":[{"name":"wp","href":"https:\/\/api.w.org\/{rel}","templated":true}]}}