{"id":318,"date":"2022-07-30T08:43:53","date_gmt":"2022-07-30T08:43:53","guid":{"rendered":"https:\/\/camilleon.hu\/?page_id=318"},"modified":"2022-09-27T12:55:52","modified_gmt":"2022-09-27T12:55:52","slug":"fejleszto-beruhazas","status":"publish","type":"page","link":"https:\/\/camilleon.hu\/?page_id=318","title":{"rendered":"Fejleszt\u0151 beruh\u00e1z\u00e1s"},"content":{"rendered":"\t\t<div data-elementor-type=\"wp-page\" data-elementor-id=\"318\" class=\"elementor elementor-318\">\n\t\t\t\t\t\t<header class=\"elementor-section elementor-top-section elementor-element elementor-element-21589e9 elementor-section-content-middle animated-slow elementor-section-full_width elementor-section-stretched elementor-section-height-default elementor-section-height-default elementor-invisible\" data-id=\"21589e9\" data-element_type=\"section\" data-settings=\"{&quot;background_background&quot;:&quot;classic&quot;,&quot;shape_divider_bottom&quot;:&quot;arrow&quot;,&quot;shape_divider_bottom_negative&quot;:&quot;yes&quot;,&quot;animation&quot;:&quot;fadeIn&quot;,&quot;stretch_section&quot;:&quot;section-stretched&quot;}\">\n\t\t\t\t\t\t\t<div class=\"elementor-background-overlay\"><\/div>\n\t\t\t\t\t\t<div class=\"elementor-shape elementor-shape-bottom\" aria-hidden=\"true\" data-negative=\"true\">\n\t\t\t<svg xmlns=\"http:\/\/www.w3.org\/2000\/svg\" viewBox=\"0 0 700 10\" preserveAspectRatio=\"none\">\n\t<path class=\"elementor-shape-fill\" d=\"M360 0L350 9.9 340 0 0 0 0 10 700 10 700 0\"\/>\n<\/svg>\t\t<\/div>\n\t\t\t\t\t<div class=\"elementor-container elementor-column-gap-default\">\n\t\t\t\t\t<div class=\"elementor-column elementor-col-100 elementor-top-column elementor-element elementor-element-d423e3f\" data-id=\"d423e3f\" data-element_type=\"column\">\n\t\t\t<div class=\"elementor-widget-wrap elementor-element-populated\">\n\t\t\t\t\t\t<div class=\"elementor-element elementor-element-1ae3e7e elementor-widget elementor-widget-heading\" data-id=\"1ae3e7e\" data-element_type=\"widget\" data-widget_type=\"heading.default\">\n\t\t\t\t<div class=\"elementor-widget-container\">\n\t\t\t\t\t<h2 class=\"elementor-heading-title elementor-size-default\">P\u00e1ly\u00e1zatok<\/h2>\t\t\t\t<\/div>\n\t\t\t\t<\/div>\n\t\t\t\t\t<\/div>\n\t\t<\/div>\n\t\t\t\t\t<\/div>\n\t\t<\/header>\n\t\t\t\t<section class=\"elementor-section elementor-top-section elementor-element elementor-element-44b8e70 elementor-section-full_width elementor-section-stretched elementor-section-height-default elementor-section-height-default\" data-id=\"44b8e70\" data-element_type=\"section\" data-settings=\"{&quot;stretch_section&quot;:&quot;section-stretched&quot;}\">\n\t\t\t\t\t\t<div class=\"elementor-container elementor-column-gap-default\">\n\t\t\t\t\t<div class=\"elementor-column elementor-col-100 elementor-top-column elementor-element elementor-element-66d446e\" data-id=\"66d446e\" data-element_type=\"column\">\n\t\t\t<div class=\"elementor-widget-wrap elementor-element-populated\">\n\t\t\t\t\t\t<div class=\"elementor-element elementor-element-a0d3660 elementor-widget elementor-widget-heading\" data-id=\"a0d3660\" data-element_type=\"widget\" data-widget_type=\"heading.default\">\n\t\t\t\t<div class=\"elementor-widget-container\">\n\t\t\t\t\t<h3 class=\"elementor-heading-title elementor-size-default\">Camilleon Kft. kapacit\u00e1sn\u00f6vel\u0151 \u00e9s technol\u00f3giai fejleszt\u0151 beruh\u00e1z\u00e1s 2016\n<\/h3>\t\t\t\t<\/div>\n\t\t\t\t<\/div>\n\t\t\t\t\t<\/div>\n\t\t<\/div>\n\t\t\t\t\t<\/div>\n\t\t<\/section>\n\t\t\t\t<section class=\"elementor-section elementor-top-section elementor-element elementor-element-e7bf80c elementor-section-full_width elementor-section-stretched elementor-section-height-default elementor-section-height-default\" data-id=\"e7bf80c\" data-element_type=\"section\" data-settings=\"{&quot;stretch_section&quot;:&quot;section-stretched&quot;}\">\n\t\t\t\t\t\t<div class=\"elementor-container elementor-column-gap-default\">\n\t\t\t\t\t<div class=\"elementor-column elementor-col-50 elementor-top-column elementor-element elementor-element-b8c6ca6\" data-id=\"b8c6ca6\" data-element_type=\"column\">\n\t\t\t<div class=\"elementor-widget-wrap elementor-element-populated\">\n\t\t\t\t\t\t<div class=\"elementor-element elementor-element-1f30593 elementor-widget__width-initial elementor-widget elementor-widget-heading\" data-id=\"1f30593\" data-element_type=\"widget\" data-widget_type=\"heading.default\">\n\t\t\t\t<div class=\"elementor-widget-container\">\n\t\t\t\t\t<h3 class=\"elementor-heading-title elementor-size-default\">PROJEKT R\u00d6VID BEMUTAT\u00c1SA:<\/h3>\t\t\t\t<\/div>\n\t\t\t\t<\/div>\n\t\t\t\t<div class=\"elementor-element elementor-element-add3d41 elementor-widget elementor-widget-spacer\" data-id=\"add3d41\" data-element_type=\"widget\" data-widget_type=\"spacer.default\">\n\t\t\t\t<div class=\"elementor-widget-container\">\n\t\t\t\t\t\t\t<div class=\"elementor-spacer\">\n\t\t\t<div class=\"elementor-spacer-inner\"><\/div>\n\t\t<\/div>\n\t\t\t\t\t\t<\/div>\n\t\t\t\t<\/div>\n\t\t\t\t<div class=\"elementor-element elementor-element-4f72487 elementor-widget elementor-widget-text-editor\" data-id=\"4f72487\" data-element_type=\"widget\" data-widget_type=\"text-editor.default\">\n\t\t\t\t<div class=\"elementor-widget-container\">\n\t\t\t\t\t\t\t\t\t<p><span style=\"font-weight: 400;\">Projekt keret\u00e9ben CAMilleon Kft. korszer\u0171s\u00edti a m\u0171hely vil\u00e1g\u00edt\u00e1s\u00e1t. A r\u00e9gi f\u00e9nycs\u00f6vek helyett korszer\u0171 LED-<\/span><span style=\"font-weight: 400;\">es csarnokvil\u00e1g\u00edt\u00f3k ker\u00fclnek \u00fczembe helyez\u00e9sr. Felszerel\u00e9sre ker\u00fcl egy 180kWp n\u00e9vleges teljes\u00edtm\u00e9ny\u0171 mono krist\u00e1lyos napelemes rendszer, amely az \u00fczem energiafogyaszt\u00e1s\u00e1nak mintegy negyed\u00e9t tudja biztos\u00edtani. Alum\u00ednium alkatr\u00e9szek sorozatgy\u00e1rt\u00e1s\u00e1ra optimaliz\u00e1lt palettav\u00e1lt\u00f3s CNC megmunk\u00e1l\u00f3k\u00f6zpont ker\u00fcl beszerz\u00e9sre, amely t\u00edpust\u00f3l f\u00fcgg\u0151en \u00e9vi 100-200,000 alkatr\u00e9sz megmunk\u00e1l\u00e1st teszi lehet\u0151v\u00e9. Ez a g\u00e9p a k\u00e9s\u0151bbiekben alkalmas robottal t\u00f6rt\u00e9n\u0151 kiszolg\u00e1l\u00e1sra is, ami a termel\u00e9kenys\u00e9get tov\u00e1bb n\u00f6velheti.<\/span><\/p>\t\t\t\t\t\t\t\t<\/div>\n\t\t\t\t<\/div>\n\t\t\t\t\t<\/div>\n\t\t<\/div>\n\t\t\t\t<div class=\"elementor-column elementor-col-50 elementor-top-column elementor-element elementor-element-9ac19b8\" data-id=\"9ac19b8\" data-element_type=\"column\">\n\t\t\t<div class=\"elementor-widget-wrap elementor-element-populated\">\n\t\t\t\t\t\t<div class=\"elementor-element elementor-element-aba9363 elementor-widget elementor-widget-image\" data-id=\"aba9363\" data-element_type=\"widget\" data-widget_type=\"image.default\">\n\t\t\t\t<div class=\"elementor-widget-container\">\n\t\t\t\t\t\t\t\t\t\t\t\t\t\t\t<img fetchpriority=\"high\" decoding=\"async\" width=\"500\" height=\"353\" src=\"https:\/\/camilleon.hu\/wp-content\/uploads\/2022\/07\/szechenyi_logo.png\" class=\"attachment-large size-large wp-image-320\" alt=\"\" srcset=\"https:\/\/camilleon.hu\/wp-content\/uploads\/2022\/07\/szechenyi_logo.png 500w, https:\/\/camilleon.hu\/wp-content\/uploads\/2022\/07\/szechenyi_logo-300x212.png 300w\" sizes=\"(max-width: 500px) 100vw, 500px\" \/>\t\t\t\t\t\t\t\t\t\t\t\t\t\t\t<\/div>\n\t\t\t\t<\/div>\n\t\t\t\t\t<\/div>\n\t\t<\/div>\n\t\t\t\t\t<\/div>\n\t\t<\/section>\n\t\t\t\t<section class=\"elementor-section elementor-top-section elementor-element elementor-element-94503d3 elementor-section-full_width elementor-section-stretched elementor-section-height-default elementor-section-height-default\" data-id=\"94503d3\" data-element_type=\"section\" data-settings=\"{&quot;stretch_section&quot;:&quot;section-stretched&quot;}\">\n\t\t\t\t\t\t<div class=\"elementor-container elementor-column-gap-default\">\n\t\t\t\t\t<div class=\"elementor-column elementor-col-25 elementor-top-column elementor-element elementor-element-2a18ba4\" data-id=\"2a18ba4\" data-element_type=\"column\">\n\t\t\t<div class=\"elementor-widget-wrap elementor-element-populated\">\n\t\t\t\t\t\t<div class=\"elementor-element elementor-element-1a6e9ec elementor-widget__width-initial elementor-widget elementor-widget-heading\" data-id=\"1a6e9ec\" data-element_type=\"widget\" data-widget_type=\"heading.default\">\n\t\t\t\t<div class=\"elementor-widget-container\">\n\t\t\t\t\t<h3 class=\"elementor-heading-title elementor-size-default\">PROJEKT AZONOS\u00cdT\u00d3 SZ\u00c1MA:<\/h3>\t\t\t\t<\/div>\n\t\t\t\t<\/div>\n\t\t\t\t<div class=\"elementor-element elementor-element-8e4b46b elementor-widget elementor-widget-text-editor\" data-id=\"8e4b46b\" data-element_type=\"widget\" data-widget_type=\"text-editor.default\">\n\t\t\t\t<div class=\"elementor-widget-container\">\n\t\t\t\t\t\t\t\t\t<p><span style=\"font-weight: 400;\">VEKOP-1.2.6-20-2020-00164<\/span><\/p>\t\t\t\t\t\t\t\t<\/div>\n\t\t\t\t<\/div>\n\t\t\t\t\t<\/div>\n\t\t<\/div>\n\t\t\t\t<div class=\"elementor-column elementor-col-25 elementor-top-column elementor-element elementor-element-98df44d\" data-id=\"98df44d\" data-element_type=\"column\">\n\t\t\t<div class=\"elementor-widget-wrap elementor-element-populated\">\n\t\t\t\t\t\t<div class=\"elementor-element elementor-element-7fab24d elementor-widget__width-initial elementor-widget elementor-widget-heading\" data-id=\"7fab24d\" data-element_type=\"widget\" data-widget_type=\"heading.default\">\n\t\t\t\t<div class=\"elementor-widget-container\">\n\t\t\t\t\t<h3 class=\"elementor-heading-title elementor-size-default\">A PROJEKT T\u00c9NYLEGES FIZIKAI BEFEJEZ\u00c9SE:<\/h3>\t\t\t\t<\/div>\n\t\t\t\t<\/div>\n\t\t\t\t<div class=\"elementor-element elementor-element-b2ec044 elementor-widget elementor-widget-text-editor\" data-id=\"b2ec044\" data-element_type=\"widget\" data-widget_type=\"text-editor.default\">\n\t\t\t\t<div class=\"elementor-widget-container\">\n\t\t\t\t\t\t\t\t\t<p><span style=\"font-weight: 400;\">2021.12.31.<\/span><\/p>\t\t\t\t\t\t\t\t<\/div>\n\t\t\t\t<\/div>\n\t\t\t\t\t<\/div>\n\t\t<\/div>\n\t\t\t\t<div class=\"elementor-column elementor-col-25 elementor-top-column elementor-element elementor-element-7b4d22b\" data-id=\"7b4d22b\" data-element_type=\"column\">\n\t\t\t<div class=\"elementor-widget-wrap elementor-element-populated\">\n\t\t\t\t\t\t<div class=\"elementor-element elementor-element-fde729b elementor-widget__width-initial elementor-widget elementor-widget-heading\" data-id=\"fde729b\" data-element_type=\"widget\" data-widget_type=\"heading.default\">\n\t\t\t\t<div class=\"elementor-widget-container\">\n\t\t\t\t\t<h3 class=\"elementor-heading-title elementor-size-default\">T\u00c1MOGAT\u00c1S INTEZNIT\u00c1SA:<\/h3>\t\t\t\t<\/div>\n\t\t\t\t<\/div>\n\t\t\t\t<div class=\"elementor-element elementor-element-e2a77fe elementor-widget elementor-widget-text-editor\" data-id=\"e2a77fe\" data-element_type=\"widget\" data-widget_type=\"text-editor.default\">\n\t\t\t\t<div class=\"elementor-widget-container\">\n\t\t\t\t\t\t\t\t\t<p><span style=\"font-weight: 400;\">70%<\/span><\/p>\t\t\t\t\t\t\t\t<\/div>\n\t\t\t\t<\/div>\n\t\t\t\t\t<\/div>\n\t\t<\/div>\n\t\t\t\t<div class=\"elementor-column elementor-col-25 elementor-top-column elementor-element elementor-element-b49d438\" data-id=\"b49d438\" data-element_type=\"column\">\n\t\t\t<div class=\"elementor-widget-wrap elementor-element-populated\">\n\t\t\t\t\t\t<div class=\"elementor-element elementor-element-4fc1087 elementor-widget__width-initial elementor-widget elementor-widget-heading\" data-id=\"4fc1087\" data-element_type=\"widget\" data-widget_type=\"heading.default\">\n\t\t\t\t<div class=\"elementor-widget-container\">\n\t\t\t\t\t<h3 class=\"elementor-heading-title elementor-size-default\">SZERZ\u0150D\u00d6TT T\u00c1MOGAT\u00c1S \u00d6SSZEGE:\n<\/h3>\t\t\t\t<\/div>\n\t\t\t\t<\/div>\n\t\t\t\t<div class=\"elementor-element elementor-element-fbb262f elementor-widget elementor-widget-text-editor\" data-id=\"fbb262f\" data-element_type=\"widget\" data-widget_type=\"text-editor.default\">\n\t\t\t\t<div class=\"elementor-widget-container\">\n\t\t\t\t\t\t\t\t\t<p><span style=\"font-weight: 400;\">54 998 998<\/span><\/p>\t\t\t\t\t\t\t\t<\/div>\n\t\t\t\t<\/div>\n\t\t\t\t\t<\/div>\n\t\t<\/div>\n\t\t\t\t\t<\/div>\n\t\t<\/section>\n\t\t\t\t<\/div>\n\t\t","protected":false},"excerpt":{"rendered":"<p>P\u00e1ly\u00e1zatok Camilleon Kft. kapacit\u00e1sn\u00f6vel\u0151 \u00e9s technol\u00f3giai fejleszt\u0151 beruh\u00e1z\u00e1s 2016 PROJEKT R\u00d6VID BEMUTAT\u00c1SA: Projekt keret\u00e9ben CAMilleon Kft. korszer\u0171s\u00edti a m\u0171hely vil\u00e1g\u00edt\u00e1s\u00e1t. A r\u00e9gi f\u00e9nycs\u00f6vek helyett korszer\u0171 LED-es csarnokvil\u00e1g\u00edt\u00f3k ker\u00fclnek \u00fczembe helyez\u00e9sr. Felszerel\u00e9sre ker\u00fcl egy 180kWp n\u00e9vleges teljes\u00edtm\u00e9ny\u0171 mono krist\u00e1lyos napelemes rendszer, amely az \u00fczem energiafogyaszt\u00e1s\u00e1nak mintegy negyed\u00e9t tudja biztos\u00edtani. Alum\u00ednium alkatr\u00e9szek sorozatgy\u00e1rt\u00e1s\u00e1ra optimaliz\u00e1lt palettav\u00e1lt\u00f3s CNC megmunk\u00e1l\u00f3k\u00f6zpont&hellip;&nbsp;<a href=\"https:\/\/camilleon.hu\/?page_id=318\" class=\"\" rel=\"bookmark\">Read More &raquo;<span class=\"screen-reader-text\">Fejleszt\u0151 beruh\u00e1z\u00e1s<\/span><\/a><\/p>\n","protected":false},"author":1,"featured_media":0,"parent":0,"menu_order":0,"comment_status":"closed","ping_status":"closed","template":"page-templates\/template-pagebuilder-full-width.php","meta":{"neve_meta_sidebar":"","neve_meta_container":"","neve_meta_enable_content_width":"","neve_meta_content_width":0,"neve_meta_title_alignment":"","neve_meta_author_avatar":"","neve_post_elements_order":"","neve_meta_disable_header":"","neve_meta_disable_footer":"","neve_meta_disable_title":"","pgc_sgb_lightbox_settings":"","footnotes":""},"class_list":["post-318","page","type-page","status-publish","hentry"],"rttpg_featured_image_url":null,"rttpg_author":{"display_name":"camilleon","author_link":"https:\/\/camilleon.hu\/?author=1"},"rttpg_comment":0,"rttpg_category":" <a href=\"https:\/\/camilleon.hu\/\" rel=\"tag\">Magyar<\/a>","rttpg_excerpt":"P\u00e1ly\u00e1zatok Camilleon Kft. kapacit\u00e1sn\u00f6vel\u0151 \u00e9s technol\u00f3giai fejleszt\u0151 beruh\u00e1z\u00e1s 2016 PROJEKT R\u00d6VID BEMUTAT\u00c1SA: Projekt keret\u00e9ben CAMilleon Kft. korszer\u0171s\u00edti a m\u0171hely vil\u00e1g\u00edt\u00e1s\u00e1t. A r\u00e9gi f\u00e9nycs\u00f6vek helyett korszer\u0171 LED-es csarnokvil\u00e1g\u00edt\u00f3k ker\u00fclnek \u00fczembe helyez\u00e9sr. Felszerel\u00e9sre ker\u00fcl egy 180kWp n\u00e9vleges teljes\u00edtm\u00e9ny\u0171 mono krist\u00e1lyos napelemes rendszer, amely az \u00fczem energiafogyaszt\u00e1s\u00e1nak mintegy negyed\u00e9t tudja biztos\u00edtani. Alum\u00ednium alkatr\u00e9szek sorozatgy\u00e1rt\u00e1s\u00e1ra optimaliz\u00e1lt palettav\u00e1lt\u00f3s CNC megmunk\u00e1l\u00f3k\u00f6zpont&hellip;&nbsp;Read&hellip;","_links":{"self":[{"href":"https:\/\/camilleon.hu\/index.php?rest_route=\/wp\/v2\/pages\/318","targetHints":{"allow":["GET"]}}],"collection":[{"href":"https:\/\/camilleon.hu\/index.php?rest_route=\/wp\/v2\/pages"}],"about":[{"href":"https:\/\/camilleon.hu\/index.php?rest_route=\/wp\/v2\/types\/page"}],"author":[{"embeddable":true,"href":"https:\/\/camilleon.hu\/index.php?rest_route=\/wp\/v2\/users\/1"}],"replies":[{"embeddable":true,"href":"https:\/\/camilleon.hu\/index.php?rest_route=%2Fwp%2Fv2%2Fcomments&post=318"}],"version-history":[{"count":34,"href":"https:\/\/camilleon.hu\/index.php?rest_route=\/wp\/v2\/pages\/318\/revisions"}],"predecessor-version":[{"id":1916,"href":"https:\/\/camilleon.hu\/index.php?rest_route=\/wp\/v2\/pages\/318\/revisions\/1916"}],"wp:attachment":[{"href":"https:\/\/camilleon.hu\/index.php?rest_route=%2Fwp%2Fv2%2Fmedia&parent=318"}],"curies":[{"name":"wp","href":"https:\/\/api.w.org\/{rel}","templated":true}]}}