{"id":518,"date":"2022-07-31T09:16:01","date_gmt":"2022-07-31T09:16:01","guid":{"rendered":"https:\/\/camilleon.hu\/?page_id=518"},"modified":"2022-09-28T15:15:30","modified_gmt":"2022-09-28T15:15:30","slug":"hirek","status":"publish","type":"page","link":"https:\/\/camilleon.hu\/?page_id=518","title":{"rendered":"H\u00edrek"},"content":{"rendered":"\t\t<div data-elementor-type=\"wp-page\" data-elementor-id=\"518\" class=\"elementor elementor-518\">\n\t\t\t\t\t\t<section class=\"elementor-section elementor-top-section elementor-element elementor-element-f19a572 elementor-section-full_width elementor-section-stretched elementor-section-height-default elementor-section-height-default\" data-id=\"f19a572\" data-element_type=\"section\" data-settings=\"{&quot;stretch_section&quot;:&quot;section-stretched&quot;}\">\n\t\t\t\t\t\t<div class=\"elementor-container elementor-column-gap-default\">\n\t\t\t\t\t<div class=\"elementor-column elementor-col-100 elementor-top-column elementor-element elementor-element-17faebf\" data-id=\"17faebf\" data-element_type=\"column\">\n\t\t\t<div class=\"elementor-widget-wrap elementor-element-populated\">\n\t\t\t\t\t\t<div class=\"elementor-element elementor-element-0ac81db elementor-widget elementor-widget-spacer\" data-id=\"0ac81db\" data-element_type=\"widget\" data-widget_type=\"spacer.default\">\n\t\t\t\t<div class=\"elementor-widget-container\">\n\t\t\t\t\t\t\t<div class=\"elementor-spacer\">\n\t\t\t<div class=\"elementor-spacer-inner\"><\/div>\n\t\t<\/div>\n\t\t\t\t\t\t<\/div>\n\t\t\t\t<\/div>\n\t\t\t\t<div class=\"elementor-element elementor-element-ffc3e89 elementor-widget elementor-widget-heading\" data-id=\"ffc3e89\" data-element_type=\"widget\" data-widget_type=\"heading.default\">\n\t\t\t\t<div class=\"elementor-widget-container\">\n\t\t\t\t\t<h2 class=\"elementor-heading-title elementor-size-default\">H\u00edrek<\/h2>\t\t\t\t<\/div>\n\t\t\t\t<\/div>\n\t\t\t\t<div class=\"elementor-element elementor-element-39f1dbb elementor-widget-divider--view-line elementor-widget elementor-widget-divider\" data-id=\"39f1dbb\" data-element_type=\"widget\" data-widget_type=\"divider.default\">\n\t\t\t\t<div class=\"elementor-widget-container\">\n\t\t\t\t\t\t\t<div class=\"elementor-divider\">\n\t\t\t<span class=\"elementor-divider-separator\">\n\t\t\t\t\t\t<\/span>\n\t\t<\/div>\n\t\t\t\t\t\t<\/div>\n\t\t\t\t<\/div>\n\t\t\t\t\t<\/div>\n\t\t<\/div>\n\t\t\t\t\t<\/div>\n\t\t<\/section>\n\t\t\t\t<section class=\"elementor-section elementor-top-section elementor-element elementor-element-78193e0 elementor-section-full_width elementor-section-height-default elementor-section-height-default\" data-id=\"78193e0\" data-element_type=\"section\">\n\t\t\t\t\t\t<div class=\"elementor-container elementor-column-gap-default\">\n\t\t\t\t\t<div class=\"elementor-column elementor-col-100 elementor-top-column elementor-element elementor-element-a1846b3\" data-id=\"a1846b3\" data-element_type=\"column\">\n\t\t\t<div class=\"elementor-widget-wrap\">\n\t\t\t\t\t\t\t<\/div>\n\t\t<\/div>\n\t\t\t\t\t<\/div>\n\t\t<\/section>\n\t\t\t\t<section class=\"elementor-section elementor-top-section elementor-element elementor-element-f7320b5 elementor-section-full_width elementor-section-stretched elementor-section-height-default elementor-section-height-default\" data-id=\"f7320b5\" data-element_type=\"section\" data-settings=\"{&quot;stretch_section&quot;:&quot;section-stretched&quot;}\">\n\t\t\t\t\t\t<div class=\"elementor-container elementor-column-gap-default\">\n\t\t\t\t\t<div class=\"elementor-column elementor-col-100 elementor-top-column elementor-element elementor-element-43aebdc\" data-id=\"43aebdc\" data-element_type=\"column\">\n\t\t\t<div class=\"elementor-widget-wrap elementor-element-populated\">\n\t\t\t\t\t\t<div class=\"elementor-element elementor-element-d9c7bc5 premium-blog-align-left elementor-widget elementor-widget-premium-addon-blog\" data-id=\"d9c7bc5\" data-element_type=\"widget\" data-settings=\"{&quot;premium_blog_columns_number&quot;:&quot;25%&quot;,&quot;premium_blog_grid&quot;:&quot;yes&quot;,&quot;premium_blog_layout&quot;:&quot;even&quot;,&quot;premium_blog_columns_number_tablet&quot;:&quot;50%&quot;,&quot;premium_blog_columns_number_mobile&quot;:&quot;100%&quot;}\" data-widget_type=\"premium-addon-blog.default\">\n\t\t\t\t<div class=\"elementor-widget-container\">\n\t\t\t\t\t\r\n\t\t\t\t<div class=\"premium-blog-wrap  premium-blog-even\" data-page=\"518\">\r\n\t\t\t\t\t<div class=\"premium-blog-post-outer-container\" data-total=\"2\">\r\n\t\t\t<div class=\"premium-blog-post-container premium-blog-skin-classic\">\r\n\t\t\t\t\t\t\t\t\t<div class=\"premium-blog-thumb-effect-wrapper\">\r\n\t\t\t\t\t\t<div class=\"premium-blog-thumbnail-container premium-blog-zoomin-effect\">\r\n\t\t\t\t\t\t\t<img fetchpriority=\"high\" decoding=\"async\" width=\"2560\" height=\"2560\" src=\"https:\/\/camilleon.hu\/wp-content\/uploads\/2022\/07\/IMG_20220608_121327-scaled.jpg\" class=\"attachment-full size-full wp-image-447\" alt=\"\" srcset=\"https:\/\/camilleon.hu\/wp-content\/uploads\/2022\/07\/IMG_20220608_121327-scaled.jpg 2560w, https:\/\/camilleon.hu\/wp-content\/uploads\/2022\/07\/IMG_20220608_121327-300x300.jpg 300w, https:\/\/camilleon.hu\/wp-content\/uploads\/2022\/07\/IMG_20220608_121327-1024x1024.jpg 1024w, https:\/\/camilleon.hu\/wp-content\/uploads\/2022\/07\/IMG_20220608_121327-150x150.jpg 150w, https:\/\/camilleon.hu\/wp-content\/uploads\/2022\/07\/IMG_20220608_121327-768x768.jpg 768w, https:\/\/camilleon.hu\/wp-content\/uploads\/2022\/07\/IMG_20220608_121327-1536x1536.jpg 1536w, https:\/\/camilleon.hu\/wp-content\/uploads\/2022\/07\/IMG_20220608_121327-2048x2048.jpg 2048w\" sizes=\"(max-width: 2560px) 100vw, 2560px\" \/>\t\t\t\t\t\t<\/div>\r\n\t\t\t\t\t\t\t\t\t\t\t\t\t<div class=\"premium-blog-thumbnail-overlay\">\r\n\t\t\t\t\t\t\t\t<a class=\"elementor-icon\" href=\"https:\/\/camilleon.hu\/?p=1954\" target=\"_blank\"><\/a>\r\n\t\t\t\t\t\t\t<\/div>\r\n\r\n\t\t\t\t\t\t\t\t\t\t\t\t\t\t\t\t\t\t<\/div>\r\n\t\t\t\t\t\t\t\t\t\t\t\t<div class=\"premium-blog-content-wrapper \">\r\n\r\n\t\t\t\t\t<div class=\"premium-blog-inner-container\">\r\n\r\n\t\t\t\t\t\t\t\t\t\t\t\t\t\t<h2 class=\"premium-blog-entry-title\">\r\n\t\t\t<a href=\"https:\/\/camilleon.hu\/?p=1954\" target=\"_blank\">\r\n\t\t\t\tGy\u00fcm\u00f6lcsnap\t\t\t<\/a>\r\n\t\t<\/h2>\r\n\t\t\t\t<div class=\"premium-blog-entry-meta\">\r\n\t\t\t\r\n\t\t\t\r\n\t\t\t\r\n\t\t\t\t\t<\/div>\r\n\t\t\r\n\t\t\t\t\t<\/div>\r\n\r\n\t\t\t\t\t\t\t<div class=\"premium-blog-content-inner-wrapper\">\r\n\t\t<p class=\"premium-blog-post-content\">A CAMilleon eg\u00e9szs\u00e9gtudatos munkahely, minden dolgoz\u00f3nknak \u00fajrahasznos\u00edthat\u00f3 h\u00e1l\u00f3s tasakban friss gy\u00fcm\u00f6lccsel kedveskedt\u00fcnk.<\/p>\t\t<\/div>\r\n\t\t\t\t\t\t\t\r\n\t\t\t\t<\/div>\r\n\t\t\t<\/div>\r\n\t\t<\/div>\r\n\r\n\t\t\t\t<div class=\"premium-blog-post-outer-container\" data-total=\"2\">\r\n\t\t\t<div class=\"premium-blog-post-container premium-blog-skin-classic\">\r\n\t\t\t\t\t\t\t\t\t<div class=\"premium-blog-thumb-effect-wrapper\">\r\n\t\t\t\t\t\t<div class=\"premium-blog-thumbnail-container premium-blog-zoomin-effect\">\r\n\t\t\t\t\t\t\t<img decoding=\"async\" width=\"1080\" height=\"1080\" src=\"https:\/\/camilleon.hu\/wp-content\/uploads\/2022\/07\/hirek5.png\" class=\"attachment-full size-full wp-image-578\" alt=\"\" srcset=\"https:\/\/camilleon.hu\/wp-content\/uploads\/2022\/07\/hirek5.png 1080w, https:\/\/camilleon.hu\/wp-content\/uploads\/2022\/07\/hirek5-300x300.png 300w, https:\/\/camilleon.hu\/wp-content\/uploads\/2022\/07\/hirek5-1024x1024.png 1024w, https:\/\/camilleon.hu\/wp-content\/uploads\/2022\/07\/hirek5-150x150.png 150w, https:\/\/camilleon.hu\/wp-content\/uploads\/2022\/07\/hirek5-768x768.png 768w\" sizes=\"(max-width: 1080px) 100vw, 1080px\" \/>\t\t\t\t\t\t<\/div>\r\n\t\t\t\t\t\t\t\t\t\t\t\t\t<div class=\"premium-blog-thumbnail-overlay\">\r\n\t\t\t\t\t\t\t\t<a class=\"elementor-icon\" href=\"https:\/\/camilleon.hu\/?p=1968\" target=\"_blank\"><\/a>\r\n\t\t\t\t\t\t\t<\/div>\r\n\r\n\t\t\t\t\t\t\t\t\t\t\t\t\t\t\t\t\t\t<\/div>\r\n\t\t\t\t\t\t\t\t\t\t\t\t<div class=\"premium-blog-content-wrapper \">\r\n\r\n\t\t\t\t\t<div class=\"premium-blog-inner-container\">\r\n\r\n\t\t\t\t\t\t\t\t\t\t\t\t\t\t<h2 class=\"premium-blog-entry-title\">\r\n\t\t\t<a href=\"https:\/\/camilleon.hu\/?p=1968\" target=\"_blank\">\r\n\t\t\t\tEls\u0151 \u00f6nt\u0151cell\u00e1nk\t\t\t<\/a>\r\n\t\t<\/h2>\r\n\t\t\t\t<div class=\"premium-blog-entry-meta\">\r\n\t\t\t\r\n\t\t\t\r\n\t\t\t\r\n\t\t\t\t\t<\/div>\r\n\t\t\r\n\t\t\t\t\t<\/div>\r\n\r\n\t\t\t\t\t\t\t<div class=\"premium-blog-content-inner-wrapper\">\r\n\t\t<p class=\"premium-blog-post-content\">Profilb\u0151v\u00edt\u00e9s\u00fcnk els\u0151 fontos \u00e1llom\u00e1sa: els\u0151 melegkamr\u00e1s horgany\u00f6nt\u0151g\u00e9p\u00fcnk a hozz\u00e1 tartoz\u00f3 lev\u00e1g\u00f3pr\u00e9ssel \u00e9s kiszed\u0151robottal elindult!<\/p>\t\t<\/div>\r\n\t\t\t\t\t\t\t\r\n\t\t\t\t<\/div>\r\n\t\t\t<\/div>\r\n\t\t<\/div>\r\n\r\n\t\t\t\t<div class=\"premium-blog-post-outer-container\" data-total=\"2\">\r\n\t\t\t<div class=\"premium-blog-post-container premium-blog-skin-classic\">\r\n\t\t\t\t\t\t\t\t\t<div class=\"premium-blog-thumb-effect-wrapper\">\r\n\t\t\t\t\t\t<div class=\"premium-blog-thumbnail-container premium-blog-zoomin-effect\">\r\n\t\t\t\t\t\t\t<img decoding=\"async\" width=\"1080\" height=\"1080\" src=\"https:\/\/camilleon.hu\/wp-content\/uploads\/2022\/07\/hirek6.png\" class=\"attachment-full size-full wp-image-577\" alt=\"\" srcset=\"https:\/\/camilleon.hu\/wp-content\/uploads\/2022\/07\/hirek6.png 1080w, https:\/\/camilleon.hu\/wp-content\/uploads\/2022\/07\/hirek6-300x300.png 300w, https:\/\/camilleon.hu\/wp-content\/uploads\/2022\/07\/hirek6-1024x1024.png 1024w, https:\/\/camilleon.hu\/wp-content\/uploads\/2022\/07\/hirek6-150x150.png 150w, https:\/\/camilleon.hu\/wp-content\/uploads\/2022\/07\/hirek6-768x768.png 768w\" sizes=\"(max-width: 1080px) 100vw, 1080px\" \/>\t\t\t\t\t\t<\/div>\r\n\t\t\t\t\t\t\t\t\t\t\t\t\t<div class=\"premium-blog-thumbnail-overlay\">\r\n\t\t\t\t\t\t\t\t<a class=\"elementor-icon\" href=\"https:\/\/camilleon.hu\/?p=2002\" target=\"_blank\"><\/a>\r\n\t\t\t\t\t\t\t<\/div>\r\n\r\n\t\t\t\t\t\t\t\t\t\t\t\t\t\t\t\t\t\t<\/div>\r\n\t\t\t\t\t\t\t\t\t\t\t\t<div class=\"premium-blog-content-wrapper \">\r\n\r\n\t\t\t\t\t<div class=\"premium-blog-inner-container\">\r\n\r\n\t\t\t\t\t\t\t\t\t\t\t\t\t\t<h2 class=\"premium-blog-entry-title\">\r\n\t\t\t<a href=\"https:\/\/camilleon.hu\/?p=2002\" target=\"_blank\">\r\n\t\t\t\t\u00c9ves energetikai jelent\u00e9s\u200b\t\t\t<\/a>\r\n\t\t<\/h2>\r\n\t\t\t\t<div class=\"premium-blog-entry-meta\">\r\n\t\t\t\r\n\t\t\t\r\n\t\t\t\r\n\t\t\t\t\t<\/div>\r\n\t\t\r\n\t\t\t\t\t<\/div>\r\n\r\n\t\t\t\t\t\t\t<div class=\"premium-blog-content-inner-wrapper\">\r\n\t\t<p class=\"premium-blog-post-content\">A Camilleon Kft.  Energetikai szakreferensi jelent\u00e9s\u00e9t ide kattintva \u00e9rheti el.<\/p>\t\t<\/div>\r\n\t\t\t\t\t\t\t\r\n\t\t\t\t<\/div>\r\n\t\t\t<\/div>\r\n\t\t<\/div>\r\n\r\n\t\t\t\t<div class=\"premium-blog-post-outer-container\" data-total=\"2\">\r\n\t\t\t<div class=\"premium-blog-post-container premium-blog-skin-classic\">\r\n\t\t\t\t\t\t\t\t\t<div class=\"premium-blog-thumb-effect-wrapper\">\r\n\t\t\t\t\t\t<div class=\"premium-blog-thumbnail-container premium-blog-zoomin-effect\">\r\n\t\t\t\t\t\t\t<img loading=\"lazy\" decoding=\"async\" width=\"1080\" height=\"1080\" src=\"https:\/\/camilleon.hu\/wp-content\/uploads\/2022\/07\/hirek4.png\" class=\"attachment-full size-full wp-image-576\" alt=\"\" srcset=\"https:\/\/camilleon.hu\/wp-content\/uploads\/2022\/07\/hirek4.png 1080w, https:\/\/camilleon.hu\/wp-content\/uploads\/2022\/07\/hirek4-300x300.png 300w, https:\/\/camilleon.hu\/wp-content\/uploads\/2022\/07\/hirek4-1024x1024.png 1024w, https:\/\/camilleon.hu\/wp-content\/uploads\/2022\/07\/hirek4-150x150.png 150w, https:\/\/camilleon.hu\/wp-content\/uploads\/2022\/07\/hirek4-768x768.png 768w\" sizes=\"(max-width: 1080px) 100vw, 1080px\" \/>\t\t\t\t\t\t<\/div>\r\n\t\t\t\t\t\t\t\t\t\t\t\t\t<div class=\"premium-blog-thumbnail-overlay\">\r\n\t\t\t\t\t\t\t\t<a class=\"elementor-icon\" href=\"https:\/\/camilleon.hu\/?p=2011\" target=\"_blank\"><\/a>\r\n\t\t\t\t\t\t\t<\/div>\r\n\r\n\t\t\t\t\t\t\t\t\t\t\t\t\t\t\t\t\t\t<\/div>\r\n\t\t\t\t\t\t\t\t\t\t\t\t<div class=\"premium-blog-content-wrapper \">\r\n\r\n\t\t\t\t\t<div class=\"premium-blog-inner-container\">\r\n\r\n\t\t\t\t\t\t\t\t\t\t\t\t\t\t<h2 class=\"premium-blog-entry-title\">\r\n\t\t\t<a href=\"https:\/\/camilleon.hu\/?p=2011\" target=\"_blank\">\r\n\t\t\t\t\u00daj kih\u00edv\u00e1sok el\u0151tt \u00e1llunk\t\t\t<\/a>\r\n\t\t<\/h2>\r\n\t\t\t\t<div class=\"premium-blog-entry-meta\">\r\n\t\t\t\r\n\t\t\t\r\n\t\t\t\r\n\t\t\t\t\t<\/div>\r\n\t\t\r\n\t\t\t\t\t<\/div>\r\n\r\n\t\t\t\t\t\t\t<div class=\"premium-blog-content-inner-wrapper\">\r\n\t\t<p class=\"premium-blog-post-content\">Menedzsment\u00fcnk \u00fczleti \u00fatj\u00e1n \u00faj lehet\u0151s\u00e9geket \u00e9s kih\u00edv\u00e1sokat t\u00e9rk\u00e9pezett fel.  \u00daj utakat keres\u00fcnk, megteremtj\u00fck a stabilit\u00e1s \u00e9s t\u00f6bb l\u00e1bon \u00e1ll\u00e1s felt\u00e9teleit.<\/p>\t\t<\/div>\r\n\t\t\t\t\t\t\t\r\n\t\t\t\t<\/div>\r\n\t\t\t<\/div>\r\n\t\t<\/div>\r\n\r\n\t\t\t\t<div class=\"premium-blog-post-outer-container\" data-total=\"2\">\r\n\t\t\t<div class=\"premium-blog-post-container premium-blog-skin-classic\">\r\n\t\t\t\t\t\t\t\t\t<div class=\"premium-blog-thumb-effect-wrapper\">\r\n\t\t\t\t\t\t<div class=\"premium-blog-thumbnail-container premium-blog-zoomin-effect\">\r\n\t\t\t\t\t\t\t<img decoding=\"async\" width=\"1080\" height=\"1080\" src=\"https:\/\/camilleon.hu\/wp-content\/uploads\/2022\/07\/hirek5.png\" class=\"attachment-full size-full wp-image-578\" alt=\"\" srcset=\"https:\/\/camilleon.hu\/wp-content\/uploads\/2022\/07\/hirek5.png 1080w, https:\/\/camilleon.hu\/wp-content\/uploads\/2022\/07\/hirek5-300x300.png 300w, https:\/\/camilleon.hu\/wp-content\/uploads\/2022\/07\/hirek5-1024x1024.png 1024w, https:\/\/camilleon.hu\/wp-content\/uploads\/2022\/07\/hirek5-150x150.png 150w, https:\/\/camilleon.hu\/wp-content\/uploads\/2022\/07\/hirek5-768x768.png 768w\" sizes=\"(max-width: 1080px) 100vw, 1080px\" \/>\t\t\t\t\t\t<\/div>\r\n\t\t\t\t\t\t\t\t\t\t\t\t\t<div class=\"premium-blog-thumbnail-overlay\">\r\n\t\t\t\t\t\t\t\t<a class=\"elementor-icon\" href=\"https:\/\/camilleon.hu\/?p=2206&#038;lang=en\" target=\"_blank\"><\/a>\r\n\t\t\t\t\t\t\t<\/div>\r\n\r\n\t\t\t\t\t\t\t\t\t\t\t\t\t\t\t\t\t\t<\/div>\r\n\t\t\t\t\t\t\t\t\t\t\t\t<div class=\"premium-blog-content-wrapper \">\r\n\r\n\t\t\t\t\t<div class=\"premium-blog-inner-container\">\r\n\r\n\t\t\t\t\t\t\t\t\t\t\t\t\t\t<h2 class=\"premium-blog-entry-title\">\r\n\t\t\t<a href=\"https:\/\/camilleon.hu\/?p=2206&#038;lang=en\" target=\"_blank\">\r\n\t\t\t\tOur first casting cell\t\t\t<\/a>\r\n\t\t<\/h2>\r\n\t\t\t\t<div class=\"premium-blog-entry-meta\">\r\n\t\t\t\r\n\t\t\t\r\n\t\t\t\r\n\t\t\t\t\t<\/div>\r\n\t\t\r\n\t\t\t\t\t<\/div>\r\n\r\n\t\t\t\t\t\t\t<div class=\"premium-blog-content-inner-wrapper\">\r\n\t\t<p class=\"premium-blog-post-content\">Our first casting cell The first step of our process diversification: our first hot chamber die casting machine with cutting press and \u2026<\/p>\t\t<\/div>\r\n\t\t\t\t\t\t\t\r\n\t\t\t\t<\/div>\r\n\t\t\t<\/div>\r\n\t\t<\/div>\r\n\r\n\t\t\t\t<div class=\"premium-blog-post-outer-container\" data-total=\"2\">\r\n\t\t\t<div class=\"premium-blog-post-container premium-blog-skin-classic\">\r\n\t\t\t\t\t\t\t\t\t<div class=\"premium-blog-thumb-effect-wrapper\">\r\n\t\t\t\t\t\t<div class=\"premium-blog-thumbnail-container premium-blog-zoomin-effect\">\r\n\t\t\t\t\t\t\t<img decoding=\"async\" width=\"1080\" height=\"1080\" src=\"https:\/\/camilleon.hu\/wp-content\/uploads\/2022\/07\/hirek6.png\" class=\"attachment-full size-full wp-image-577\" alt=\"\" srcset=\"https:\/\/camilleon.hu\/wp-content\/uploads\/2022\/07\/hirek6.png 1080w, https:\/\/camilleon.hu\/wp-content\/uploads\/2022\/07\/hirek6-300x300.png 300w, https:\/\/camilleon.hu\/wp-content\/uploads\/2022\/07\/hirek6-1024x1024.png 1024w, https:\/\/camilleon.hu\/wp-content\/uploads\/2022\/07\/hirek6-150x150.png 150w, https:\/\/camilleon.hu\/wp-content\/uploads\/2022\/07\/hirek6-768x768.png 768w\" sizes=\"(max-width: 1080px) 100vw, 1080px\" \/>\t\t\t\t\t\t<\/div>\r\n\t\t\t\t\t\t\t\t\t\t\t\t\t<div class=\"premium-blog-thumbnail-overlay\">\r\n\t\t\t\t\t\t\t\t<a class=\"elementor-icon\" href=\"https:\/\/camilleon.hu\/?p=2211&#038;lang=en\" target=\"_blank\"><\/a>\r\n\t\t\t\t\t\t\t<\/div>\r\n\r\n\t\t\t\t\t\t\t\t\t\t\t\t\t\t\t\t\t\t<\/div>\r\n\t\t\t\t\t\t\t\t\t\t\t\t<div class=\"premium-blog-content-wrapper \">\r\n\r\n\t\t\t\t\t<div class=\"premium-blog-inner-container\">\r\n\r\n\t\t\t\t\t\t\t\t\t\t\t\t\t\t<h2 class=\"premium-blog-entry-title\">\r\n\t\t\t<a href=\"https:\/\/camilleon.hu\/?p=2211&#038;lang=en\" target=\"_blank\">\r\n\t\t\t\tYearly energetics report\t\t\t<\/a>\r\n\t\t<\/h2>\r\n\t\t\t\t<div class=\"premium-blog-entry-meta\">\r\n\t\t\t\r\n\t\t\t\r\n\t\t\t\r\n\t\t\t\t\t<\/div>\r\n\t\t\r\n\t\t\t\t\t<\/div>\r\n\r\n\t\t\t\t\t\t\t<div class=\"premium-blog-content-inner-wrapper\">\r\n\t\t<p class=\"premium-blog-post-content\">Yearly energetics report You can view the energetics report of Camilleon Ldt. Here.<\/p>\t\t<\/div>\r\n\t\t\t\t\t\t\t\r\n\t\t\t\t<\/div>\r\n\t\t\t<\/div>\r\n\t\t<\/div>\r\n\r\n\t\t\t\t<\/div>\r\n\r\n\t\t\t\t\t\t<\/div>\n\t\t\t\t<\/div>\n\t\t\t\t\t<\/div>\n\t\t<\/div>\n\t\t\t\t\t<\/div>\n\t\t<\/section>\n\t\t\t\t<\/div>\n\t\t","protected":false},"excerpt":{"rendered":"<p>H\u00edrek Gy\u00fcm\u00f6lcsnap A CAMilleon eg\u00e9szs\u00e9gtudatos munkahely, minden dolgoz\u00f3nknak \u00fajrahasznos\u00edthat\u00f3 h\u00e1l\u00f3s tasakban friss gy\u00fcm\u00f6lccsel kedveskedt\u00fcnk. \u00c9ves energetikai jelent\u00e9s A Camilleon Kft. Energetikai szakreferensi jelent\u00e9s\u00e9t ide kattintva \u00e9rheti el. Els\u0151 \u00f6nt\u0151cell\u00e1nk Profilb\u0151v\u00edt\u00e9s\u00fcnk els\u0151 fontos \u00e1llom\u00e1sa: els\u0151 melegkamr\u00e1s horgany\u00f6nt\u0151g\u00e9p\u00fcnk a hozz\u00e1 tartoz\u00f3 lev\u00e1g\u00f3pr\u00e9ssel \u00e9s kiszed\u0151robottal elindult! \u00daj kih\u00edv\u00e1sok el\u0151tt \u00e1llunk Menedzsment\u00fcnk \u00fczleti \u00fatj\u00e1n \u00faj lehet\u0151s\u00e9geket \u00e9s kih\u00edv\u00e1sokat t\u00e9rk\u00e9pezett&hellip;&nbsp;<a href=\"https:\/\/camilleon.hu\/?p=2211&#038;lang=en\" class=\"\" rel=\"bookmark\">Read More &raquo;<span class=\"screen-reader-text\">Yearly energetics report<\/span><\/a><\/p>\n","protected":false},"author":1,"featured_media":0,"parent":0,"menu_order":0,"comment_status":"closed","ping_status":"closed","template":"page-templates\/template-pagebuilder-full-width.php","meta":{"neve_meta_sidebar":"","neve_meta_container":"","neve_meta_enable_content_width":"","neve_meta_content_width":0,"neve_meta_title_alignment":"","neve_meta_author_avatar":"","neve_post_elements_order":"","neve_meta_disable_header":"","neve_meta_disable_footer":"","neve_meta_disable_title":"","pgc_sgb_lightbox_settings":"","footnotes":""},"class_list":["post-518","page","type-page","status-publish","hentry"],"rttpg_featured_image_url":null,"rttpg_author":{"display_name":"camilleon","author_link":"https:\/\/camilleon.hu\/?author=1"},"rttpg_comment":0,"rttpg_category":"","rttpg_excerpt":"H\u00edrek Gy\u00fcm\u00f6lcsnap A CAMilleon eg\u00e9szs\u00e9gtudatos munkahely, minden dolgoz\u00f3nknak \u00fajrahasznos\u00edthat\u00f3 h\u00e1l\u00f3s tasakban friss gy\u00fcm\u00f6lccsel kedveskedt\u00fcnk. \u00c9ves energetikai jelent\u00e9s A Camilleon Kft. Energetikai szakreferensi jelent\u00e9s\u00e9t ide kattintva \u00e9rheti el. Els\u0151 \u00f6nt\u0151cell\u00e1nk Profilb\u0151v\u00edt\u00e9s\u00fcnk els\u0151 fontos \u00e1llom\u00e1sa: els\u0151 melegkamr\u00e1s horgany\u00f6nt\u0151g\u00e9p\u00fcnk a hozz\u00e1 tartoz\u00f3 lev\u00e1g\u00f3pr\u00e9ssel \u00e9s kiszed\u0151robottal elindult! \u00daj kih\u00edv\u00e1sok el\u0151tt \u00e1llunk Menedzsment\u00fcnk \u00fczleti \u00fatj\u00e1n \u00faj lehet\u0151s\u00e9geket \u00e9s kih\u00edv\u00e1sokat t\u00e9rk\u00e9pezett&hellip;&nbsp;Read&hellip;","_links":{"self":[{"href":"https:\/\/camilleon.hu\/index.php?rest_route=\/wp\/v2\/pages\/518","targetHints":{"allow":["GET"]}}],"collection":[{"href":"https:\/\/camilleon.hu\/index.php?rest_route=\/wp\/v2\/pages"}],"about":[{"href":"https:\/\/camilleon.hu\/index.php?rest_route=\/wp\/v2\/types\/page"}],"author":[{"embeddable":true,"href":"https:\/\/camilleon.hu\/index.php?rest_route=\/wp\/v2\/users\/1"}],"replies":[{"embeddable":true,"href":"https:\/\/camilleon.hu\/index.php?rest_route=%2Fwp%2Fv2%2Fcomments&post=518"}],"version-history":[{"count":37,"href":"https:\/\/camilleon.hu\/index.php?rest_route=\/wp\/v2\/pages\/518\/revisions"}],"predecessor-version":[{"id":1982,"href":"https:\/\/camilleon.hu\/index.php?rest_route=\/wp\/v2\/pages\/518\/revisions\/1982"}],"wp:attachment":[{"href":"https:\/\/camilleon.hu\/index.php?rest_route=%2Fwp%2Fv2%2Fmedia&parent=518"}],"curies":[{"name":"wp","href":"https:\/\/api.w.org\/{rel}","templated":true}]}}